{"id":6412,"date":"2025-12-18T08:15:26","date_gmt":"2025-12-18T08:15:26","guid":{"rendered":"https:\/\/wyborznatury.pl\/product\/ser-szopski-owczy-typu-feta-200g-rosa\/"},"modified":"2026-04-30T16:30:35","modified_gmt":"2026-04-30T16:30:35","slug":"ser-szopski-owczy-typu-feta-200g-rosa","status":"publish","type":"product","link":"https:\/\/wyborznatury.pl\/sr\/produkt\/ser-szopski-owczy-typu-feta-200g-rosa\/","title":{"rendered":"Ser Szopski owczy typu feta 200g Rosa"},"content":{"rendered":"<h1>Ser Bu\u0142garski Szopski owczy<\/h1>\n<p>Ser o lekko pikantnym s\u0142onym smaku, idealny do sa\u0142atek.<\/p>\n<p>Sk\u0142ad: pasteryzowane mleko owcze, s\u00f3l, kultury bakterii mlekowych, substancja wi\u0105\u017c\u0105ca- chlorek wapnia, podpuszczka mikrobiologiczna.<\/p>\n<p><b>Wyprodukowano i zapakowano w Bu\u0142garii.<\/b><\/p>\n<p><b>200g po ods\u0105czeniu<\/b><\/p>\n<p>W okresie&nbsp;<b>letnim<\/b>&nbsp;kiedy temperatury s\u0105 wysokie do kartonu do\u0142o\u017cymy&nbsp;<b>zamro\u017cone wk\u0142ady \u017celowe.<\/b><\/p>\n","protected":false},"excerpt":{"rendered":"<p>Ser Bu\u0142garski Szopski owczy Ser o lekko pikantnym s\u0142onym smaku, idealny do sa\u0142atek. Sk\u0142ad: pasteryzowane mleko owcze, s\u00f3l, kultury bakterii mlekowych, substancja wi\u0105\u017c\u0105ca- chlorek wapnia, podpuszczka mikrobiologiczna. Wyprodukowano i zapakowano w Bu\u0142garii. 200g po ods\u0105czeniu W okresie&nbsp;letnim&nbsp;kiedy temperatury s\u0105 wysokie do kartonu do\u0142o\u017cymy&nbsp;zamro\u017cone wk\u0142ady \u017celowe.<\/p>\n","protected":false},"featured_media":6553,"comment_status":"closed","ping_status":"closed","template":"","meta":{"_acf_changed":false},"product_brand":[],"product_cat":[82],"product_tag":[],"class_list":{"0":"post-6412","1":"product","2":"type-product","3":"status-publish","4":"has-post-thumbnail","6":"product_cat-produkty-balkanskie","8":"first","9":"instock","10":"shipping-taxable","11":"purchasable","12":"product-type-simple"},"acf":[],"yoast_head":"<!-- This site is optimized with the Yoast SEO plugin v26.4 - https:\/\/yoast.com\/wordpress\/plugins\/seo\/ -->\n<title>Ser Szopski owczy typu feta 200g Rosa - Wyborznatury<\/title>\n<meta name=\"robots\" content=\"index, follow, max-snippet:-1, max-image-preview:large, max-video-preview:-1\" \/>\n<link rel=\"canonical\" href=\"https:\/\/wyborznatury.pl\/produkt\/ser-szopski-owczy-typu-feta-200g-rosa\/\" \/>\n<meta property=\"og:locale\" content=\"sr_RS\" \/>\n<meta property=\"og:type\" content=\"article\" \/>\n<meta property=\"og:title\" content=\"Ser Szopski owczy typu feta 200g Rosa - Wyborznatury\" \/>\n<meta property=\"og:description\" content=\"Ser Bu\u0142garski Szopski owczy Ser o lekko pikantnym s\u0142onym smaku, idealny do sa\u0142atek. Sk\u0142ad: pasteryzowane mleko owcze, s\u00f3l, kultury bakterii mlekowych, substancja wi\u0105\u017c\u0105ca- chlorek wapnia, podpuszczka mikrobiologiczna. Wyprodukowano i zapakowano w Bu\u0142garii. 200g po ods\u0105czeniu W okresie&nbsp;letnim&nbsp;kiedy temperatury s\u0105 wysokie do kartonu do\u0142o\u017cymy&nbsp;zamro\u017cone wk\u0142ady \u017celowe.\" \/>\n<meta property=\"og:url\" content=\"https:\/\/wyborznatury.pl\/produkt\/ser-szopski-owczy-typu-feta-200g-rosa\/\" \/>\n<meta property=\"og:site_name\" content=\"Wyborznatury\" \/>\n<meta property=\"article:modified_time\" content=\"2026-04-30T16:30:35+00:00\" \/>\n<meta property=\"og:image\" content=\"https:\/\/wyborznatury.pl\/wp-content\/uploads\/2025\/12\/da651b324f7193f0d97afaecb772.webp\" \/>\n\t<meta property=\"og:image:width\" content=\"1052\" \/>\n\t<meta property=\"og:image:height\" content=\"920\" \/>\n\t<meta property=\"og:image:type\" content=\"image\/jpeg\" \/>\n<meta name=\"twitter:card\" content=\"summary_large_image\" \/>\n<script type=\"application\/ld+json\" class=\"yoast-schema-graph\">{\"@context\":\"https:\/\/schema.org\",\"@graph\":[{\"@type\":\"WebPage\",\"@id\":\"https:\/\/wyborznatury.pl\/produkt\/ser-szopski-owczy-typu-feta-200g-rosa\/\",\"url\":\"https:\/\/wyborznatury.pl\/produkt\/ser-szopski-owczy-typu-feta-200g-rosa\/\",\"name\":\"Ser Szopski owczy typu feta 200g Rosa - Wyborznatury\",\"isPartOf\":{\"@id\":\"https:\/\/wyborznatury.pl\/#website\"},\"primaryImageOfPage\":{\"@id\":\"https:\/\/wyborznatury.pl\/produkt\/ser-szopski-owczy-typu-feta-200g-rosa\/#primaryimage\"},\"image\":{\"@id\":\"https:\/\/wyborznatury.pl\/produkt\/ser-szopski-owczy-typu-feta-200g-rosa\/#primaryimage\"},\"thumbnailUrl\":\"https:\/\/wyborznatury.pl\/wp-content\/uploads\/2025\/12\/da651b324f7193f0d97afaecb772.webp\",\"datePublished\":\"2025-12-18T08:15:26+00:00\",\"dateModified\":\"2026-04-30T16:30:35+00:00\",\"breadcrumb\":{\"@id\":\"https:\/\/wyborznatury.pl\/produkt\/ser-szopski-owczy-typu-feta-200g-rosa\/#breadcrumb\"},\"inLanguage\":\"sr-RS\",\"potentialAction\":[{\"@type\":\"ReadAction\",\"target\":[\"https:\/\/wyborznatury.pl\/produkt\/ser-szopski-owczy-typu-feta-200g-rosa\/\"]}]},{\"@type\":\"ImageObject\",\"inLanguage\":\"sr-RS\",\"@id\":\"https:\/\/wyborznatury.pl\/produkt\/ser-szopski-owczy-typu-feta-200g-rosa\/#primaryimage\",\"url\":\"https:\/\/wyborznatury.pl\/wp-content\/uploads\/2025\/12\/da651b324f7193f0d97afaecb772.webp\",\"contentUrl\":\"https:\/\/wyborznatury.pl\/wp-content\/uploads\/2025\/12\/da651b324f7193f0d97afaecb772.webp\",\"width\":1052,\"height\":920},{\"@type\":\"BreadcrumbList\",\"@id\":\"https:\/\/wyborznatury.pl\/produkt\/ser-szopski-owczy-typu-feta-200g-rosa\/#breadcrumb\",\"itemListElement\":[{\"@type\":\"ListItem\",\"position\":1,\"name\":\"Home\",\"item\":\"https:\/\/wyborznatury.pl\/\"},{\"@type\":\"ListItem\",\"position\":2,\"name\":\"Sklep\",\"item\":\"https:\/\/wyborznatury.pl\/shop-2\/\"},{\"@type\":\"ListItem\",\"position\":3,\"name\":\"Ser Szopski owczy typu feta 200g Rosa\"}]},{\"@type\":\"WebSite\",\"@id\":\"https:\/\/wyborznatury.pl\/#website\",\"url\":\"https:\/\/wyborznatury.pl\/\",\"name\":\"Wyborznatury\",\"description\":\"Oficjalna prezentacja internetowa\",\"potentialAction\":[{\"@type\":\"SearchAction\",\"target\":{\"@type\":\"EntryPoint\",\"urlTemplate\":\"https:\/\/wyborznatury.pl\/?s={search_term_string}\"},\"query-input\":{\"@type\":\"PropertyValueSpecification\",\"valueRequired\":true,\"valueName\":\"search_term_string\"}}],\"inLanguage\":\"sr-RS\"}]}<\/script>\n<!-- \/ Yoast SEO plugin. -->","yoast_head_json":{"title":"Ser Szopski owczy typu feta 200g Rosa - Wyborznatury","robots":{"index":"index","follow":"follow","max-snippet":"max-snippet:-1","max-image-preview":"max-image-preview:large","max-video-preview":"max-video-preview:-1"},"canonical":"https:\/\/wyborznatury.pl\/produkt\/ser-szopski-owczy-typu-feta-200g-rosa\/","og_locale":"sr_RS","og_type":"article","og_title":"Ser Szopski owczy typu feta 200g Rosa - Wyborznatury","og_description":"Ser Bu\u0142garski Szopski owczy Ser o lekko pikantnym s\u0142onym smaku, idealny do sa\u0142atek. Sk\u0142ad: pasteryzowane mleko owcze, s\u00f3l, kultury bakterii mlekowych, substancja wi\u0105\u017c\u0105ca- chlorek wapnia, podpuszczka mikrobiologiczna. Wyprodukowano i zapakowano w Bu\u0142garii. 200g po ods\u0105czeniu W okresie&nbsp;letnim&nbsp;kiedy temperatury s\u0105 wysokie do kartonu do\u0142o\u017cymy&nbsp;zamro\u017cone wk\u0142ady \u017celowe.","og_url":"https:\/\/wyborznatury.pl\/produkt\/ser-szopski-owczy-typu-feta-200g-rosa\/","og_site_name":"Wyborznatury","article_modified_time":"2026-04-30T16:30:35+00:00","og_image":[{"width":1052,"height":920,"url":"https:\/\/wyborznatury.pl\/wp-content\/uploads\/2025\/12\/da651b324f7193f0d97afaecb772.webp","type":"image\/jpeg"}],"twitter_card":"summary_large_image","schema":{"@context":"https:\/\/schema.org","@graph":[{"@type":"WebPage","@id":"https:\/\/wyborznatury.pl\/produkt\/ser-szopski-owczy-typu-feta-200g-rosa\/","url":"https:\/\/wyborznatury.pl\/produkt\/ser-szopski-owczy-typu-feta-200g-rosa\/","name":"Ser Szopski owczy typu feta 200g Rosa - Wyborznatury","isPartOf":{"@id":"https:\/\/wyborznatury.pl\/#website"},"primaryImageOfPage":{"@id":"https:\/\/wyborznatury.pl\/produkt\/ser-szopski-owczy-typu-feta-200g-rosa\/#primaryimage"},"image":{"@id":"https:\/\/wyborznatury.pl\/produkt\/ser-szopski-owczy-typu-feta-200g-rosa\/#primaryimage"},"thumbnailUrl":"https:\/\/wyborznatury.pl\/wp-content\/uploads\/2025\/12\/da651b324f7193f0d97afaecb772.webp","datePublished":"2025-12-18T08:15:26+00:00","dateModified":"2026-04-30T16:30:35+00:00","breadcrumb":{"@id":"https:\/\/wyborznatury.pl\/produkt\/ser-szopski-owczy-typu-feta-200g-rosa\/#breadcrumb"},"inLanguage":"sr-RS","potentialAction":[{"@type":"ReadAction","target":["https:\/\/wyborznatury.pl\/produkt\/ser-szopski-owczy-typu-feta-200g-rosa\/"]}]},{"@type":"ImageObject","inLanguage":"sr-RS","@id":"https:\/\/wyborznatury.pl\/produkt\/ser-szopski-owczy-typu-feta-200g-rosa\/#primaryimage","url":"https:\/\/wyborznatury.pl\/wp-content\/uploads\/2025\/12\/da651b324f7193f0d97afaecb772.webp","contentUrl":"https:\/\/wyborznatury.pl\/wp-content\/uploads\/2025\/12\/da651b324f7193f0d97afaecb772.webp","width":1052,"height":920},{"@type":"BreadcrumbList","@id":"https:\/\/wyborznatury.pl\/produkt\/ser-szopski-owczy-typu-feta-200g-rosa\/#breadcrumb","itemListElement":[{"@type":"ListItem","position":1,"name":"Home","item":"https:\/\/wyborznatury.pl\/"},{"@type":"ListItem","position":2,"name":"Sklep","item":"https:\/\/wyborznatury.pl\/shop-2\/"},{"@type":"ListItem","position":3,"name":"Ser Szopski owczy typu feta 200g Rosa"}]},{"@type":"WebSite","@id":"https:\/\/wyborznatury.pl\/#website","url":"https:\/\/wyborznatury.pl\/","name":"Wyborznatury","description":"Oficjalna prezentacja internetowa","potentialAction":[{"@type":"SearchAction","target":{"@type":"EntryPoint","urlTemplate":"https:\/\/wyborznatury.pl\/?s={search_term_string}"},"query-input":{"@type":"PropertyValueSpecification","valueRequired":true,"valueName":"search_term_string"}}],"inLanguage":"sr-RS"}]}},"_links":{"self":[{"href":"https:\/\/wyborznatury.pl\/sr\/wp-json\/wp\/v2\/product\/6412","targetHints":{"allow":["GET"]}}],"collection":[{"href":"https:\/\/wyborznatury.pl\/sr\/wp-json\/wp\/v2\/product"}],"about":[{"href":"https:\/\/wyborznatury.pl\/sr\/wp-json\/wp\/v2\/types\/product"}],"replies":[{"embeddable":true,"href":"https:\/\/wyborznatury.pl\/sr\/wp-json\/wp\/v2\/comments?post=6412"}],"wp:featuredmedia":[{"embeddable":true,"href":"https:\/\/wyborznatury.pl\/sr\/wp-json\/wp\/v2\/media\/6553"}],"wp:attachment":[{"href":"https:\/\/wyborznatury.pl\/sr\/wp-json\/wp\/v2\/media?parent=6412"}],"wp:term":[{"taxonomy":"product_brand","embeddable":true,"href":"https:\/\/wyborznatury.pl\/sr\/wp-json\/wp\/v2\/product_brand?post=6412"},{"taxonomy":"product_cat","embeddable":true,"href":"https:\/\/wyborznatury.pl\/sr\/wp-json\/wp\/v2\/product_cat?post=6412"},{"taxonomy":"product_tag","embeddable":true,"href":"https:\/\/wyborznatury.pl\/sr\/wp-json\/wp\/v2\/product_tag?post=6412"}],"curies":[{"name":"wp","href":"https:\/\/api.w.org\/{rel}","templated":true}]}}