{"id":4612,"date":"2024-11-14T12:27:01","date_gmt":"2024-11-14T12:27:01","guid":{"rendered":"https:\/\/wyborznatury.pl\/?post_type=product&#038;p=4612"},"modified":"2026-05-12T16:11:23","modified_gmt":"2026-05-12T16:11:23","slug":"stark-prima-paluszki-nadziewane-orzechem-ziemnym-230g","status":"publish","type":"product","link":"https:\/\/wyborznatury.pl\/sr\/produkt\/stark-prima-paluszki-nadziewane-orzechem-ziemnym-230g\/","title":{"rendered":"\u0160tark Prima paluszki nadziewane orzechem ziemnym 230g"},"content":{"rendered":"<p>Chrupi\u0105ce paluszki Stark nadziewane kremem orzechowym to wyj\u0105tkowa przek\u0105ska, kt\u00f3ra \u0142\u0105czy w sobie delikatno\u015b\u0107 ma\u015blanego ciasta i wyrazisty smak orzech\u00f3w ziemnych. Ka\u017cdy paluszek skrywa g\u0142adkie nadzienie, kt\u00f3re zaspokaja apetyt na co\u015b s\u0142odko-s\u0142onego i zapewnia przyjemne doznania smakowe. Idealne do chrupania w pracy, w szkole czy w drodze, s\u0105 wygodnym i syc\u0105cym snackiem, kt\u00f3ry mo\u017cna zabra\u0107 ze sob\u0105 wsz\u0119dzie.<\/p>\n<p><b>Cechy produktu:<\/b><\/p>\n<ul>\n<li>Chrupi\u0105ca struktura z kremowym nadzieniem orzechowym<\/li>\n<li>Wygodna forma idealna na szybk\u0105 przek\u0105sk\u0119<\/li>\n<li>Waga: 230g<\/li>\n<\/ul>\n<p>Si\u0119gnij po paluszki Stark i rozkoszuj si\u0119 bogatym smakiem orzech\u00f3w ziemnych w ka\u017cdej chrupi\u0105cej porcji!<\/p>\n","protected":false},"excerpt":{"rendered":"<p>Chrupi\u0105ce paluszki Stark nadziewane kremem orzechowym to wyj\u0105tkowa przek\u0105ska, kt\u00f3ra \u0142\u0105czy w sobie delikatno\u015b\u0107 ma\u015blanego ciasta i wyrazisty smak orzech\u00f3w ziemnych. Ka\u017cdy paluszek skrywa g\u0142adkie nadzienie, kt\u00f3re zaspokaja apetyt na co\u015b s\u0142odko-s\u0142onego i zapewnia przyjemne doznania smakowe. Idealne do chrupania w pracy, w szkole czy w drodze, s\u0105 wygodnym i syc\u0105cym snackiem, kt\u00f3ry mo\u017cna zabra\u0107&#8230;<\/p>\n","protected":false},"featured_media":4613,"comment_status":"open","ping_status":"closed","template":"","meta":{"_acf_changed":false},"product_brand":[],"product_cat":[82],"product_tag":[],"class_list":{"0":"post-4612","1":"product","2":"type-product","3":"status-publish","4":"has-post-thumbnail","6":"product_cat-produkty-balkanskie","8":"first","9":"instock","10":"shipping-taxable","11":"purchasable","12":"product-type-simple"},"acf":[],"yoast_head":"<!-- This site is optimized with the Yoast SEO plugin v26.4 - https:\/\/yoast.com\/wordpress\/plugins\/seo\/ -->\n<title>\u0160tark Prima paluszki nadziewane orzechem ziemnym 230g - Wyborznatury<\/title>\n<meta name=\"robots\" content=\"index, follow, max-snippet:-1, max-image-preview:large, max-video-preview:-1\" \/>\n<link rel=\"canonical\" href=\"https:\/\/wyborznatury.pl\/produkt\/stark-prima-paluszki-nadziewane-orzechem-ziemnym-230g\/\" \/>\n<meta property=\"og:locale\" content=\"sr_RS\" \/>\n<meta property=\"og:type\" content=\"article\" \/>\n<meta property=\"og:title\" content=\"\u0160tark Prima paluszki nadziewane orzechem ziemnym 230g - Wyborznatury\" \/>\n<meta property=\"og:description\" content=\"Chrupi\u0105ce paluszki Stark nadziewane kremem orzechowym to wyj\u0105tkowa przek\u0105ska, kt\u00f3ra \u0142\u0105czy w sobie delikatno\u015b\u0107 ma\u015blanego ciasta i wyrazisty smak orzech\u00f3w ziemnych. Ka\u017cdy paluszek skrywa g\u0142adkie nadzienie, kt\u00f3re zaspokaja apetyt na co\u015b s\u0142odko-s\u0142onego i zapewnia przyjemne doznania smakowe. Idealne do chrupania w pracy, w szkole czy w drodze, s\u0105 wygodnym i syc\u0105cym snackiem, kt\u00f3ry mo\u017cna zabra\u0107...\" \/>\n<meta property=\"og:url\" content=\"https:\/\/wyborznatury.pl\/produkt\/stark-prima-paluszki-nadziewane-orzechem-ziemnym-230g\/\" \/>\n<meta property=\"og:site_name\" content=\"Wyborznatury\" \/>\n<meta property=\"article:modified_time\" content=\"2026-05-12T16:11:23+00:00\" \/>\n<meta property=\"og:image\" content=\"https:\/\/wyborznatury.pl\/wp-content\/uploads\/2024\/11\/stark-prima.jpg\" \/>\n\t<meta property=\"og:image:width\" content=\"430\" \/>\n\t<meta property=\"og:image:height\" content=\"600\" \/>\n\t<meta property=\"og:image:type\" content=\"image\/jpeg\" \/>\n<meta name=\"twitter:card\" content=\"summary_large_image\" \/>\n<meta name=\"twitter:label1\" content=\"\u041f\u0440\u043e\u0446\u0435\u045a\u0435\u043d\u043e \u0432\u0440\u0435\u043c\u0435 \u0447\u0438\u0442\u0430\u045a\u0430\" \/>\n\t<meta name=\"twitter:data1\" content=\"1 \u043c\u0438\u043d\u0443\u0442\" \/>\n<script type=\"application\/ld+json\" class=\"yoast-schema-graph\">{\"@context\":\"https:\/\/schema.org\",\"@graph\":[{\"@type\":\"WebPage\",\"@id\":\"https:\/\/wyborznatury.pl\/produkt\/stark-prima-paluszki-nadziewane-orzechem-ziemnym-230g\/\",\"url\":\"https:\/\/wyborznatury.pl\/produkt\/stark-prima-paluszki-nadziewane-orzechem-ziemnym-230g\/\",\"name\":\"\u0160tark Prima paluszki nadziewane orzechem ziemnym 230g - Wyborznatury\",\"isPartOf\":{\"@id\":\"https:\/\/wyborznatury.pl\/#website\"},\"primaryImageOfPage\":{\"@id\":\"https:\/\/wyborznatury.pl\/produkt\/stark-prima-paluszki-nadziewane-orzechem-ziemnym-230g\/#primaryimage\"},\"image\":{\"@id\":\"https:\/\/wyborznatury.pl\/produkt\/stark-prima-paluszki-nadziewane-orzechem-ziemnym-230g\/#primaryimage\"},\"thumbnailUrl\":\"https:\/\/wyborznatury.pl\/wp-content\/uploads\/2024\/11\/stark-prima.jpg\",\"datePublished\":\"2024-11-14T12:27:01+00:00\",\"dateModified\":\"2026-05-12T16:11:23+00:00\",\"breadcrumb\":{\"@id\":\"https:\/\/wyborznatury.pl\/produkt\/stark-prima-paluszki-nadziewane-orzechem-ziemnym-230g\/#breadcrumb\"},\"inLanguage\":\"sr-RS\",\"potentialAction\":[{\"@type\":\"ReadAction\",\"target\":[\"https:\/\/wyborznatury.pl\/produkt\/stark-prima-paluszki-nadziewane-orzechem-ziemnym-230g\/\"]}]},{\"@type\":\"ImageObject\",\"inLanguage\":\"sr-RS\",\"@id\":\"https:\/\/wyborznatury.pl\/produkt\/stark-prima-paluszki-nadziewane-orzechem-ziemnym-230g\/#primaryimage\",\"url\":\"https:\/\/wyborznatury.pl\/wp-content\/uploads\/2024\/11\/stark-prima.jpg\",\"contentUrl\":\"https:\/\/wyborznatury.pl\/wp-content\/uploads\/2024\/11\/stark-prima.jpg\",\"width\":430,\"height\":600},{\"@type\":\"BreadcrumbList\",\"@id\":\"https:\/\/wyborznatury.pl\/produkt\/stark-prima-paluszki-nadziewane-orzechem-ziemnym-230g\/#breadcrumb\",\"itemListElement\":[{\"@type\":\"ListItem\",\"position\":1,\"name\":\"Home\",\"item\":\"https:\/\/wyborznatury.pl\/\"},{\"@type\":\"ListItem\",\"position\":2,\"name\":\"Sklep\",\"item\":\"https:\/\/wyborznatury.pl\/shop-2\/\"},{\"@type\":\"ListItem\",\"position\":3,\"name\":\"\u0160tark Prima paluszki nadziewane orzechem ziemnym 230g\"}]},{\"@type\":\"WebSite\",\"@id\":\"https:\/\/wyborznatury.pl\/#website\",\"url\":\"https:\/\/wyborznatury.pl\/\",\"name\":\"Wyborznatury\",\"description\":\"Oficjalna prezentacja internetowa\",\"potentialAction\":[{\"@type\":\"SearchAction\",\"target\":{\"@type\":\"EntryPoint\",\"urlTemplate\":\"https:\/\/wyborznatury.pl\/?s={search_term_string}\"},\"query-input\":{\"@type\":\"PropertyValueSpecification\",\"valueRequired\":true,\"valueName\":\"search_term_string\"}}],\"inLanguage\":\"sr-RS\"}]}<\/script>\n<!-- \/ Yoast SEO plugin. -->","yoast_head_json":{"title":"\u0160tark Prima paluszki nadziewane orzechem ziemnym 230g - Wyborznatury","robots":{"index":"index","follow":"follow","max-snippet":"max-snippet:-1","max-image-preview":"max-image-preview:large","max-video-preview":"max-video-preview:-1"},"canonical":"https:\/\/wyborznatury.pl\/produkt\/stark-prima-paluszki-nadziewane-orzechem-ziemnym-230g\/","og_locale":"sr_RS","og_type":"article","og_title":"\u0160tark Prima paluszki nadziewane orzechem ziemnym 230g - Wyborznatury","og_description":"Chrupi\u0105ce paluszki Stark nadziewane kremem orzechowym to wyj\u0105tkowa przek\u0105ska, kt\u00f3ra \u0142\u0105czy w sobie delikatno\u015b\u0107 ma\u015blanego ciasta i wyrazisty smak orzech\u00f3w ziemnych. Ka\u017cdy paluszek skrywa g\u0142adkie nadzienie, kt\u00f3re zaspokaja apetyt na co\u015b s\u0142odko-s\u0142onego i zapewnia przyjemne doznania smakowe. Idealne do chrupania w pracy, w szkole czy w drodze, s\u0105 wygodnym i syc\u0105cym snackiem, kt\u00f3ry mo\u017cna zabra\u0107...","og_url":"https:\/\/wyborznatury.pl\/produkt\/stark-prima-paluszki-nadziewane-orzechem-ziemnym-230g\/","og_site_name":"Wyborznatury","article_modified_time":"2026-05-12T16:11:23+00:00","og_image":[{"width":430,"height":600,"url":"https:\/\/wyborznatury.pl\/wp-content\/uploads\/2024\/11\/stark-prima.jpg","type":"image\/jpeg"}],"twitter_card":"summary_large_image","twitter_misc":{"\u041f\u0440\u043e\u0446\u0435\u045a\u0435\u043d\u043e \u0432\u0440\u0435\u043c\u0435 \u0447\u0438\u0442\u0430\u045a\u0430":"1 \u043c\u0438\u043d\u0443\u0442"},"schema":{"@context":"https:\/\/schema.org","@graph":[{"@type":"WebPage","@id":"https:\/\/wyborznatury.pl\/produkt\/stark-prima-paluszki-nadziewane-orzechem-ziemnym-230g\/","url":"https:\/\/wyborznatury.pl\/produkt\/stark-prima-paluszki-nadziewane-orzechem-ziemnym-230g\/","name":"\u0160tark Prima paluszki nadziewane orzechem ziemnym 230g - Wyborznatury","isPartOf":{"@id":"https:\/\/wyborznatury.pl\/#website"},"primaryImageOfPage":{"@id":"https:\/\/wyborznatury.pl\/produkt\/stark-prima-paluszki-nadziewane-orzechem-ziemnym-230g\/#primaryimage"},"image":{"@id":"https:\/\/wyborznatury.pl\/produkt\/stark-prima-paluszki-nadziewane-orzechem-ziemnym-230g\/#primaryimage"},"thumbnailUrl":"https:\/\/wyborznatury.pl\/wp-content\/uploads\/2024\/11\/stark-prima.jpg","datePublished":"2024-11-14T12:27:01+00:00","dateModified":"2026-05-12T16:11:23+00:00","breadcrumb":{"@id":"https:\/\/wyborznatury.pl\/produkt\/stark-prima-paluszki-nadziewane-orzechem-ziemnym-230g\/#breadcrumb"},"inLanguage":"sr-RS","potentialAction":[{"@type":"ReadAction","target":["https:\/\/wyborznatury.pl\/produkt\/stark-prima-paluszki-nadziewane-orzechem-ziemnym-230g\/"]}]},{"@type":"ImageObject","inLanguage":"sr-RS","@id":"https:\/\/wyborznatury.pl\/produkt\/stark-prima-paluszki-nadziewane-orzechem-ziemnym-230g\/#primaryimage","url":"https:\/\/wyborznatury.pl\/wp-content\/uploads\/2024\/11\/stark-prima.jpg","contentUrl":"https:\/\/wyborznatury.pl\/wp-content\/uploads\/2024\/11\/stark-prima.jpg","width":430,"height":600},{"@type":"BreadcrumbList","@id":"https:\/\/wyborznatury.pl\/produkt\/stark-prima-paluszki-nadziewane-orzechem-ziemnym-230g\/#breadcrumb","itemListElement":[{"@type":"ListItem","position":1,"name":"Home","item":"https:\/\/wyborznatury.pl\/"},{"@type":"ListItem","position":2,"name":"Sklep","item":"https:\/\/wyborznatury.pl\/shop-2\/"},{"@type":"ListItem","position":3,"name":"\u0160tark Prima paluszki nadziewane orzechem ziemnym 230g"}]},{"@type":"WebSite","@id":"https:\/\/wyborznatury.pl\/#website","url":"https:\/\/wyborznatury.pl\/","name":"Wyborznatury","description":"Oficjalna prezentacja internetowa","potentialAction":[{"@type":"SearchAction","target":{"@type":"EntryPoint","urlTemplate":"https:\/\/wyborznatury.pl\/?s={search_term_string}"},"query-input":{"@type":"PropertyValueSpecification","valueRequired":true,"valueName":"search_term_string"}}],"inLanguage":"sr-RS"}]}},"_links":{"self":[{"href":"https:\/\/wyborznatury.pl\/sr\/wp-json\/wp\/v2\/product\/4612","targetHints":{"allow":["GET"]}}],"collection":[{"href":"https:\/\/wyborznatury.pl\/sr\/wp-json\/wp\/v2\/product"}],"about":[{"href":"https:\/\/wyborznatury.pl\/sr\/wp-json\/wp\/v2\/types\/product"}],"replies":[{"embeddable":true,"href":"https:\/\/wyborznatury.pl\/sr\/wp-json\/wp\/v2\/comments?post=4612"}],"wp:featuredmedia":[{"embeddable":true,"href":"https:\/\/wyborznatury.pl\/sr\/wp-json\/wp\/v2\/media\/4613"}],"wp:attachment":[{"href":"https:\/\/wyborznatury.pl\/sr\/wp-json\/wp\/v2\/media?parent=4612"}],"wp:term":[{"taxonomy":"product_brand","embeddable":true,"href":"https:\/\/wyborznatury.pl\/sr\/wp-json\/wp\/v2\/product_brand?post=4612"},{"taxonomy":"product_cat","embeddable":true,"href":"https:\/\/wyborznatury.pl\/sr\/wp-json\/wp\/v2\/product_cat?post=4612"},{"taxonomy":"product_tag","embeddable":true,"href":"https:\/\/wyborznatury.pl\/sr\/wp-json\/wp\/v2\/product_tag?post=4612"}],"curies":[{"name":"wp","href":"https:\/\/api.w.org\/{rel}","templated":true}]}}