{"id":4534,"date":"2024-09-12T17:47:37","date_gmt":"2024-09-12T17:47:37","guid":{"rendered":"https:\/\/wyborznatury.pl\/?post_type=product&#038;p=4534"},"modified":"2026-05-10T16:45:51","modified_gmt":"2026-05-10T16:45:51","slug":"papryka-z-grilla-bez-skory-550g","status":"publish","type":"product","link":"https:\/\/wyborznatury.pl\/sr\/produkt\/papryka-z-grilla-bez-skory-550g\/","title":{"rendered":"Papryka z grilla bez sk\u00f3ry 550g"},"content":{"rendered":"<p><strong>Sa\u0142atka z Grillowanej Czerwonej Papryki 550g<\/strong><\/p>\n<p>Odkryj smak tradycyjnej bu\u0142garskiej kuchni z sa\u0142atk\u0105 z grillowanej czerwonej papryki! W ka\u017cdym s\u0142oiku znajdziesz starannie wyselekcjonowane papryki, kt\u00f3re zosta\u0142y delikatnie grillowane, a nast\u0119pnie obrane ze sk\u00f3rki, aby zachowa\u0107 ich naturaln\u0105 s\u0142odycz i aromat. Produkt marynowany w aromatycznej zalewie z dodatkiem czosnku oraz zi\u00f3\u0142, idealnie nadaje si\u0119 jako dodatek do mi\u0119s, sa\u0142atek, kanapek lub jako samodzielna przek\u0105ska.<\/p>\n<p>Dzi\u0119ki niskiej zawarto\u015bci kalorii i bogactwu witaminy C, ta sa\u0142atka nie tylko doskonale smakuje, ale tak\u017ce wspomaga zdrow\u0105 diet\u0119. S\u0142oik o pojemno\u015bci 550g to \u015bwietna propozycja dla wszystkich mi\u0142o\u015bnik\u00f3w autentycznych smak\u00f3w kuchni ba\u0142ka\u0144skiej.<\/p>\n<p><strong>Sk\u0142adniki<\/strong>: grillowana czerwona papryka, olej ro\u015blinny, czosnek, ocet, s\u00f3l, zio\u0142a.<\/p>\n<p><strong>Waga netto<\/strong>: 550g<br \/>\n<strong>Kraj pochodzenia<\/strong>: Bu\u0142garia<\/p>\n<p>Przechowywa\u0107 w suchym i ch\u0142odnym miejscu. Po otwarciu przechowywa\u0107 w lod\u00f3wce i spo\u017cy\u0107 w ci\u0105gu kilku dni.<\/p>\n","protected":false},"excerpt":{"rendered":"<p>Sa\u0142atka z Grillowanej Czerwonej Papryki 550g Odkryj smak tradycyjnej bu\u0142garskiej kuchni z sa\u0142atk\u0105 z grillowanej czerwonej papryki! W ka\u017cdym s\u0142oiku znajdziesz starannie wyselekcjonowane papryki, kt\u00f3re zosta\u0142y delikatnie grillowane, a nast\u0119pnie obrane ze sk\u00f3rki, aby zachowa\u0107 ich naturaln\u0105 s\u0142odycz i aromat. Produkt marynowany w aromatycznej zalewie z dodatkiem czosnku oraz zi\u00f3\u0142, idealnie nadaje si\u0119 jako dodatek&#8230;<\/p>\n","protected":false},"featured_media":4535,"comment_status":"open","ping_status":"closed","template":"","meta":{"_acf_changed":false},"product_brand":[],"product_cat":[82],"product_tag":[],"class_list":{"0":"post-4534","1":"product","2":"type-product","3":"status-publish","4":"has-post-thumbnail","6":"product_cat-produkty-balkanskie","8":"first","9":"instock","10":"shipping-taxable","11":"purchasable","12":"product-type-simple"},"acf":[],"yoast_head":"<!-- This site is optimized with the Yoast SEO plugin v26.4 - https:\/\/yoast.com\/wordpress\/plugins\/seo\/ -->\n<title>Papryka z grilla bez sk\u00f3ry 550g - Wyborznatury<\/title>\n<meta name=\"robots\" content=\"index, follow, max-snippet:-1, max-image-preview:large, max-video-preview:-1\" \/>\n<link rel=\"canonical\" href=\"https:\/\/wyborznatury.pl\/produkt\/papryka-z-grilla-bez-skory-550g\/\" \/>\n<meta property=\"og:locale\" content=\"sr_RS\" \/>\n<meta property=\"og:type\" content=\"article\" \/>\n<meta property=\"og:title\" content=\"Papryka z grilla bez sk\u00f3ry 550g - Wyborznatury\" \/>\n<meta property=\"og:description\" content=\"Sa\u0142atka z Grillowanej Czerwonej Papryki 550g Odkryj smak tradycyjnej bu\u0142garskiej kuchni z sa\u0142atk\u0105 z grillowanej czerwonej papryki! W ka\u017cdym s\u0142oiku znajdziesz starannie wyselekcjonowane papryki, kt\u00f3re zosta\u0142y delikatnie grillowane, a nast\u0119pnie obrane ze sk\u00f3rki, aby zachowa\u0107 ich naturaln\u0105 s\u0142odycz i aromat. Produkt marynowany w aromatycznej zalewie z dodatkiem czosnku oraz zi\u00f3\u0142, idealnie nadaje si\u0119 jako dodatek...\" \/>\n<meta property=\"og:url\" content=\"https:\/\/wyborznatury.pl\/produkt\/papryka-z-grilla-bez-skory-550g\/\" \/>\n<meta property=\"og:site_name\" content=\"Wyborznatury\" \/>\n<meta property=\"article:modified_time\" content=\"2026-05-10T16:45:51+00:00\" \/>\n<meta property=\"og:image\" content=\"https:\/\/wyborznatury.pl\/wp-content\/uploads\/2024\/09\/1383995419.jpg\" \/>\n\t<meta property=\"og:image:width\" content=\"124\" \/>\n\t<meta property=\"og:image:height\" content=\"160\" \/>\n\t<meta property=\"og:image:type\" content=\"image\/jpeg\" \/>\n<meta name=\"twitter:card\" content=\"summary_large_image\" \/>\n<meta name=\"twitter:label1\" content=\"\u041f\u0440\u043e\u0446\u0435\u045a\u0435\u043d\u043e \u0432\u0440\u0435\u043c\u0435 \u0447\u0438\u0442\u0430\u045a\u0430\" \/>\n\t<meta name=\"twitter:data1\" content=\"1 \u043c\u0438\u043d\u0443\u0442\" \/>\n<script type=\"application\/ld+json\" class=\"yoast-schema-graph\">{\"@context\":\"https:\/\/schema.org\",\"@graph\":[{\"@type\":\"WebPage\",\"@id\":\"https:\/\/wyborznatury.pl\/produkt\/papryka-z-grilla-bez-skory-550g\/\",\"url\":\"https:\/\/wyborznatury.pl\/produkt\/papryka-z-grilla-bez-skory-550g\/\",\"name\":\"Papryka z grilla bez sk\u00f3ry 550g - Wyborznatury\",\"isPartOf\":{\"@id\":\"https:\/\/wyborznatury.pl\/#website\"},\"primaryImageOfPage\":{\"@id\":\"https:\/\/wyborznatury.pl\/produkt\/papryka-z-grilla-bez-skory-550g\/#primaryimage\"},\"image\":{\"@id\":\"https:\/\/wyborznatury.pl\/produkt\/papryka-z-grilla-bez-skory-550g\/#primaryimage\"},\"thumbnailUrl\":\"https:\/\/wyborznatury.pl\/wp-content\/uploads\/2024\/09\/1383995419.jpg\",\"datePublished\":\"2024-09-12T17:47:37+00:00\",\"dateModified\":\"2026-05-10T16:45:51+00:00\",\"breadcrumb\":{\"@id\":\"https:\/\/wyborznatury.pl\/produkt\/papryka-z-grilla-bez-skory-550g\/#breadcrumb\"},\"inLanguage\":\"sr-RS\",\"potentialAction\":[{\"@type\":\"ReadAction\",\"target\":[\"https:\/\/wyborznatury.pl\/produkt\/papryka-z-grilla-bez-skory-550g\/\"]}]},{\"@type\":\"ImageObject\",\"inLanguage\":\"sr-RS\",\"@id\":\"https:\/\/wyborznatury.pl\/produkt\/papryka-z-grilla-bez-skory-550g\/#primaryimage\",\"url\":\"https:\/\/wyborznatury.pl\/wp-content\/uploads\/2024\/09\/1383995419.jpg\",\"contentUrl\":\"https:\/\/wyborznatury.pl\/wp-content\/uploads\/2024\/09\/1383995419.jpg\",\"width\":124,\"height\":160},{\"@type\":\"BreadcrumbList\",\"@id\":\"https:\/\/wyborznatury.pl\/produkt\/papryka-z-grilla-bez-skory-550g\/#breadcrumb\",\"itemListElement\":[{\"@type\":\"ListItem\",\"position\":1,\"name\":\"Home\",\"item\":\"https:\/\/wyborznatury.pl\/\"},{\"@type\":\"ListItem\",\"position\":2,\"name\":\"Sklep\",\"item\":\"https:\/\/wyborznatury.pl\/shop-2\/\"},{\"@type\":\"ListItem\",\"position\":3,\"name\":\"Papryka z grilla bez sk\u00f3ry 550g\"}]},{\"@type\":\"WebSite\",\"@id\":\"https:\/\/wyborznatury.pl\/#website\",\"url\":\"https:\/\/wyborznatury.pl\/\",\"name\":\"Wyborznatury\",\"description\":\"Oficjalna prezentacja internetowa\",\"potentialAction\":[{\"@type\":\"SearchAction\",\"target\":{\"@type\":\"EntryPoint\",\"urlTemplate\":\"https:\/\/wyborznatury.pl\/?s={search_term_string}\"},\"query-input\":{\"@type\":\"PropertyValueSpecification\",\"valueRequired\":true,\"valueName\":\"search_term_string\"}}],\"inLanguage\":\"sr-RS\"}]}<\/script>\n<!-- \/ Yoast SEO plugin. -->","yoast_head_json":{"title":"Papryka z grilla bez sk\u00f3ry 550g - Wyborznatury","robots":{"index":"index","follow":"follow","max-snippet":"max-snippet:-1","max-image-preview":"max-image-preview:large","max-video-preview":"max-video-preview:-1"},"canonical":"https:\/\/wyborznatury.pl\/produkt\/papryka-z-grilla-bez-skory-550g\/","og_locale":"sr_RS","og_type":"article","og_title":"Papryka z grilla bez sk\u00f3ry 550g - Wyborznatury","og_description":"Sa\u0142atka z Grillowanej Czerwonej Papryki 550g Odkryj smak tradycyjnej bu\u0142garskiej kuchni z sa\u0142atk\u0105 z grillowanej czerwonej papryki! W ka\u017cdym s\u0142oiku znajdziesz starannie wyselekcjonowane papryki, kt\u00f3re zosta\u0142y delikatnie grillowane, a nast\u0119pnie obrane ze sk\u00f3rki, aby zachowa\u0107 ich naturaln\u0105 s\u0142odycz i aromat. Produkt marynowany w aromatycznej zalewie z dodatkiem czosnku oraz zi\u00f3\u0142, idealnie nadaje si\u0119 jako dodatek...","og_url":"https:\/\/wyborznatury.pl\/produkt\/papryka-z-grilla-bez-skory-550g\/","og_site_name":"Wyborznatury","article_modified_time":"2026-05-10T16:45:51+00:00","og_image":[{"width":124,"height":160,"url":"https:\/\/wyborznatury.pl\/wp-content\/uploads\/2024\/09\/1383995419.jpg","type":"image\/jpeg"}],"twitter_card":"summary_large_image","twitter_misc":{"\u041f\u0440\u043e\u0446\u0435\u045a\u0435\u043d\u043e \u0432\u0440\u0435\u043c\u0435 \u0447\u0438\u0442\u0430\u045a\u0430":"1 \u043c\u0438\u043d\u0443\u0442"},"schema":{"@context":"https:\/\/schema.org","@graph":[{"@type":"WebPage","@id":"https:\/\/wyborznatury.pl\/produkt\/papryka-z-grilla-bez-skory-550g\/","url":"https:\/\/wyborznatury.pl\/produkt\/papryka-z-grilla-bez-skory-550g\/","name":"Papryka z grilla bez sk\u00f3ry 550g - Wyborznatury","isPartOf":{"@id":"https:\/\/wyborznatury.pl\/#website"},"primaryImageOfPage":{"@id":"https:\/\/wyborznatury.pl\/produkt\/papryka-z-grilla-bez-skory-550g\/#primaryimage"},"image":{"@id":"https:\/\/wyborznatury.pl\/produkt\/papryka-z-grilla-bez-skory-550g\/#primaryimage"},"thumbnailUrl":"https:\/\/wyborznatury.pl\/wp-content\/uploads\/2024\/09\/1383995419.jpg","datePublished":"2024-09-12T17:47:37+00:00","dateModified":"2026-05-10T16:45:51+00:00","breadcrumb":{"@id":"https:\/\/wyborznatury.pl\/produkt\/papryka-z-grilla-bez-skory-550g\/#breadcrumb"},"inLanguage":"sr-RS","potentialAction":[{"@type":"ReadAction","target":["https:\/\/wyborznatury.pl\/produkt\/papryka-z-grilla-bez-skory-550g\/"]}]},{"@type":"ImageObject","inLanguage":"sr-RS","@id":"https:\/\/wyborznatury.pl\/produkt\/papryka-z-grilla-bez-skory-550g\/#primaryimage","url":"https:\/\/wyborznatury.pl\/wp-content\/uploads\/2024\/09\/1383995419.jpg","contentUrl":"https:\/\/wyborznatury.pl\/wp-content\/uploads\/2024\/09\/1383995419.jpg","width":124,"height":160},{"@type":"BreadcrumbList","@id":"https:\/\/wyborznatury.pl\/produkt\/papryka-z-grilla-bez-skory-550g\/#breadcrumb","itemListElement":[{"@type":"ListItem","position":1,"name":"Home","item":"https:\/\/wyborznatury.pl\/"},{"@type":"ListItem","position":2,"name":"Sklep","item":"https:\/\/wyborznatury.pl\/shop-2\/"},{"@type":"ListItem","position":3,"name":"Papryka z grilla bez sk\u00f3ry 550g"}]},{"@type":"WebSite","@id":"https:\/\/wyborznatury.pl\/#website","url":"https:\/\/wyborznatury.pl\/","name":"Wyborznatury","description":"Oficjalna prezentacja internetowa","potentialAction":[{"@type":"SearchAction","target":{"@type":"EntryPoint","urlTemplate":"https:\/\/wyborznatury.pl\/?s={search_term_string}"},"query-input":{"@type":"PropertyValueSpecification","valueRequired":true,"valueName":"search_term_string"}}],"inLanguage":"sr-RS"}]}},"_links":{"self":[{"href":"https:\/\/wyborznatury.pl\/sr\/wp-json\/wp\/v2\/product\/4534","targetHints":{"allow":["GET"]}}],"collection":[{"href":"https:\/\/wyborznatury.pl\/sr\/wp-json\/wp\/v2\/product"}],"about":[{"href":"https:\/\/wyborznatury.pl\/sr\/wp-json\/wp\/v2\/types\/product"}],"replies":[{"embeddable":true,"href":"https:\/\/wyborznatury.pl\/sr\/wp-json\/wp\/v2\/comments?post=4534"}],"wp:featuredmedia":[{"embeddable":true,"href":"https:\/\/wyborznatury.pl\/sr\/wp-json\/wp\/v2\/media\/4535"}],"wp:attachment":[{"href":"https:\/\/wyborznatury.pl\/sr\/wp-json\/wp\/v2\/media?parent=4534"}],"wp:term":[{"taxonomy":"product_brand","embeddable":true,"href":"https:\/\/wyborznatury.pl\/sr\/wp-json\/wp\/v2\/product_brand?post=4534"},{"taxonomy":"product_cat","embeddable":true,"href":"https:\/\/wyborznatury.pl\/sr\/wp-json\/wp\/v2\/product_cat?post=4534"},{"taxonomy":"product_tag","embeddable":true,"href":"https:\/\/wyborznatury.pl\/sr\/wp-json\/wp\/v2\/product_tag?post=4534"}],"curies":[{"name":"wp","href":"https:\/\/api.w.org\/{rel}","templated":true}]}}