{"id":4273,"date":"2024-04-25T14:09:18","date_gmt":"2024-04-25T14:09:18","guid":{"rendered":"https:\/\/wyborznatury.pl\/?post_type=product&#038;p=4273"},"modified":"2026-05-16T15:16:30","modified_gmt":"2026-05-16T15:16:30","slug":"eurocrem-swisslion-500g","status":"publish","type":"product","link":"https:\/\/wyborznatury.pl\/sr\/produkt\/eurocrem-swisslion-500g\/","title":{"rendered":"Eurocrem Swisslion 500g krem do smarowania"},"content":{"rendered":"<p>Eurocrem firmy Swisslion to wyj\u0105tkowy krem do smarowania, kt\u00f3ry doskonale \u0142\u0105czy dwa klasyczne smaki: mleczny i czekoladowy. Dzi\u0119ki swoim charakterystycznym bia\u0142ym i ciemnobr\u0105zowym warstwom, ten krem nie tylko zachwyca smakiem, ale r\u00f3wnie\u017c przyci\u0105ga wzrok. Idealny do smarowania na pieczywie, krakersach, nale\u015bnikach czy waflach, a tak\u017ce jako dodatek do deser\u00f3w i wypiek\u00f3w.<\/p>\n<p>Wyr\u00f3\u017cnia si\u0119 delikatn\u0105, kremow\u0105 konsystencj\u0105, kt\u00f3ra u\u0142atwia rozprowadzanie i zapewnia idealn\u0105 harmoni\u0119 smak\u00f3w. Eurocrem jest produkowany z wysokiej jako\u015bci sk\u0142adnik\u00f3w, co gwarantuje doskona\u0142y smak i satysfakcj\u0119. To doskona\u0142y wyb\u00f3r dla mi\u0142o\u015bnik\u00f3w s\u0142odkich smako\u0142yk\u00f3w, kt\u00f3rzy szukaj\u0105 czego\u015b wyj\u0105tkowego.<\/p>\n<p>Dodaj odrobin\u0119 s\u0142odyczy do swojego dnia z Eurocrem firmy Swisslion \u2013 kremem, kt\u00f3ry z pewno\u015bci\u0105 stanie si\u0119 ulubie\u0144cem ca\u0142ej rodziny.<\/p>\n","protected":false},"excerpt":{"rendered":"<p>Eurocrem firmy Swisslion to wyj\u0105tkowy krem do smarowania, kt\u00f3ry doskonale \u0142\u0105czy dwa klasyczne smaki: mleczny i czekoladowy. Dzi\u0119ki swoim charakterystycznym bia\u0142ym i ciemnobr\u0105zowym warstwom, ten krem nie tylko zachwyca smakiem, ale r\u00f3wnie\u017c przyci\u0105ga wzrok. Idealny do smarowania na pieczywie, krakersach, nale\u015bnikach czy waflach, a tak\u017ce jako dodatek do deser\u00f3w i wypiek\u00f3w. Wyr\u00f3\u017cnia si\u0119 delikatn\u0105, kremow\u0105&#8230;<\/p>\n","protected":false},"featured_media":4231,"comment_status":"open","ping_status":"closed","template":"","meta":{"_acf_changed":false},"product_brand":[],"product_cat":[82],"product_tag":[],"class_list":{"0":"post-4273","1":"product","2":"type-product","3":"status-publish","4":"has-post-thumbnail","6":"product_cat-produkty-balkanskie","8":"first","9":"instock","10":"shipping-taxable","11":"purchasable","12":"product-type-simple"},"acf":[],"yoast_head":"<!-- This site is optimized with the Yoast SEO plugin v26.4 - https:\/\/yoast.com\/wordpress\/plugins\/seo\/ -->\n<title>Eurocrem Swisslion 500g krem do smarowania - Wyborznatury<\/title>\n<meta name=\"robots\" content=\"index, follow, max-snippet:-1, max-image-preview:large, max-video-preview:-1\" \/>\n<link rel=\"canonical\" href=\"https:\/\/wyborznatury.pl\/produkt\/eurocrem-swisslion-500g\/\" \/>\n<meta property=\"og:locale\" content=\"sr_RS\" \/>\n<meta property=\"og:type\" content=\"article\" \/>\n<meta property=\"og:title\" content=\"Eurocrem Swisslion 500g krem do smarowania - Wyborznatury\" \/>\n<meta property=\"og:description\" content=\"Eurocrem firmy Swisslion to wyj\u0105tkowy krem do smarowania, kt\u00f3ry doskonale \u0142\u0105czy dwa klasyczne smaki: mleczny i czekoladowy. Dzi\u0119ki swoim charakterystycznym bia\u0142ym i ciemnobr\u0105zowym warstwom, ten krem nie tylko zachwyca smakiem, ale r\u00f3wnie\u017c przyci\u0105ga wzrok. Idealny do smarowania na pieczywie, krakersach, nale\u015bnikach czy waflach, a tak\u017ce jako dodatek do deser\u00f3w i wypiek\u00f3w. Wyr\u00f3\u017cnia si\u0119 delikatn\u0105, kremow\u0105...\" \/>\n<meta property=\"og:url\" content=\"https:\/\/wyborznatury.pl\/produkt\/eurocrem-swisslion-500g\/\" \/>\n<meta property=\"og:site_name\" content=\"Wyborznatury\" \/>\n<meta property=\"article:modified_time\" content=\"2026-05-16T15:16:30+00:00\" \/>\n<meta property=\"og:image\" content=\"https:\/\/wyborznatury.pl\/wp-content\/uploads\/2024\/04\/eurokrem.jpg\" \/>\n\t<meta property=\"og:image:width\" content=\"1003\" \/>\n\t<meta property=\"og:image:height\" content=\"1003\" \/>\n\t<meta property=\"og:image:type\" content=\"image\/jpeg\" \/>\n<meta name=\"twitter:card\" content=\"summary_large_image\" \/>\n<meta name=\"twitter:label1\" content=\"\u041f\u0440\u043e\u0446\u0435\u045a\u0435\u043d\u043e \u0432\u0440\u0435\u043c\u0435 \u0447\u0438\u0442\u0430\u045a\u0430\" \/>\n\t<meta name=\"twitter:data1\" content=\"1 \u043c\u0438\u043d\u0443\u0442\" \/>\n<script type=\"application\/ld+json\" class=\"yoast-schema-graph\">{\"@context\":\"https:\/\/schema.org\",\"@graph\":[{\"@type\":\"WebPage\",\"@id\":\"https:\/\/wyborznatury.pl\/produkt\/eurocrem-swisslion-500g\/\",\"url\":\"https:\/\/wyborznatury.pl\/produkt\/eurocrem-swisslion-500g\/\",\"name\":\"Eurocrem Swisslion 500g krem do smarowania - Wyborznatury\",\"isPartOf\":{\"@id\":\"https:\/\/wyborznatury.pl\/#website\"},\"primaryImageOfPage\":{\"@id\":\"https:\/\/wyborznatury.pl\/produkt\/eurocrem-swisslion-500g\/#primaryimage\"},\"image\":{\"@id\":\"https:\/\/wyborznatury.pl\/produkt\/eurocrem-swisslion-500g\/#primaryimage\"},\"thumbnailUrl\":\"https:\/\/wyborznatury.pl\/wp-content\/uploads\/2024\/04\/eurokrem.jpg\",\"datePublished\":\"2024-04-25T14:09:18+00:00\",\"dateModified\":\"2026-05-16T15:16:30+00:00\",\"breadcrumb\":{\"@id\":\"https:\/\/wyborznatury.pl\/produkt\/eurocrem-swisslion-500g\/#breadcrumb\"},\"inLanguage\":\"sr-RS\",\"potentialAction\":[{\"@type\":\"ReadAction\",\"target\":[\"https:\/\/wyborznatury.pl\/produkt\/eurocrem-swisslion-500g\/\"]}]},{\"@type\":\"ImageObject\",\"inLanguage\":\"sr-RS\",\"@id\":\"https:\/\/wyborznatury.pl\/produkt\/eurocrem-swisslion-500g\/#primaryimage\",\"url\":\"https:\/\/wyborznatury.pl\/wp-content\/uploads\/2024\/04\/eurokrem.jpg\",\"contentUrl\":\"https:\/\/wyborznatury.pl\/wp-content\/uploads\/2024\/04\/eurokrem.jpg\",\"width\":1003,\"height\":1003},{\"@type\":\"BreadcrumbList\",\"@id\":\"https:\/\/wyborznatury.pl\/produkt\/eurocrem-swisslion-500g\/#breadcrumb\",\"itemListElement\":[{\"@type\":\"ListItem\",\"position\":1,\"name\":\"Home\",\"item\":\"https:\/\/wyborznatury.pl\/\"},{\"@type\":\"ListItem\",\"position\":2,\"name\":\"Sklep\",\"item\":\"https:\/\/wyborznatury.pl\/shop-2\/\"},{\"@type\":\"ListItem\",\"position\":3,\"name\":\"Eurocrem Swisslion 500g krem do smarowania\"}]},{\"@type\":\"WebSite\",\"@id\":\"https:\/\/wyborznatury.pl\/#website\",\"url\":\"https:\/\/wyborznatury.pl\/\",\"name\":\"Wyborznatury\",\"description\":\"Oficjalna prezentacja internetowa\",\"potentialAction\":[{\"@type\":\"SearchAction\",\"target\":{\"@type\":\"EntryPoint\",\"urlTemplate\":\"https:\/\/wyborznatury.pl\/?s={search_term_string}\"},\"query-input\":{\"@type\":\"PropertyValueSpecification\",\"valueRequired\":true,\"valueName\":\"search_term_string\"}}],\"inLanguage\":\"sr-RS\"}]}<\/script>\n<!-- \/ Yoast SEO plugin. -->","yoast_head_json":{"title":"Eurocrem Swisslion 500g krem do smarowania - Wyborznatury","robots":{"index":"index","follow":"follow","max-snippet":"max-snippet:-1","max-image-preview":"max-image-preview:large","max-video-preview":"max-video-preview:-1"},"canonical":"https:\/\/wyborznatury.pl\/produkt\/eurocrem-swisslion-500g\/","og_locale":"sr_RS","og_type":"article","og_title":"Eurocrem Swisslion 500g krem do smarowania - Wyborznatury","og_description":"Eurocrem firmy Swisslion to wyj\u0105tkowy krem do smarowania, kt\u00f3ry doskonale \u0142\u0105czy dwa klasyczne smaki: mleczny i czekoladowy. Dzi\u0119ki swoim charakterystycznym bia\u0142ym i ciemnobr\u0105zowym warstwom, ten krem nie tylko zachwyca smakiem, ale r\u00f3wnie\u017c przyci\u0105ga wzrok. Idealny do smarowania na pieczywie, krakersach, nale\u015bnikach czy waflach, a tak\u017ce jako dodatek do deser\u00f3w i wypiek\u00f3w. Wyr\u00f3\u017cnia si\u0119 delikatn\u0105, kremow\u0105...","og_url":"https:\/\/wyborznatury.pl\/produkt\/eurocrem-swisslion-500g\/","og_site_name":"Wyborznatury","article_modified_time":"2026-05-16T15:16:30+00:00","og_image":[{"width":1003,"height":1003,"url":"https:\/\/wyborznatury.pl\/wp-content\/uploads\/2024\/04\/eurokrem.jpg","type":"image\/jpeg"}],"twitter_card":"summary_large_image","twitter_misc":{"\u041f\u0440\u043e\u0446\u0435\u045a\u0435\u043d\u043e \u0432\u0440\u0435\u043c\u0435 \u0447\u0438\u0442\u0430\u045a\u0430":"1 \u043c\u0438\u043d\u0443\u0442"},"schema":{"@context":"https:\/\/schema.org","@graph":[{"@type":"WebPage","@id":"https:\/\/wyborznatury.pl\/produkt\/eurocrem-swisslion-500g\/","url":"https:\/\/wyborznatury.pl\/produkt\/eurocrem-swisslion-500g\/","name":"Eurocrem Swisslion 500g krem do smarowania - Wyborznatury","isPartOf":{"@id":"https:\/\/wyborznatury.pl\/#website"},"primaryImageOfPage":{"@id":"https:\/\/wyborznatury.pl\/produkt\/eurocrem-swisslion-500g\/#primaryimage"},"image":{"@id":"https:\/\/wyborznatury.pl\/produkt\/eurocrem-swisslion-500g\/#primaryimage"},"thumbnailUrl":"https:\/\/wyborznatury.pl\/wp-content\/uploads\/2024\/04\/eurokrem.jpg","datePublished":"2024-04-25T14:09:18+00:00","dateModified":"2026-05-16T15:16:30+00:00","breadcrumb":{"@id":"https:\/\/wyborznatury.pl\/produkt\/eurocrem-swisslion-500g\/#breadcrumb"},"inLanguage":"sr-RS","potentialAction":[{"@type":"ReadAction","target":["https:\/\/wyborznatury.pl\/produkt\/eurocrem-swisslion-500g\/"]}]},{"@type":"ImageObject","inLanguage":"sr-RS","@id":"https:\/\/wyborznatury.pl\/produkt\/eurocrem-swisslion-500g\/#primaryimage","url":"https:\/\/wyborznatury.pl\/wp-content\/uploads\/2024\/04\/eurokrem.jpg","contentUrl":"https:\/\/wyborznatury.pl\/wp-content\/uploads\/2024\/04\/eurokrem.jpg","width":1003,"height":1003},{"@type":"BreadcrumbList","@id":"https:\/\/wyborznatury.pl\/produkt\/eurocrem-swisslion-500g\/#breadcrumb","itemListElement":[{"@type":"ListItem","position":1,"name":"Home","item":"https:\/\/wyborznatury.pl\/"},{"@type":"ListItem","position":2,"name":"Sklep","item":"https:\/\/wyborznatury.pl\/shop-2\/"},{"@type":"ListItem","position":3,"name":"Eurocrem Swisslion 500g krem do smarowania"}]},{"@type":"WebSite","@id":"https:\/\/wyborznatury.pl\/#website","url":"https:\/\/wyborznatury.pl\/","name":"Wyborznatury","description":"Oficjalna prezentacja internetowa","potentialAction":[{"@type":"SearchAction","target":{"@type":"EntryPoint","urlTemplate":"https:\/\/wyborznatury.pl\/?s={search_term_string}"},"query-input":{"@type":"PropertyValueSpecification","valueRequired":true,"valueName":"search_term_string"}}],"inLanguage":"sr-RS"}]}},"_links":{"self":[{"href":"https:\/\/wyborznatury.pl\/sr\/wp-json\/wp\/v2\/product\/4273","targetHints":{"allow":["GET"]}}],"collection":[{"href":"https:\/\/wyborznatury.pl\/sr\/wp-json\/wp\/v2\/product"}],"about":[{"href":"https:\/\/wyborznatury.pl\/sr\/wp-json\/wp\/v2\/types\/product"}],"replies":[{"embeddable":true,"href":"https:\/\/wyborznatury.pl\/sr\/wp-json\/wp\/v2\/comments?post=4273"}],"wp:featuredmedia":[{"embeddable":true,"href":"https:\/\/wyborznatury.pl\/sr\/wp-json\/wp\/v2\/media\/4231"}],"wp:attachment":[{"href":"https:\/\/wyborznatury.pl\/sr\/wp-json\/wp\/v2\/media?parent=4273"}],"wp:term":[{"taxonomy":"product_brand","embeddable":true,"href":"https:\/\/wyborznatury.pl\/sr\/wp-json\/wp\/v2\/product_brand?post=4273"},{"taxonomy":"product_cat","embeddable":true,"href":"https:\/\/wyborznatury.pl\/sr\/wp-json\/wp\/v2\/product_cat?post=4273"},{"taxonomy":"product_tag","embeddable":true,"href":"https:\/\/wyborznatury.pl\/sr\/wp-json\/wp\/v2\/product_tag?post=4273"}],"curies":[{"name":"wp","href":"https:\/\/api.w.org\/{rel}","templated":true}]}}