{"id":3474,"date":"2024-02-15T14:37:10","date_gmt":"2024-02-15T14:37:10","guid":{"rendered":"https:\/\/wyborznatury.pl\/?post_type=product&#038;p=3474"},"modified":"2024-02-15T14:37:11","modified_gmt":"2024-02-15T14:37:11","slug":"papryczki-peperoni-nadziewane-serem","status":"publish","type":"product","link":"https:\/\/wyborznatury.pl\/sr\/produkt\/papryczki-peperoni-nadziewane-serem\/","title":{"rendered":"Papryczki peperoni nadziewane serem"},"content":{"rendered":"<p>Zanurz si\u0119 w smaku Grecji z naszymi wyj\u0105tkowymi papryczkami peperoni nadziewanymi serem. Ka\u017cda soczysta papryczka peperoni jest starannie wyselekcjonowana, aby zapewni\u0107 intensywno\u015b\u0107 smaku i \u015bwie\u017co\u015b\u0107. Nasze papryczki s\u0105 delikatnie nadziewane kremowym serem feta, kt\u00f3ry dodaje nuty wyrazistego smaku i \u0142agodno\u015bci.<\/p>\n<p>Ostro\u015b\u0107 papryczek peperoni doskonale wsp\u00f3\u0142gra z delikatno\u015bci\u0105 sera feta, tworz\u0105c niezapomniane po\u0142\u0105czenie smakowe. Pikantny kopiec na zewn\u0119trznej skorupce papryczki przenika delikatn\u0105, kremow\u0105 struktur\u0119 sera, oferuj\u0105c wyj\u0105tkowe doznania smakowe na ka\u017cdym k\u0119sie.<\/p>\n<p>Nasze greckie papryczki peperoni nadziewane serem s\u0105 doskona\u0142\u0105 przek\u0105sk\u0105 na imprezy, bankiety lub po prostu jako smakowity dodatek do codziennych posi\u0142k\u00f3w. \u015awietnie komponuj\u0105 si\u0119 z innymi greckimi przysmakami, tworz\u0105c niezwyk\u0142\u0105 symfoni\u0119 smak\u00f3w, kt\u00f3ra zachwyci Twoje podniebienie i przeniesie Ci\u0119 na s\u0142oneczne wybrze\u017ca Morza Egejskiego.<\/p>\n","protected":false},"excerpt":{"rendered":"<p>Zanurz si\u0119 w smaku Grecji z naszymi wyj\u0105tkowymi papryczkami peperoni nadziewanymi serem. Ka\u017cda soczysta papryczka peperoni jest starannie wyselekcjonowana, aby zapewni\u0107 intensywno\u015b\u0107 smaku i \u015bwie\u017co\u015b\u0107. Nasze papryczki s\u0105 delikatnie nadziewane kremowym serem feta, kt\u00f3ry dodaje nuty wyrazistego smaku i \u0142agodno\u015bci. Ostro\u015b\u0107 papryczek peperoni doskonale wsp\u00f3\u0142gra z delikatno\u015bci\u0105 sera feta, tworz\u0105c niezapomniane po\u0142\u0105czenie smakowe. Pikantny kopiec&#8230;<\/p>\n","protected":false},"featured_media":0,"comment_status":"open","ping_status":"closed","template":"","meta":{"_acf_changed":false},"product_brand":[],"product_cat":[81],"product_tag":[],"class_list":{"0":"post-3474","1":"product","2":"type-product","3":"status-publish","5":"product_cat-produkty-greckie","7":"first","8":"instock","9":"shipping-taxable","10":"purchasable","11":"product-type-simple"},"acf":[],"yoast_head":"<!-- This site is optimized with the Yoast SEO plugin v26.4 - https:\/\/yoast.com\/wordpress\/plugins\/seo\/ -->\n<title>Papryczki peperoni nadziewane serem - Wyborznatury<\/title>\n<meta name=\"robots\" content=\"index, follow, max-snippet:-1, max-image-preview:large, max-video-preview:-1\" \/>\n<link rel=\"canonical\" href=\"https:\/\/wyborznatury.pl\/produkt\/papryczki-peperoni-nadziewane-serem\/\" \/>\n<meta property=\"og:locale\" content=\"sr_RS\" \/>\n<meta property=\"og:type\" content=\"article\" \/>\n<meta property=\"og:title\" content=\"Papryczki peperoni nadziewane serem - Wyborznatury\" \/>\n<meta property=\"og:description\" content=\"Zanurz si\u0119 w smaku Grecji z naszymi wyj\u0105tkowymi papryczkami peperoni nadziewanymi serem. Ka\u017cda soczysta papryczka peperoni jest starannie wyselekcjonowana, aby zapewni\u0107 intensywno\u015b\u0107 smaku i \u015bwie\u017co\u015b\u0107. Nasze papryczki s\u0105 delikatnie nadziewane kremowym serem feta, kt\u00f3ry dodaje nuty wyrazistego smaku i \u0142agodno\u015bci. Ostro\u015b\u0107 papryczek peperoni doskonale wsp\u00f3\u0142gra z delikatno\u015bci\u0105 sera feta, tworz\u0105c niezapomniane po\u0142\u0105czenie smakowe. Pikantny kopiec...\" \/>\n<meta property=\"og:url\" content=\"https:\/\/wyborznatury.pl\/produkt\/papryczki-peperoni-nadziewane-serem\/\" \/>\n<meta property=\"og:site_name\" content=\"Wyborznatury\" \/>\n<meta property=\"article:modified_time\" content=\"2024-02-15T14:37:11+00:00\" \/>\n<meta name=\"twitter:card\" content=\"summary_large_image\" \/>\n<meta name=\"twitter:label1\" content=\"\u041f\u0440\u043e\u0446\u0435\u045a\u0435\u043d\u043e \u0432\u0440\u0435\u043c\u0435 \u0447\u0438\u0442\u0430\u045a\u0430\" \/>\n\t<meta name=\"twitter:data1\" content=\"1 \u043c\u0438\u043d\u0443\u0442\" \/>\n<script type=\"application\/ld+json\" class=\"yoast-schema-graph\">{\"@context\":\"https:\/\/schema.org\",\"@graph\":[{\"@type\":\"WebPage\",\"@id\":\"https:\/\/wyborznatury.pl\/produkt\/papryczki-peperoni-nadziewane-serem\/\",\"url\":\"https:\/\/wyborznatury.pl\/produkt\/papryczki-peperoni-nadziewane-serem\/\",\"name\":\"Papryczki peperoni nadziewane serem - Wyborznatury\",\"isPartOf\":{\"@id\":\"https:\/\/wyborznatury.pl\/#website\"},\"datePublished\":\"2024-02-15T14:37:10+00:00\",\"dateModified\":\"2024-02-15T14:37:11+00:00\",\"breadcrumb\":{\"@id\":\"https:\/\/wyborznatury.pl\/produkt\/papryczki-peperoni-nadziewane-serem\/#breadcrumb\"},\"inLanguage\":\"sr-RS\",\"potentialAction\":[{\"@type\":\"ReadAction\",\"target\":[\"https:\/\/wyborznatury.pl\/produkt\/papryczki-peperoni-nadziewane-serem\/\"]}]},{\"@type\":\"BreadcrumbList\",\"@id\":\"https:\/\/wyborznatury.pl\/produkt\/papryczki-peperoni-nadziewane-serem\/#breadcrumb\",\"itemListElement\":[{\"@type\":\"ListItem\",\"position\":1,\"name\":\"Home\",\"item\":\"https:\/\/wyborznatury.pl\/\"},{\"@type\":\"ListItem\",\"position\":2,\"name\":\"Sklep\",\"item\":\"https:\/\/wyborznatury.pl\/shop-2\/\"},{\"@type\":\"ListItem\",\"position\":3,\"name\":\"Papryczki peperoni nadziewane serem\"}]},{\"@type\":\"WebSite\",\"@id\":\"https:\/\/wyborznatury.pl\/#website\",\"url\":\"https:\/\/wyborznatury.pl\/\",\"name\":\"Wyborznatury\",\"description\":\"Oficjalna prezentacja internetowa\",\"potentialAction\":[{\"@type\":\"SearchAction\",\"target\":{\"@type\":\"EntryPoint\",\"urlTemplate\":\"https:\/\/wyborznatury.pl\/?s={search_term_string}\"},\"query-input\":{\"@type\":\"PropertyValueSpecification\",\"valueRequired\":true,\"valueName\":\"search_term_string\"}}],\"inLanguage\":\"sr-RS\"}]}<\/script>\n<!-- \/ Yoast SEO plugin. -->","yoast_head_json":{"title":"Papryczki peperoni nadziewane serem - Wyborznatury","robots":{"index":"index","follow":"follow","max-snippet":"max-snippet:-1","max-image-preview":"max-image-preview:large","max-video-preview":"max-video-preview:-1"},"canonical":"https:\/\/wyborznatury.pl\/produkt\/papryczki-peperoni-nadziewane-serem\/","og_locale":"sr_RS","og_type":"article","og_title":"Papryczki peperoni nadziewane serem - Wyborznatury","og_description":"Zanurz si\u0119 w smaku Grecji z naszymi wyj\u0105tkowymi papryczkami peperoni nadziewanymi serem. Ka\u017cda soczysta papryczka peperoni jest starannie wyselekcjonowana, aby zapewni\u0107 intensywno\u015b\u0107 smaku i \u015bwie\u017co\u015b\u0107. Nasze papryczki s\u0105 delikatnie nadziewane kremowym serem feta, kt\u00f3ry dodaje nuty wyrazistego smaku i \u0142agodno\u015bci. Ostro\u015b\u0107 papryczek peperoni doskonale wsp\u00f3\u0142gra z delikatno\u015bci\u0105 sera feta, tworz\u0105c niezapomniane po\u0142\u0105czenie smakowe. Pikantny kopiec...","og_url":"https:\/\/wyborznatury.pl\/produkt\/papryczki-peperoni-nadziewane-serem\/","og_site_name":"Wyborznatury","article_modified_time":"2024-02-15T14:37:11+00:00","twitter_card":"summary_large_image","twitter_misc":{"\u041f\u0440\u043e\u0446\u0435\u045a\u0435\u043d\u043e \u0432\u0440\u0435\u043c\u0435 \u0447\u0438\u0442\u0430\u045a\u0430":"1 \u043c\u0438\u043d\u0443\u0442"},"schema":{"@context":"https:\/\/schema.org","@graph":[{"@type":"WebPage","@id":"https:\/\/wyborznatury.pl\/produkt\/papryczki-peperoni-nadziewane-serem\/","url":"https:\/\/wyborznatury.pl\/produkt\/papryczki-peperoni-nadziewane-serem\/","name":"Papryczki peperoni nadziewane serem - Wyborznatury","isPartOf":{"@id":"https:\/\/wyborznatury.pl\/#website"},"datePublished":"2024-02-15T14:37:10+00:00","dateModified":"2024-02-15T14:37:11+00:00","breadcrumb":{"@id":"https:\/\/wyborznatury.pl\/produkt\/papryczki-peperoni-nadziewane-serem\/#breadcrumb"},"inLanguage":"sr-RS","potentialAction":[{"@type":"ReadAction","target":["https:\/\/wyborznatury.pl\/produkt\/papryczki-peperoni-nadziewane-serem\/"]}]},{"@type":"BreadcrumbList","@id":"https:\/\/wyborznatury.pl\/produkt\/papryczki-peperoni-nadziewane-serem\/#breadcrumb","itemListElement":[{"@type":"ListItem","position":1,"name":"Home","item":"https:\/\/wyborznatury.pl\/"},{"@type":"ListItem","position":2,"name":"Sklep","item":"https:\/\/wyborznatury.pl\/shop-2\/"},{"@type":"ListItem","position":3,"name":"Papryczki peperoni nadziewane serem"}]},{"@type":"WebSite","@id":"https:\/\/wyborznatury.pl\/#website","url":"https:\/\/wyborznatury.pl\/","name":"Wyborznatury","description":"Oficjalna prezentacja internetowa","potentialAction":[{"@type":"SearchAction","target":{"@type":"EntryPoint","urlTemplate":"https:\/\/wyborznatury.pl\/?s={search_term_string}"},"query-input":{"@type":"PropertyValueSpecification","valueRequired":true,"valueName":"search_term_string"}}],"inLanguage":"sr-RS"}]}},"_links":{"self":[{"href":"https:\/\/wyborznatury.pl\/sr\/wp-json\/wp\/v2\/product\/3474","targetHints":{"allow":["GET"]}}],"collection":[{"href":"https:\/\/wyborznatury.pl\/sr\/wp-json\/wp\/v2\/product"}],"about":[{"href":"https:\/\/wyborznatury.pl\/sr\/wp-json\/wp\/v2\/types\/product"}],"replies":[{"embeddable":true,"href":"https:\/\/wyborznatury.pl\/sr\/wp-json\/wp\/v2\/comments?post=3474"}],"wp:attachment":[{"href":"https:\/\/wyborznatury.pl\/sr\/wp-json\/wp\/v2\/media?parent=3474"}],"wp:term":[{"taxonomy":"product_brand","embeddable":true,"href":"https:\/\/wyborznatury.pl\/sr\/wp-json\/wp\/v2\/product_brand?post=3474"},{"taxonomy":"product_cat","embeddable":true,"href":"https:\/\/wyborznatury.pl\/sr\/wp-json\/wp\/v2\/product_cat?post=3474"},{"taxonomy":"product_tag","embeddable":true,"href":"https:\/\/wyborznatury.pl\/sr\/wp-json\/wp\/v2\/product_tag?post=3474"}],"curies":[{"name":"wp","href":"https:\/\/api.w.org\/{rel}","templated":true}]}}