{"id":7382,"date":"2026-05-07T09:55:03","date_gmt":"2026-05-07T09:55:03","guid":{"rendered":"https:\/\/wyborznatury.pl\/product\/sol-morska-jodowana-drobnoziarnista-1kg-solana-pag\/"},"modified":"2026-05-10T18:00:16","modified_gmt":"2026-05-10T18:00:16","slug":"sol-morska-jodowana-drobnoziarnista-1kg-solana-pag","status":"publish","type":"product","link":"https:\/\/wyborznatury.pl\/en\/produkt\/sol-morska-jodowana-drobnoziarnista-1kg-solana-pag\/","title":{"rendered":"S\u00f3l morska jodowana Drobnoziarnista 1kg Solana Pag"},"content":{"rendered":"<h2>S\u00f3l Morska Drobnoziarnista 1 kg &#8211; Solana Pag<\/h2>\n<p>Solana Pag d.d.<\/p>\n<p>Kod kreskowy: 5907585469015<\/p>\n<p>Zawarto\u015b\u0107 netto:1 &nbsp;kg<\/p>\n<p>Cena kat.<\/p>\n<p>S\u00d3L MORSKA DROBNOZIARNISTA<\/p>\n<p>S\u00f3l morska jodowana<\/p>\n<p>S\u00f3l morska pozyskiwana jest poprzez naturalne odparowanie wody morskiej pod wp\u0142ywem promieni s\u0142onecznych. S\u00f3l morska ma bardziej wyrazisty smak ni\u017c s\u00f3l kamienna, dzi\u0119ki czemu zu\u017cywa si\u0119 jej mniej.<\/p>\n<p>Masa netto: 1 kg<\/p>\n<p>Sk\u0142adniki: s\u00f3l morska, E-536 &#8211; substancja przeciwzbrylaj\u0105ca, jodan potasu<\/p>\n<p>Zawarto\u015b\u0107 jodanu potasu wynosi 3,9 +\/- 1,3 mg\/ 100 g soli<\/p>\n<p>Warunki przechowania: Przechowywa\u0107 w suchym miejscu.<\/p>\n<p>&nbsp;<\/p>\n<p>Producent:<\/p>\n<p>Solana Pag d.d<\/p>\n<p>Pag. Svilno bb. Croatia<\/p>\n","protected":false},"excerpt":{"rendered":"<p>S\u00f3l Morska Drobnoziarnista 1 kg &#8211; Solana Pag Solana Pag d.d. Kod kreskowy: 5907585469015 Zawarto\u015b\u0107 netto:1 &nbsp;kg Cena kat. S\u00d3L MORSKA DROBNOZIARNISTA S\u00f3l morska jodowana S\u00f3l morska pozyskiwana jest poprzez naturalne odparowanie wody morskiej pod wp\u0142ywem promieni s\u0142onecznych. S\u00f3l morska ma bardziej wyrazisty smak ni\u017c s\u00f3l kamienna, dzi\u0119ki czemu zu\u017cywa si\u0119 jej mniej. Masa netto:&#8230;<\/p>\n","protected":false},"featured_media":7383,"comment_status":"","ping_status":"closed","template":"","meta":{"_acf_changed":false},"product_brand":[],"product_cat":[82],"product_tag":[],"class_list":{"0":"post-7382","1":"product","2":"type-product","3":"status-publish","4":"has-post-thumbnail","6":"product_cat-produkty-balkanskie","8":"first","9":"instock","10":"shipping-taxable","11":"purchasable","12":"product-type-simple"},"acf":[],"yoast_head":"<!-- This site is optimized with the Yoast SEO plugin v26.4 - https:\/\/yoast.com\/wordpress\/plugins\/seo\/ -->\n<title>S\u00f3l morska jodowana Drobnoziarnista 1kg Solana Pag - Wyborznatury<\/title>\n<meta name=\"robots\" content=\"index, follow, max-snippet:-1, max-image-preview:large, max-video-preview:-1\" \/>\n<link rel=\"canonical\" href=\"https:\/\/wyborznatury.pl\/produkt\/sol-morska-jodowana-drobnoziarnista-1kg-solana-pag\/\" \/>\n<meta property=\"og:locale\" content=\"en_US\" \/>\n<meta property=\"og:type\" content=\"article\" \/>\n<meta property=\"og:title\" content=\"S\u00f3l morska jodowana Drobnoziarnista 1kg Solana Pag - Wyborznatury\" \/>\n<meta property=\"og:description\" content=\"S\u00f3l Morska Drobnoziarnista 1 kg &#8211; Solana Pag Solana Pag d.d. Kod kreskowy: 5907585469015 Zawarto\u015b\u0107 netto:1 &nbsp;kg Cena kat. S\u00d3L MORSKA DROBNOZIARNISTA S\u00f3l morska jodowana S\u00f3l morska pozyskiwana jest poprzez naturalne odparowanie wody morskiej pod wp\u0142ywem promieni s\u0142onecznych. S\u00f3l morska ma bardziej wyrazisty smak ni\u017c s\u00f3l kamienna, dzi\u0119ki czemu zu\u017cywa si\u0119 jej mniej. Masa netto:...\" \/>\n<meta property=\"og:url\" content=\"https:\/\/wyborznatury.pl\/produkt\/sol-morska-jodowana-drobnoziarnista-1kg-solana-pag\/\" \/>\n<meta property=\"og:site_name\" content=\"Wyborznatury\" \/>\n<meta property=\"article:modified_time\" content=\"2026-05-10T18:00:16+00:00\" \/>\n<meta name=\"twitter:card\" content=\"summary_large_image\" \/>\n<meta name=\"twitter:label1\" content=\"Est. reading time\" \/>\n\t<meta name=\"twitter:data1\" content=\"1 minute\" \/>\n<script type=\"application\/ld+json\" class=\"yoast-schema-graph\">{\"@context\":\"https:\/\/schema.org\",\"@graph\":[{\"@type\":\"WebPage\",\"@id\":\"https:\/\/wyborznatury.pl\/produkt\/sol-morska-jodowana-drobnoziarnista-1kg-solana-pag\/\",\"url\":\"https:\/\/wyborznatury.pl\/produkt\/sol-morska-jodowana-drobnoziarnista-1kg-solana-pag\/\",\"name\":\"S\u00f3l morska jodowana Drobnoziarnista 1kg Solana Pag - Wyborznatury\",\"isPartOf\":{\"@id\":\"https:\/\/wyborznatury.pl\/#website\"},\"primaryImageOfPage\":{\"@id\":\"https:\/\/wyborznatury.pl\/produkt\/sol-morska-jodowana-drobnoziarnista-1kg-solana-pag\/#primaryimage\"},\"image\":{\"@id\":\"https:\/\/wyborznatury.pl\/produkt\/sol-morska-jodowana-drobnoziarnista-1kg-solana-pag\/#primaryimage\"},\"thumbnailUrl\":\"https:\/\/wyborznatury.pl\/wp-content\/uploads\/2026\/05\/allegro-7382.webp\",\"datePublished\":\"2026-05-07T09:55:03+00:00\",\"dateModified\":\"2026-05-10T18:00:16+00:00\",\"breadcrumb\":{\"@id\":\"https:\/\/wyborznatury.pl\/produkt\/sol-morska-jodowana-drobnoziarnista-1kg-solana-pag\/#breadcrumb\"},\"inLanguage\":\"en-US\",\"potentialAction\":[{\"@type\":\"ReadAction\",\"target\":[\"https:\/\/wyborznatury.pl\/produkt\/sol-morska-jodowana-drobnoziarnista-1kg-solana-pag\/\"]}]},{\"@type\":\"ImageObject\",\"inLanguage\":\"en-US\",\"@id\":\"https:\/\/wyborznatury.pl\/produkt\/sol-morska-jodowana-drobnoziarnista-1kg-solana-pag\/#primaryimage\",\"url\":\"https:\/\/wyborznatury.pl\/wp-content\/uploads\/2026\/05\/allegro-7382.webp\",\"contentUrl\":\"https:\/\/wyborznatury.pl\/wp-content\/uploads\/2026\/05\/allegro-7382.webp\",\"width\":768,\"height\":795},{\"@type\":\"BreadcrumbList\",\"@id\":\"https:\/\/wyborznatury.pl\/produkt\/sol-morska-jodowana-drobnoziarnista-1kg-solana-pag\/#breadcrumb\",\"itemListElement\":[{\"@type\":\"ListItem\",\"position\":1,\"name\":\"Home\",\"item\":\"https:\/\/wyborznatury.pl\/\"},{\"@type\":\"ListItem\",\"position\":2,\"name\":\"Sklep\",\"item\":\"https:\/\/wyborznatury.pl\/shop-2\/\"},{\"@type\":\"ListItem\",\"position\":3,\"name\":\"S\u00f3l morska jodowana Drobnoziarnista 1kg Solana Pag\"}]},{\"@type\":\"WebSite\",\"@id\":\"https:\/\/wyborznatury.pl\/#website\",\"url\":\"https:\/\/wyborznatury.pl\/\",\"name\":\"Wyborznatury\",\"description\":\"Oficjalna prezentacja internetowa\",\"potentialAction\":[{\"@type\":\"SearchAction\",\"target\":{\"@type\":\"EntryPoint\",\"urlTemplate\":\"https:\/\/wyborznatury.pl\/?s={search_term_string}\"},\"query-input\":{\"@type\":\"PropertyValueSpecification\",\"valueRequired\":true,\"valueName\":\"search_term_string\"}}],\"inLanguage\":\"en-US\"}]}<\/script>\n<!-- \/ Yoast SEO plugin. -->","yoast_head_json":{"title":"S\u00f3l morska jodowana Drobnoziarnista 1kg Solana Pag - Wyborznatury","robots":{"index":"index","follow":"follow","max-snippet":"max-snippet:-1","max-image-preview":"max-image-preview:large","max-video-preview":"max-video-preview:-1"},"canonical":"https:\/\/wyborznatury.pl\/produkt\/sol-morska-jodowana-drobnoziarnista-1kg-solana-pag\/","og_locale":"en_US","og_type":"article","og_title":"S\u00f3l morska jodowana Drobnoziarnista 1kg Solana Pag - Wyborznatury","og_description":"S\u00f3l Morska Drobnoziarnista 1 kg &#8211; Solana Pag Solana Pag d.d. Kod kreskowy: 5907585469015 Zawarto\u015b\u0107 netto:1 &nbsp;kg Cena kat. S\u00d3L MORSKA DROBNOZIARNISTA S\u00f3l morska jodowana S\u00f3l morska pozyskiwana jest poprzez naturalne odparowanie wody morskiej pod wp\u0142ywem promieni s\u0142onecznych. S\u00f3l morska ma bardziej wyrazisty smak ni\u017c s\u00f3l kamienna, dzi\u0119ki czemu zu\u017cywa si\u0119 jej mniej. Masa netto:...","og_url":"https:\/\/wyborznatury.pl\/produkt\/sol-morska-jodowana-drobnoziarnista-1kg-solana-pag\/","og_site_name":"Wyborznatury","article_modified_time":"2026-05-10T18:00:16+00:00","twitter_card":"summary_large_image","twitter_misc":{"Est. reading time":"1 minute"},"schema":{"@context":"https:\/\/schema.org","@graph":[{"@type":"WebPage","@id":"https:\/\/wyborznatury.pl\/produkt\/sol-morska-jodowana-drobnoziarnista-1kg-solana-pag\/","url":"https:\/\/wyborznatury.pl\/produkt\/sol-morska-jodowana-drobnoziarnista-1kg-solana-pag\/","name":"S\u00f3l morska jodowana Drobnoziarnista 1kg Solana Pag - Wyborznatury","isPartOf":{"@id":"https:\/\/wyborznatury.pl\/#website"},"primaryImageOfPage":{"@id":"https:\/\/wyborznatury.pl\/produkt\/sol-morska-jodowana-drobnoziarnista-1kg-solana-pag\/#primaryimage"},"image":{"@id":"https:\/\/wyborznatury.pl\/produkt\/sol-morska-jodowana-drobnoziarnista-1kg-solana-pag\/#primaryimage"},"thumbnailUrl":"https:\/\/wyborznatury.pl\/wp-content\/uploads\/2026\/05\/allegro-7382.webp","datePublished":"2026-05-07T09:55:03+00:00","dateModified":"2026-05-10T18:00:16+00:00","breadcrumb":{"@id":"https:\/\/wyborznatury.pl\/produkt\/sol-morska-jodowana-drobnoziarnista-1kg-solana-pag\/#breadcrumb"},"inLanguage":"en-US","potentialAction":[{"@type":"ReadAction","target":["https:\/\/wyborznatury.pl\/produkt\/sol-morska-jodowana-drobnoziarnista-1kg-solana-pag\/"]}]},{"@type":"ImageObject","inLanguage":"en-US","@id":"https:\/\/wyborznatury.pl\/produkt\/sol-morska-jodowana-drobnoziarnista-1kg-solana-pag\/#primaryimage","url":"https:\/\/wyborznatury.pl\/wp-content\/uploads\/2026\/05\/allegro-7382.webp","contentUrl":"https:\/\/wyborznatury.pl\/wp-content\/uploads\/2026\/05\/allegro-7382.webp","width":768,"height":795},{"@type":"BreadcrumbList","@id":"https:\/\/wyborznatury.pl\/produkt\/sol-morska-jodowana-drobnoziarnista-1kg-solana-pag\/#breadcrumb","itemListElement":[{"@type":"ListItem","position":1,"name":"Home","item":"https:\/\/wyborznatury.pl\/"},{"@type":"ListItem","position":2,"name":"Sklep","item":"https:\/\/wyborznatury.pl\/shop-2\/"},{"@type":"ListItem","position":3,"name":"S\u00f3l morska jodowana Drobnoziarnista 1kg Solana Pag"}]},{"@type":"WebSite","@id":"https:\/\/wyborznatury.pl\/#website","url":"https:\/\/wyborznatury.pl\/","name":"Wyborznatury","description":"Oficjalna prezentacja internetowa","potentialAction":[{"@type":"SearchAction","target":{"@type":"EntryPoint","urlTemplate":"https:\/\/wyborznatury.pl\/?s={search_term_string}"},"query-input":{"@type":"PropertyValueSpecification","valueRequired":true,"valueName":"search_term_string"}}],"inLanguage":"en-US"}]}},"_links":{"self":[{"href":"https:\/\/wyborznatury.pl\/en\/wp-json\/wp\/v2\/product\/7382","targetHints":{"allow":["GET"]}}],"collection":[{"href":"https:\/\/wyborznatury.pl\/en\/wp-json\/wp\/v2\/product"}],"about":[{"href":"https:\/\/wyborznatury.pl\/en\/wp-json\/wp\/v2\/types\/product"}],"replies":[{"embeddable":true,"href":"https:\/\/wyborznatury.pl\/en\/wp-json\/wp\/v2\/comments?post=7382"}],"wp:featuredmedia":[{"embeddable":true,"href":"https:\/\/wyborznatury.pl\/en\/wp-json\/wp\/v2\/media\/7383"}],"wp:attachment":[{"href":"https:\/\/wyborznatury.pl\/en\/wp-json\/wp\/v2\/media?parent=7382"}],"wp:term":[{"taxonomy":"product_brand","embeddable":true,"href":"https:\/\/wyborznatury.pl\/en\/wp-json\/wp\/v2\/product_brand?post=7382"},{"taxonomy":"product_cat","embeddable":true,"href":"https:\/\/wyborznatury.pl\/en\/wp-json\/wp\/v2\/product_cat?post=7382"},{"taxonomy":"product_tag","embeddable":true,"href":"https:\/\/wyborznatury.pl\/en\/wp-json\/wp\/v2\/product_tag?post=7382"}],"curies":[{"name":"wp","href":"https:\/\/api.w.org\/{rel}","templated":true}]}}