{"id":7295,"date":"2026-04-23T09:30:11","date_gmt":"2026-04-23T09:30:11","guid":{"rendered":"https:\/\/wyborznatury.pl\/?post_type=product&#038;p=7295"},"modified":"2026-04-26T18:25:11","modified_gmt":"2026-04-26T18:25:11","slug":"napoj-rozpuszczalny-o-smaku-pomaranczy-cedevita-200-g","status":"publish","type":"product","link":"https:\/\/wyborznatury.pl\/en\/produkt\/napoj-rozpuszczalny-o-smaku-pomaranczy-cedevita-200-g\/","title":{"rendered":"Nap\u00f3j rozpuszczalny o smaku pomara\u0144czy Cedevita 200 g"},"content":{"rendered":"<h2>Nap\u00f3j rozpuszczalny o smaku pomaranczowym Cedevita 200g<\/h2>\n<p>Cedevita<\/p>\n<h2>Nap\u00f3j rozpuszczalny Cedevita pomara\u0144\u0107za<\/h2>\n<p>Cedevita orange jest teraz w nowym, nowoczesnym i nigdy nie bardziej wygodnym i praktycznym opakowaniu z zakr\u0119tk\u0105, kt\u00f3ra zapewnia doskona\u0142\u0105 funkcjonalno\u015b\u0107 poprzez \u0142atwiejsze i bardziej kontrolowane nalewanie bezpo\u015brednio do szklanki lub wsypywanie ulubionej Cedevity do \u015bredniego lub najmniejszego opakowania. Ponadto umo\u017cliwia konsumentom niezwykle \u0142atwe otwieranie i zamykanie go podczas u\u017cytkowania, a tak\u017ce lepsz\u0105 konserwacj\u0119 samego produktu oraz zachowanie maksymalnej jako\u015bci i \u015bwie\u017co\u015bci.<\/p>\n<ul>\n<li>C, B2, B6, B12, niacyna i kwas foliowy przyczyniaj\u0105 si\u0119 do zmniejszenia uczucia zm\u0119czenia i znu\u017cenia<\/li>\n<li>C, B6, B12 i kwas foliowy przyczyniaj\u0105 si\u0119 do prawid\u0142owego funkcjonowania uk\u0142adu odporno\u015bciowego<\/li>\n<li>C, E i B2 przyczyniaj\u0105 si\u0119 do ochrony kom\u00f3rek przed stresem oksydacyjnym<\/li>\n<\/ul>\n<p>Sk\u0142adniki:<\/p>\n<p>cukier, kwas: kwas cytrynowy, regulator kwasowo\u015bci\/kwasu: wodorow\u0119glan sodu, naturalny aromat pomara\u0144czowy, proszek z owoc\u00f3w pomara\u0144czy (Citrus aurantium subsp. dulcis) 0,1% (co odpowiada 1% \u015bwie\u017cej pomara\u0144czy), barwnik\/barwnik: E160e, kwas L-askorbinowy kwas, octan DL-alfa-tokoferylu, nikotynamid, substancja zag\u0119szczaj\u0105ca: E414, D-pantotenian wapnia, monoazotan tiaminy, ryboflawina-5&#8242;-fosforan sodu, chlorowodorek pirydoksyny, cyjanokobalamina, kwas pteroilomonoglutaminowy.<\/p>\n<ul>\n<li><b>Temperatura przechowywania:<\/b> pokojowa<\/li>\n<li><b>5.0 TERMIN DO:<\/b> 81245|81331|81360<\/li>\n<li><b>Kod Kreskowy::<\/b> 3850322003527<\/li>\n<li><b>Kraj Pochodzenia::<\/b> Chorwacja<\/li>\n<li><b>Pojemno\u015b\u0107\/Waga::<\/b> 200g<\/li>\n<li><b>Rodzaj Opakowania::<\/b> Puszka<\/li>\n<li><b>Ilo\u015b\u0107 sztuk w opakowaniu zbiorczym::<\/b> 15<\/li>\n<\/ul>\n","protected":false},"excerpt":{"rendered":"<p>Nap\u00f3j rozpuszczalny o smaku pomaranczowym Cedevita 200g Cedevita Nap\u00f3j rozpuszczalny Cedevita pomara\u0144\u0107za Cedevita orange jest teraz w nowym, nowoczesnym i nigdy nie bardziej wygodnym i praktycznym opakowaniu z zakr\u0119tk\u0105, kt\u00f3ra zapewnia doskona\u0142\u0105 funkcjonalno\u015b\u0107 poprzez \u0142atwiejsze i bardziej kontrolowane nalewanie bezpo\u015brednio do szklanki lub wsypywanie ulubionej Cedevity do \u015bredniego lub najmniejszego opakowania. Ponadto umo\u017cliwia konsumentom niezwykle&#8230;<\/p>\n","protected":false},"featured_media":7306,"comment_status":"closed","ping_status":"closed","template":"","meta":{"_acf_changed":false},"product_brand":[],"product_cat":[82],"product_tag":[],"class_list":{"0":"post-7295","1":"product","2":"type-product","3":"status-publish","4":"has-post-thumbnail","6":"product_cat-produkty-balkanskie","8":"first","9":"instock","10":"shipping-taxable","11":"purchasable","12":"product-type-simple"},"acf":[],"yoast_head":"<!-- This site is optimized with the Yoast SEO plugin v26.4 - https:\/\/yoast.com\/wordpress\/plugins\/seo\/ -->\n<title>Nap\u00f3j rozpuszczalny o smaku pomara\u0144czy Cedevita 200 g - Wyborznatury<\/title>\n<meta name=\"robots\" content=\"index, follow, max-snippet:-1, max-image-preview:large, max-video-preview:-1\" \/>\n<link rel=\"canonical\" href=\"https:\/\/wyborznatury.pl\/produkt\/napoj-rozpuszczalny-o-smaku-pomaranczy-cedevita-200-g\/\" \/>\n<meta property=\"og:locale\" content=\"en_US\" \/>\n<meta property=\"og:type\" content=\"article\" \/>\n<meta property=\"og:title\" content=\"Nap\u00f3j rozpuszczalny o smaku pomara\u0144czy Cedevita 200 g - Wyborznatury\" \/>\n<meta property=\"og:description\" content=\"Nap\u00f3j rozpuszczalny o smaku pomaranczowym Cedevita 200g Cedevita Nap\u00f3j rozpuszczalny Cedevita pomara\u0144\u0107za Cedevita orange jest teraz w nowym, nowoczesnym i nigdy nie bardziej wygodnym i praktycznym opakowaniu z zakr\u0119tk\u0105, kt\u00f3ra zapewnia doskona\u0142\u0105 funkcjonalno\u015b\u0107 poprzez \u0142atwiejsze i bardziej kontrolowane nalewanie bezpo\u015brednio do szklanki lub wsypywanie ulubionej Cedevity do \u015bredniego lub najmniejszego opakowania. Ponadto umo\u017cliwia konsumentom niezwykle...\" \/>\n<meta property=\"og:url\" content=\"https:\/\/wyborznatury.pl\/produkt\/napoj-rozpuszczalny-o-smaku-pomaranczy-cedevita-200-g\/\" \/>\n<meta property=\"og:site_name\" content=\"Wyborznatury\" \/>\n<meta property=\"article:modified_time\" content=\"2026-04-26T18:25:11+00:00\" \/>\n<meta property=\"og:image\" content=\"https:\/\/wyborznatury.pl\/wp-content\/uploads\/2026\/04\/200g-1.webp\" \/>\n\t<meta property=\"og:image:width\" content=\"874\" \/>\n\t<meta property=\"og:image:height\" content=\"1174\" \/>\n\t<meta property=\"og:image:type\" content=\"image\/png\" \/>\n<meta name=\"twitter:card\" content=\"summary_large_image\" \/>\n<meta name=\"twitter:label1\" content=\"Est. reading time\" \/>\n\t<meta name=\"twitter:data1\" content=\"2 minutes\" \/>\n<script type=\"application\/ld+json\" class=\"yoast-schema-graph\">{\"@context\":\"https:\/\/schema.org\",\"@graph\":[{\"@type\":\"WebPage\",\"@id\":\"https:\/\/wyborznatury.pl\/produkt\/napoj-rozpuszczalny-o-smaku-pomaranczy-cedevita-200-g\/\",\"url\":\"https:\/\/wyborznatury.pl\/produkt\/napoj-rozpuszczalny-o-smaku-pomaranczy-cedevita-200-g\/\",\"name\":\"Nap\u00f3j rozpuszczalny o smaku pomara\u0144czy Cedevita 200 g - Wyborznatury\",\"isPartOf\":{\"@id\":\"https:\/\/wyborznatury.pl\/#website\"},\"primaryImageOfPage\":{\"@id\":\"https:\/\/wyborznatury.pl\/produkt\/napoj-rozpuszczalny-o-smaku-pomaranczy-cedevita-200-g\/#primaryimage\"},\"image\":{\"@id\":\"https:\/\/wyborznatury.pl\/produkt\/napoj-rozpuszczalny-o-smaku-pomaranczy-cedevita-200-g\/#primaryimage\"},\"thumbnailUrl\":\"https:\/\/wyborznatury.pl\/wp-content\/uploads\/2026\/04\/200g-1.webp\",\"datePublished\":\"2026-04-23T09:30:11+00:00\",\"dateModified\":\"2026-04-26T18:25:11+00:00\",\"breadcrumb\":{\"@id\":\"https:\/\/wyborznatury.pl\/produkt\/napoj-rozpuszczalny-o-smaku-pomaranczy-cedevita-200-g\/#breadcrumb\"},\"inLanguage\":\"en-US\",\"potentialAction\":[{\"@type\":\"ReadAction\",\"target\":[\"https:\/\/wyborznatury.pl\/produkt\/napoj-rozpuszczalny-o-smaku-pomaranczy-cedevita-200-g\/\"]}]},{\"@type\":\"ImageObject\",\"inLanguage\":\"en-US\",\"@id\":\"https:\/\/wyborznatury.pl\/produkt\/napoj-rozpuszczalny-o-smaku-pomaranczy-cedevita-200-g\/#primaryimage\",\"url\":\"https:\/\/wyborznatury.pl\/wp-content\/uploads\/2026\/04\/200g-1.webp\",\"contentUrl\":\"https:\/\/wyborznatury.pl\/wp-content\/uploads\/2026\/04\/200g-1.webp\",\"width\":874,\"height\":1174},{\"@type\":\"BreadcrumbList\",\"@id\":\"https:\/\/wyborznatury.pl\/produkt\/napoj-rozpuszczalny-o-smaku-pomaranczy-cedevita-200-g\/#breadcrumb\",\"itemListElement\":[{\"@type\":\"ListItem\",\"position\":1,\"name\":\"Home\",\"item\":\"https:\/\/wyborznatury.pl\/\"},{\"@type\":\"ListItem\",\"position\":2,\"name\":\"Sklep\",\"item\":\"https:\/\/wyborznatury.pl\/shop-2\/\"},{\"@type\":\"ListItem\",\"position\":3,\"name\":\"Nap\u00f3j rozpuszczalny o smaku pomara\u0144czy Cedevita 200 g\"}]},{\"@type\":\"WebSite\",\"@id\":\"https:\/\/wyborznatury.pl\/#website\",\"url\":\"https:\/\/wyborznatury.pl\/\",\"name\":\"Wyborznatury\",\"description\":\"Oficjalna prezentacja internetowa\",\"potentialAction\":[{\"@type\":\"SearchAction\",\"target\":{\"@type\":\"EntryPoint\",\"urlTemplate\":\"https:\/\/wyborznatury.pl\/?s={search_term_string}\"},\"query-input\":{\"@type\":\"PropertyValueSpecification\",\"valueRequired\":true,\"valueName\":\"search_term_string\"}}],\"inLanguage\":\"en-US\"}]}<\/script>\n<!-- \/ Yoast SEO plugin. -->","yoast_head_json":{"title":"Nap\u00f3j rozpuszczalny o smaku pomara\u0144czy Cedevita 200 g - Wyborznatury","robots":{"index":"index","follow":"follow","max-snippet":"max-snippet:-1","max-image-preview":"max-image-preview:large","max-video-preview":"max-video-preview:-1"},"canonical":"https:\/\/wyborznatury.pl\/produkt\/napoj-rozpuszczalny-o-smaku-pomaranczy-cedevita-200-g\/","og_locale":"en_US","og_type":"article","og_title":"Nap\u00f3j rozpuszczalny o smaku pomara\u0144czy Cedevita 200 g - Wyborznatury","og_description":"Nap\u00f3j rozpuszczalny o smaku pomaranczowym Cedevita 200g Cedevita Nap\u00f3j rozpuszczalny Cedevita pomara\u0144\u0107za Cedevita orange jest teraz w nowym, nowoczesnym i nigdy nie bardziej wygodnym i praktycznym opakowaniu z zakr\u0119tk\u0105, kt\u00f3ra zapewnia doskona\u0142\u0105 funkcjonalno\u015b\u0107 poprzez \u0142atwiejsze i bardziej kontrolowane nalewanie bezpo\u015brednio do szklanki lub wsypywanie ulubionej Cedevity do \u015bredniego lub najmniejszego opakowania. Ponadto umo\u017cliwia konsumentom niezwykle...","og_url":"https:\/\/wyborznatury.pl\/produkt\/napoj-rozpuszczalny-o-smaku-pomaranczy-cedevita-200-g\/","og_site_name":"Wyborznatury","article_modified_time":"2026-04-26T18:25:11+00:00","og_image":[{"width":874,"height":1174,"url":"https:\/\/wyborznatury.pl\/wp-content\/uploads\/2026\/04\/200g-1.webp","type":"image\/png"}],"twitter_card":"summary_large_image","twitter_misc":{"Est. reading time":"2 minutes"},"schema":{"@context":"https:\/\/schema.org","@graph":[{"@type":"WebPage","@id":"https:\/\/wyborznatury.pl\/produkt\/napoj-rozpuszczalny-o-smaku-pomaranczy-cedevita-200-g\/","url":"https:\/\/wyborznatury.pl\/produkt\/napoj-rozpuszczalny-o-smaku-pomaranczy-cedevita-200-g\/","name":"Nap\u00f3j rozpuszczalny o smaku pomara\u0144czy Cedevita 200 g - Wyborznatury","isPartOf":{"@id":"https:\/\/wyborznatury.pl\/#website"},"primaryImageOfPage":{"@id":"https:\/\/wyborznatury.pl\/produkt\/napoj-rozpuszczalny-o-smaku-pomaranczy-cedevita-200-g\/#primaryimage"},"image":{"@id":"https:\/\/wyborznatury.pl\/produkt\/napoj-rozpuszczalny-o-smaku-pomaranczy-cedevita-200-g\/#primaryimage"},"thumbnailUrl":"https:\/\/wyborznatury.pl\/wp-content\/uploads\/2026\/04\/200g-1.webp","datePublished":"2026-04-23T09:30:11+00:00","dateModified":"2026-04-26T18:25:11+00:00","breadcrumb":{"@id":"https:\/\/wyborznatury.pl\/produkt\/napoj-rozpuszczalny-o-smaku-pomaranczy-cedevita-200-g\/#breadcrumb"},"inLanguage":"en-US","potentialAction":[{"@type":"ReadAction","target":["https:\/\/wyborznatury.pl\/produkt\/napoj-rozpuszczalny-o-smaku-pomaranczy-cedevita-200-g\/"]}]},{"@type":"ImageObject","inLanguage":"en-US","@id":"https:\/\/wyborznatury.pl\/produkt\/napoj-rozpuszczalny-o-smaku-pomaranczy-cedevita-200-g\/#primaryimage","url":"https:\/\/wyborznatury.pl\/wp-content\/uploads\/2026\/04\/200g-1.webp","contentUrl":"https:\/\/wyborznatury.pl\/wp-content\/uploads\/2026\/04\/200g-1.webp","width":874,"height":1174},{"@type":"BreadcrumbList","@id":"https:\/\/wyborznatury.pl\/produkt\/napoj-rozpuszczalny-o-smaku-pomaranczy-cedevita-200-g\/#breadcrumb","itemListElement":[{"@type":"ListItem","position":1,"name":"Home","item":"https:\/\/wyborznatury.pl\/"},{"@type":"ListItem","position":2,"name":"Sklep","item":"https:\/\/wyborznatury.pl\/shop-2\/"},{"@type":"ListItem","position":3,"name":"Nap\u00f3j rozpuszczalny o smaku pomara\u0144czy Cedevita 200 g"}]},{"@type":"WebSite","@id":"https:\/\/wyborznatury.pl\/#website","url":"https:\/\/wyborznatury.pl\/","name":"Wyborznatury","description":"Oficjalna prezentacja internetowa","potentialAction":[{"@type":"SearchAction","target":{"@type":"EntryPoint","urlTemplate":"https:\/\/wyborznatury.pl\/?s={search_term_string}"},"query-input":{"@type":"PropertyValueSpecification","valueRequired":true,"valueName":"search_term_string"}}],"inLanguage":"en-US"}]}},"_links":{"self":[{"href":"https:\/\/wyborznatury.pl\/en\/wp-json\/wp\/v2\/product\/7295","targetHints":{"allow":["GET"]}}],"collection":[{"href":"https:\/\/wyborznatury.pl\/en\/wp-json\/wp\/v2\/product"}],"about":[{"href":"https:\/\/wyborznatury.pl\/en\/wp-json\/wp\/v2\/types\/product"}],"replies":[{"embeddable":true,"href":"https:\/\/wyborznatury.pl\/en\/wp-json\/wp\/v2\/comments?post=7295"}],"wp:featuredmedia":[{"embeddable":true,"href":"https:\/\/wyborznatury.pl\/en\/wp-json\/wp\/v2\/media\/7306"}],"wp:attachment":[{"href":"https:\/\/wyborznatury.pl\/en\/wp-json\/wp\/v2\/media?parent=7295"}],"wp:term":[{"taxonomy":"product_brand","embeddable":true,"href":"https:\/\/wyborznatury.pl\/en\/wp-json\/wp\/v2\/product_brand?post=7295"},{"taxonomy":"product_cat","embeddable":true,"href":"https:\/\/wyborznatury.pl\/en\/wp-json\/wp\/v2\/product_cat?post=7295"},{"taxonomy":"product_tag","embeddable":true,"href":"https:\/\/wyborznatury.pl\/en\/wp-json\/wp\/v2\/product_tag?post=7295"}],"curies":[{"name":"wp","href":"https:\/\/api.w.org\/{rel}","templated":true}]}}