{"id":7291,"date":"2026-04-23T09:20:04","date_gmt":"2026-04-23T09:20:04","guid":{"rendered":"https:\/\/wyborznatury.pl\/?post_type=product&#038;p=7291"},"modified":"2026-04-26T18:10:03","modified_gmt":"2026-04-26T18:10:03","slug":"napoj-rozpuszczalny-cedevita-ananas-i-mango-200g","status":"publish","type":"product","link":"https:\/\/wyborznatury.pl\/en\/produkt\/napoj-rozpuszczalny-cedevita-ananas-i-mango-200g\/","title":{"rendered":"Nap\u00f3j rozpuszczalny Cedevita ananas i mango 200g"},"content":{"rendered":"<h2>Nap\u00f3j rozpuszczalny Cedevita ananas i mango 200g<\/h2>\n<p>Cedevita<\/p>\n<p>Cedevita\u00ae korzystnie wp\u0142ywa na wzmocnienie odporno\u015bci i przywraca energi\u0119, dlatego polecana jest przy wzmo\u017conej aktywno\u015bci fizycznej i\/lub umys\u0142owej.<\/p>\n<h2>Nap\u00f3j rozpuszczalny Cedevita&nbsp;ananas i mango<\/h2>\n<ul>\n<li>orze\u017awiaj\u0105cy nap\u00f3j o naturalnym smaku&nbsp;ananasa i mango<\/li>\n<li>suplement diety odpowiedni dla wszystkich grup wiekowych i na ka\u017cd\u0105 okazj\u0119<\/li>\n<li>korzystnie wp\u0142ywa na wzmocnienie odporno\u015bci i przywraca energi\u0119<\/li>\n<li>zalecany przy wzmo\u017conej aktywno\u015bci fizycznej i\/lub umys\u0142owej<\/li>\n<\/ul>\n<p>Cedevita\u00ae korzystnie wp\u0142ywa na wzmocnienie odporno\u015bci i przywraca energi\u0119, dlatego polecana jest przy wzmo\u017conej aktywno\u015bci fizycznej i\/lub umys\u0142owej.<\/p>\n<p><b>Sk\u0142adniki:<\/b><\/p>\n<p>cukier, kwas: kwas cytrynowy, regulator kwasowo\u015bci: wodorow\u0119glan sodu, naturalny aromat cytrynowy, kwas L-askorbinowy, octan DL-alfa-tokoferylu, nikotynamid, substancja zag\u0119szczaj\u0105ca: E414, cyjanokobalamina, kwas pteroilomonoglutaminowy<\/p>\n","protected":false},"excerpt":{"rendered":"<p>Nap\u00f3j rozpuszczalny Cedevita ananas i mango 200g Cedevita Cedevita\u00ae korzystnie wp\u0142ywa na wzmocnienie odporno\u015bci i przywraca energi\u0119, dlatego polecana jest przy wzmo\u017conej aktywno\u015bci fizycznej i\/lub umys\u0142owej. Nap\u00f3j rozpuszczalny Cedevita&nbsp;ananas i mango orze\u017awiaj\u0105cy nap\u00f3j o naturalnym smaku&nbsp;ananasa i mango suplement diety odpowiedni dla wszystkich grup wiekowych i na ka\u017cd\u0105 okazj\u0119 korzystnie wp\u0142ywa na wzmocnienie odporno\u015bci i&#8230;<\/p>\n","protected":false},"featured_media":7292,"comment_status":"closed","ping_status":"closed","template":"","meta":{"_acf_changed":false},"product_brand":[],"product_cat":[82],"product_tag":[],"class_list":{"0":"post-7291","1":"product","2":"type-product","3":"status-publish","4":"has-post-thumbnail","6":"product_cat-produkty-balkanskie","8":"first","9":"instock","10":"shipping-taxable","11":"purchasable","12":"product-type-simple"},"acf":[],"yoast_head":"<!-- This site is optimized with the Yoast SEO plugin v26.4 - https:\/\/yoast.com\/wordpress\/plugins\/seo\/ -->\n<title>Nap\u00f3j rozpuszczalny Cedevita ananas i mango 200g - Wyborznatury<\/title>\n<meta name=\"robots\" content=\"index, follow, max-snippet:-1, max-image-preview:large, max-video-preview:-1\" \/>\n<link rel=\"canonical\" href=\"https:\/\/wyborznatury.pl\/produkt\/napoj-rozpuszczalny-cedevita-ananas-i-mango-200g\/\" \/>\n<meta property=\"og:locale\" content=\"en_US\" \/>\n<meta property=\"og:type\" content=\"article\" \/>\n<meta property=\"og:title\" content=\"Nap\u00f3j rozpuszczalny Cedevita ananas i mango 200g - Wyborznatury\" \/>\n<meta property=\"og:description\" content=\"Nap\u00f3j rozpuszczalny Cedevita ananas i mango 200g Cedevita Cedevita\u00ae korzystnie wp\u0142ywa na wzmocnienie odporno\u015bci i przywraca energi\u0119, dlatego polecana jest przy wzmo\u017conej aktywno\u015bci fizycznej i\/lub umys\u0142owej. Nap\u00f3j rozpuszczalny Cedevita&nbsp;ananas i mango orze\u017awiaj\u0105cy nap\u00f3j o naturalnym smaku&nbsp;ananasa i mango suplement diety odpowiedni dla wszystkich grup wiekowych i na ka\u017cd\u0105 okazj\u0119 korzystnie wp\u0142ywa na wzmocnienie odporno\u015bci i...\" \/>\n<meta property=\"og:url\" content=\"https:\/\/wyborznatury.pl\/produkt\/napoj-rozpuszczalny-cedevita-ananas-i-mango-200g\/\" \/>\n<meta property=\"og:site_name\" content=\"Wyborznatury\" \/>\n<meta property=\"article:modified_time\" content=\"2026-04-26T18:10:03+00:00\" \/>\n<meta property=\"og:image\" content=\"https:\/\/wyborznatury.pl\/wp-content\/uploads\/2026\/04\/allegro-7291.webp\" \/>\n\t<meta property=\"og:image:width\" content=\"874\" \/>\n\t<meta property=\"og:image:height\" content=\"874\" \/>\n\t<meta property=\"og:image:type\" content=\"image\/jpeg\" \/>\n<meta name=\"twitter:card\" content=\"summary_large_image\" \/>\n<meta name=\"twitter:label1\" content=\"Est. reading time\" \/>\n\t<meta name=\"twitter:data1\" content=\"1 minute\" \/>\n<script type=\"application\/ld+json\" class=\"yoast-schema-graph\">{\"@context\":\"https:\/\/schema.org\",\"@graph\":[{\"@type\":\"WebPage\",\"@id\":\"https:\/\/wyborznatury.pl\/produkt\/napoj-rozpuszczalny-cedevita-ananas-i-mango-200g\/\",\"url\":\"https:\/\/wyborznatury.pl\/produkt\/napoj-rozpuszczalny-cedevita-ananas-i-mango-200g\/\",\"name\":\"Nap\u00f3j rozpuszczalny Cedevita ananas i mango 200g - Wyborznatury\",\"isPartOf\":{\"@id\":\"https:\/\/wyborznatury.pl\/#website\"},\"primaryImageOfPage\":{\"@id\":\"https:\/\/wyborznatury.pl\/produkt\/napoj-rozpuszczalny-cedevita-ananas-i-mango-200g\/#primaryimage\"},\"image\":{\"@id\":\"https:\/\/wyborznatury.pl\/produkt\/napoj-rozpuszczalny-cedevita-ananas-i-mango-200g\/#primaryimage\"},\"thumbnailUrl\":\"https:\/\/wyborznatury.pl\/wp-content\/uploads\/2026\/04\/allegro-7291.webp\",\"datePublished\":\"2026-04-23T09:20:04+00:00\",\"dateModified\":\"2026-04-26T18:10:03+00:00\",\"breadcrumb\":{\"@id\":\"https:\/\/wyborznatury.pl\/produkt\/napoj-rozpuszczalny-cedevita-ananas-i-mango-200g\/#breadcrumb\"},\"inLanguage\":\"en-US\",\"potentialAction\":[{\"@type\":\"ReadAction\",\"target\":[\"https:\/\/wyborznatury.pl\/produkt\/napoj-rozpuszczalny-cedevita-ananas-i-mango-200g\/\"]}]},{\"@type\":\"ImageObject\",\"inLanguage\":\"en-US\",\"@id\":\"https:\/\/wyborznatury.pl\/produkt\/napoj-rozpuszczalny-cedevita-ananas-i-mango-200g\/#primaryimage\",\"url\":\"https:\/\/wyborznatury.pl\/wp-content\/uploads\/2026\/04\/allegro-7291.webp\",\"contentUrl\":\"https:\/\/wyborznatury.pl\/wp-content\/uploads\/2026\/04\/allegro-7291.webp\",\"width\":874,\"height\":874},{\"@type\":\"BreadcrumbList\",\"@id\":\"https:\/\/wyborznatury.pl\/produkt\/napoj-rozpuszczalny-cedevita-ananas-i-mango-200g\/#breadcrumb\",\"itemListElement\":[{\"@type\":\"ListItem\",\"position\":1,\"name\":\"Home\",\"item\":\"https:\/\/wyborznatury.pl\/\"},{\"@type\":\"ListItem\",\"position\":2,\"name\":\"Sklep\",\"item\":\"https:\/\/wyborznatury.pl\/shop-2\/\"},{\"@type\":\"ListItem\",\"position\":3,\"name\":\"Nap\u00f3j rozpuszczalny Cedevita ananas i mango 200g\"}]},{\"@type\":\"WebSite\",\"@id\":\"https:\/\/wyborznatury.pl\/#website\",\"url\":\"https:\/\/wyborznatury.pl\/\",\"name\":\"Wyborznatury\",\"description\":\"Oficjalna prezentacja internetowa\",\"potentialAction\":[{\"@type\":\"SearchAction\",\"target\":{\"@type\":\"EntryPoint\",\"urlTemplate\":\"https:\/\/wyborznatury.pl\/?s={search_term_string}\"},\"query-input\":{\"@type\":\"PropertyValueSpecification\",\"valueRequired\":true,\"valueName\":\"search_term_string\"}}],\"inLanguage\":\"en-US\"}]}<\/script>\n<!-- \/ Yoast SEO plugin. -->","yoast_head_json":{"title":"Nap\u00f3j rozpuszczalny Cedevita ananas i mango 200g - Wyborznatury","robots":{"index":"index","follow":"follow","max-snippet":"max-snippet:-1","max-image-preview":"max-image-preview:large","max-video-preview":"max-video-preview:-1"},"canonical":"https:\/\/wyborznatury.pl\/produkt\/napoj-rozpuszczalny-cedevita-ananas-i-mango-200g\/","og_locale":"en_US","og_type":"article","og_title":"Nap\u00f3j rozpuszczalny Cedevita ananas i mango 200g - Wyborznatury","og_description":"Nap\u00f3j rozpuszczalny Cedevita ananas i mango 200g Cedevita Cedevita\u00ae korzystnie wp\u0142ywa na wzmocnienie odporno\u015bci i przywraca energi\u0119, dlatego polecana jest przy wzmo\u017conej aktywno\u015bci fizycznej i\/lub umys\u0142owej. Nap\u00f3j rozpuszczalny Cedevita&nbsp;ananas i mango orze\u017awiaj\u0105cy nap\u00f3j o naturalnym smaku&nbsp;ananasa i mango suplement diety odpowiedni dla wszystkich grup wiekowych i na ka\u017cd\u0105 okazj\u0119 korzystnie wp\u0142ywa na wzmocnienie odporno\u015bci i...","og_url":"https:\/\/wyborznatury.pl\/produkt\/napoj-rozpuszczalny-cedevita-ananas-i-mango-200g\/","og_site_name":"Wyborznatury","article_modified_time":"2026-04-26T18:10:03+00:00","og_image":[{"width":874,"height":874,"url":"https:\/\/wyborznatury.pl\/wp-content\/uploads\/2026\/04\/allegro-7291.webp","type":"image\/jpeg"}],"twitter_card":"summary_large_image","twitter_misc":{"Est. reading time":"1 minute"},"schema":{"@context":"https:\/\/schema.org","@graph":[{"@type":"WebPage","@id":"https:\/\/wyborznatury.pl\/produkt\/napoj-rozpuszczalny-cedevita-ananas-i-mango-200g\/","url":"https:\/\/wyborznatury.pl\/produkt\/napoj-rozpuszczalny-cedevita-ananas-i-mango-200g\/","name":"Nap\u00f3j rozpuszczalny Cedevita ananas i mango 200g - Wyborznatury","isPartOf":{"@id":"https:\/\/wyborznatury.pl\/#website"},"primaryImageOfPage":{"@id":"https:\/\/wyborznatury.pl\/produkt\/napoj-rozpuszczalny-cedevita-ananas-i-mango-200g\/#primaryimage"},"image":{"@id":"https:\/\/wyborznatury.pl\/produkt\/napoj-rozpuszczalny-cedevita-ananas-i-mango-200g\/#primaryimage"},"thumbnailUrl":"https:\/\/wyborznatury.pl\/wp-content\/uploads\/2026\/04\/allegro-7291.webp","datePublished":"2026-04-23T09:20:04+00:00","dateModified":"2026-04-26T18:10:03+00:00","breadcrumb":{"@id":"https:\/\/wyborznatury.pl\/produkt\/napoj-rozpuszczalny-cedevita-ananas-i-mango-200g\/#breadcrumb"},"inLanguage":"en-US","potentialAction":[{"@type":"ReadAction","target":["https:\/\/wyborznatury.pl\/produkt\/napoj-rozpuszczalny-cedevita-ananas-i-mango-200g\/"]}]},{"@type":"ImageObject","inLanguage":"en-US","@id":"https:\/\/wyborznatury.pl\/produkt\/napoj-rozpuszczalny-cedevita-ananas-i-mango-200g\/#primaryimage","url":"https:\/\/wyborznatury.pl\/wp-content\/uploads\/2026\/04\/allegro-7291.webp","contentUrl":"https:\/\/wyborznatury.pl\/wp-content\/uploads\/2026\/04\/allegro-7291.webp","width":874,"height":874},{"@type":"BreadcrumbList","@id":"https:\/\/wyborznatury.pl\/produkt\/napoj-rozpuszczalny-cedevita-ananas-i-mango-200g\/#breadcrumb","itemListElement":[{"@type":"ListItem","position":1,"name":"Home","item":"https:\/\/wyborznatury.pl\/"},{"@type":"ListItem","position":2,"name":"Sklep","item":"https:\/\/wyborznatury.pl\/shop-2\/"},{"@type":"ListItem","position":3,"name":"Nap\u00f3j rozpuszczalny Cedevita ananas i mango 200g"}]},{"@type":"WebSite","@id":"https:\/\/wyborznatury.pl\/#website","url":"https:\/\/wyborznatury.pl\/","name":"Wyborznatury","description":"Oficjalna prezentacja internetowa","potentialAction":[{"@type":"SearchAction","target":{"@type":"EntryPoint","urlTemplate":"https:\/\/wyborznatury.pl\/?s={search_term_string}"},"query-input":{"@type":"PropertyValueSpecification","valueRequired":true,"valueName":"search_term_string"}}],"inLanguage":"en-US"}]}},"_links":{"self":[{"href":"https:\/\/wyborznatury.pl\/en\/wp-json\/wp\/v2\/product\/7291","targetHints":{"allow":["GET"]}}],"collection":[{"href":"https:\/\/wyborznatury.pl\/en\/wp-json\/wp\/v2\/product"}],"about":[{"href":"https:\/\/wyborznatury.pl\/en\/wp-json\/wp\/v2\/types\/product"}],"replies":[{"embeddable":true,"href":"https:\/\/wyborznatury.pl\/en\/wp-json\/wp\/v2\/comments?post=7291"}],"wp:featuredmedia":[{"embeddable":true,"href":"https:\/\/wyborznatury.pl\/en\/wp-json\/wp\/v2\/media\/7292"}],"wp:attachment":[{"href":"https:\/\/wyborznatury.pl\/en\/wp-json\/wp\/v2\/media?parent=7291"}],"wp:term":[{"taxonomy":"product_brand","embeddable":true,"href":"https:\/\/wyborznatury.pl\/en\/wp-json\/wp\/v2\/product_brand?post=7291"},{"taxonomy":"product_cat","embeddable":true,"href":"https:\/\/wyborznatury.pl\/en\/wp-json\/wp\/v2\/product_cat?post=7291"},{"taxonomy":"product_tag","embeddable":true,"href":"https:\/\/wyborznatury.pl\/en\/wp-json\/wp\/v2\/product_tag?post=7291"}],"curies":[{"name":"wp","href":"https:\/\/api.w.org\/{rel}","templated":true}]}}