{"id":6413,"date":"2025-12-18T08:15:33","date_gmt":"2025-12-18T08:15:33","guid":{"rendered":"https:\/\/wyborznatury.pl\/product\/napoj-gazowany-coca-cola-lemon-zero-330-ml\/"},"modified":"2026-05-03T17:20:58","modified_gmt":"2026-05-03T17:20:58","slug":"napoj-gazowany-coca-cola-lemon-zero-330-ml","status":"publish","type":"product","link":"https:\/\/wyborznatury.pl\/en\/produkt\/napoj-gazowany-coca-cola-lemon-zero-330-ml\/","title":{"rendered":"Nap\u00f3j gazowany Coca-Cola Lemon Zero 330 ml"},"content":{"rendered":"<h1>Coca-Cola Lemon Zero 330ml<\/h1>\n<p>Ulubiona <b>Coca\u2011Cola Zero Sugar Lemon<\/b> to bezcukrowa cola, kt\u00f3ra wygl\u0105da i smakuje jak Coca\u2011Cola Original Taste, ale<b> <\/b>jest<b> bez cukru i o smaku cytrynowym.<\/b><\/p>\n<p><b>Zero kalorii, zero cukru.<\/b><\/p>\n<p>Ten ponadczasowy, klasyczny i cudownie ch\u0142odz\u0105cy nap\u00f3j bezalkoholowy z odrobin\u0105 cytryny zosta\u0142 zaprojektowany, aby ugasi\u0107 Twoje pragnienie rze\u015bkim i s\u0142odkim smakiem.<\/p>\n<p><b>Coca-Cola Zero Sugar Lemon<\/b> idealna do posi\u0142k\u00f3w, przeznaczona do dzielenia si\u0119, w domu i poza domem, podczas pikniku, grilla, ogl\u0105dania meczu lub przy innej okazji. Pyszna i orze\u017awiaj\u0105ca, podawaj na zimno, aby zapewni\u0107 maksymaln\u0105 przyjemno\u015b\u0107.<\/p>\n<p>Sk\u0142ad: woda, dwutlenek w\u0119gla, barwnik E 150d, sok cytrynowy z koncentratu soku cytrynowego (0,1%), substancje s\u0142odz\u0105ce: cyklaminian, acesulfam K i aspartam, naturalne aromaty, aromat kofeinowy, regulator kwasowo\u015bci: cytrynian sodu.<\/p>\n<p>Warto\u015b\u0107 od\u017cywcza (na 100ml):<\/p>\n<ul>\n<li>Energia 1kcal\/4kJ<\/li>\n<li>S\u00f3l 0,02g<\/li>\n<\/ul>\n","protected":false},"excerpt":{"rendered":"<p>Coca-Cola Lemon Zero 330ml Ulubiona Coca\u2011Cola Zero Sugar Lemon to bezcukrowa cola, kt\u00f3ra wygl\u0105da i smakuje jak Coca\u2011Cola Original Taste, ale jest bez cukru i o smaku cytrynowym. Zero kalorii, zero cukru. Ten ponadczasowy, klasyczny i cudownie ch\u0142odz\u0105cy nap\u00f3j bezalkoholowy z odrobin\u0105 cytryny zosta\u0142 zaprojektowany, aby ugasi\u0107 Twoje pragnienie rze\u015bkim i s\u0142odkim smakiem. Coca-Cola Zero&#8230;<\/p>\n","protected":false},"featured_media":6556,"comment_status":"closed","ping_status":"closed","template":"","meta":{"_acf_changed":false},"product_brand":[],"product_cat":[82],"product_tag":[],"class_list":{"0":"post-6413","1":"product","2":"type-product","3":"status-publish","4":"has-post-thumbnail","6":"product_cat-produkty-balkanskie","8":"first","9":"instock","10":"shipping-taxable","11":"purchasable","12":"product-type-simple"},"acf":[],"yoast_head":"<!-- This site is optimized with the Yoast SEO plugin v26.4 - https:\/\/yoast.com\/wordpress\/plugins\/seo\/ -->\n<title>Nap\u00f3j gazowany Coca-Cola Lemon Zero 330 ml - Wyborznatury<\/title>\n<meta name=\"robots\" content=\"index, follow, max-snippet:-1, max-image-preview:large, max-video-preview:-1\" \/>\n<link rel=\"canonical\" href=\"https:\/\/wyborznatury.pl\/produkt\/napoj-gazowany-coca-cola-lemon-zero-330-ml\/\" \/>\n<meta property=\"og:locale\" content=\"en_US\" \/>\n<meta property=\"og:type\" content=\"article\" \/>\n<meta property=\"og:title\" content=\"Nap\u00f3j gazowany Coca-Cola Lemon Zero 330 ml - Wyborznatury\" \/>\n<meta property=\"og:description\" content=\"Coca-Cola Lemon Zero 330ml Ulubiona Coca\u2011Cola Zero Sugar Lemon to bezcukrowa cola, kt\u00f3ra wygl\u0105da i smakuje jak Coca\u2011Cola Original Taste, ale jest bez cukru i o smaku cytrynowym. Zero kalorii, zero cukru. Ten ponadczasowy, klasyczny i cudownie ch\u0142odz\u0105cy nap\u00f3j bezalkoholowy z odrobin\u0105 cytryny zosta\u0142 zaprojektowany, aby ugasi\u0107 Twoje pragnienie rze\u015bkim i s\u0142odkim smakiem. Coca-Cola Zero...\" \/>\n<meta property=\"og:url\" content=\"https:\/\/wyborznatury.pl\/produkt\/napoj-gazowany-coca-cola-lemon-zero-330-ml\/\" \/>\n<meta property=\"og:site_name\" content=\"Wyborznatury\" \/>\n<meta property=\"article:modified_time\" content=\"2026-05-03T17:20:58+00:00\" \/>\n<meta property=\"og:image\" content=\"https:\/\/wyborznatury.pl\/wp-content\/uploads\/2025\/12\/bb7ecc33432a97b5be26471e1e76.webp\" \/>\n\t<meta property=\"og:image:width\" content=\"400\" \/>\n\t<meta property=\"og:image:height\" content=\"400\" \/>\n\t<meta property=\"og:image:type\" content=\"image\/jpeg\" \/>\n<meta name=\"twitter:card\" content=\"summary_large_image\" \/>\n<meta name=\"twitter:label1\" content=\"Est. reading time\" \/>\n\t<meta name=\"twitter:data1\" content=\"1 minute\" \/>\n<script type=\"application\/ld+json\" class=\"yoast-schema-graph\">{\"@context\":\"https:\/\/schema.org\",\"@graph\":[{\"@type\":\"WebPage\",\"@id\":\"https:\/\/wyborznatury.pl\/produkt\/napoj-gazowany-coca-cola-lemon-zero-330-ml\/\",\"url\":\"https:\/\/wyborznatury.pl\/produkt\/napoj-gazowany-coca-cola-lemon-zero-330-ml\/\",\"name\":\"Nap\u00f3j gazowany Coca-Cola Lemon Zero 330 ml - Wyborznatury\",\"isPartOf\":{\"@id\":\"https:\/\/wyborznatury.pl\/#website\"},\"primaryImageOfPage\":{\"@id\":\"https:\/\/wyborznatury.pl\/produkt\/napoj-gazowany-coca-cola-lemon-zero-330-ml\/#primaryimage\"},\"image\":{\"@id\":\"https:\/\/wyborznatury.pl\/produkt\/napoj-gazowany-coca-cola-lemon-zero-330-ml\/#primaryimage\"},\"thumbnailUrl\":\"https:\/\/wyborznatury.pl\/wp-content\/uploads\/2025\/12\/bb7ecc33432a97b5be26471e1e76.webp\",\"datePublished\":\"2025-12-18T08:15:33+00:00\",\"dateModified\":\"2026-05-03T17:20:58+00:00\",\"breadcrumb\":{\"@id\":\"https:\/\/wyborznatury.pl\/produkt\/napoj-gazowany-coca-cola-lemon-zero-330-ml\/#breadcrumb\"},\"inLanguage\":\"en-US\",\"potentialAction\":[{\"@type\":\"ReadAction\",\"target\":[\"https:\/\/wyborznatury.pl\/produkt\/napoj-gazowany-coca-cola-lemon-zero-330-ml\/\"]}]},{\"@type\":\"ImageObject\",\"inLanguage\":\"en-US\",\"@id\":\"https:\/\/wyborznatury.pl\/produkt\/napoj-gazowany-coca-cola-lemon-zero-330-ml\/#primaryimage\",\"url\":\"https:\/\/wyborznatury.pl\/wp-content\/uploads\/2025\/12\/bb7ecc33432a97b5be26471e1e76.webp\",\"contentUrl\":\"https:\/\/wyborznatury.pl\/wp-content\/uploads\/2025\/12\/bb7ecc33432a97b5be26471e1e76.webp\",\"width\":400,\"height\":400},{\"@type\":\"BreadcrumbList\",\"@id\":\"https:\/\/wyborznatury.pl\/produkt\/napoj-gazowany-coca-cola-lemon-zero-330-ml\/#breadcrumb\",\"itemListElement\":[{\"@type\":\"ListItem\",\"position\":1,\"name\":\"Home\",\"item\":\"https:\/\/wyborznatury.pl\/\"},{\"@type\":\"ListItem\",\"position\":2,\"name\":\"Sklep\",\"item\":\"https:\/\/wyborznatury.pl\/shop-2\/\"},{\"@type\":\"ListItem\",\"position\":3,\"name\":\"Nap\u00f3j gazowany Coca-Cola Lemon Zero 330 ml\"}]},{\"@type\":\"WebSite\",\"@id\":\"https:\/\/wyborznatury.pl\/#website\",\"url\":\"https:\/\/wyborznatury.pl\/\",\"name\":\"Wyborznatury\",\"description\":\"Oficjalna prezentacja internetowa\",\"potentialAction\":[{\"@type\":\"SearchAction\",\"target\":{\"@type\":\"EntryPoint\",\"urlTemplate\":\"https:\/\/wyborznatury.pl\/?s={search_term_string}\"},\"query-input\":{\"@type\":\"PropertyValueSpecification\",\"valueRequired\":true,\"valueName\":\"search_term_string\"}}],\"inLanguage\":\"en-US\"}]}<\/script>\n<!-- \/ Yoast SEO plugin. -->","yoast_head_json":{"title":"Nap\u00f3j gazowany Coca-Cola Lemon Zero 330 ml - Wyborznatury","robots":{"index":"index","follow":"follow","max-snippet":"max-snippet:-1","max-image-preview":"max-image-preview:large","max-video-preview":"max-video-preview:-1"},"canonical":"https:\/\/wyborznatury.pl\/produkt\/napoj-gazowany-coca-cola-lemon-zero-330-ml\/","og_locale":"en_US","og_type":"article","og_title":"Nap\u00f3j gazowany Coca-Cola Lemon Zero 330 ml - Wyborznatury","og_description":"Coca-Cola Lemon Zero 330ml Ulubiona Coca\u2011Cola Zero Sugar Lemon to bezcukrowa cola, kt\u00f3ra wygl\u0105da i smakuje jak Coca\u2011Cola Original Taste, ale jest bez cukru i o smaku cytrynowym. Zero kalorii, zero cukru. Ten ponadczasowy, klasyczny i cudownie ch\u0142odz\u0105cy nap\u00f3j bezalkoholowy z odrobin\u0105 cytryny zosta\u0142 zaprojektowany, aby ugasi\u0107 Twoje pragnienie rze\u015bkim i s\u0142odkim smakiem. Coca-Cola Zero...","og_url":"https:\/\/wyborznatury.pl\/produkt\/napoj-gazowany-coca-cola-lemon-zero-330-ml\/","og_site_name":"Wyborznatury","article_modified_time":"2026-05-03T17:20:58+00:00","og_image":[{"width":400,"height":400,"url":"https:\/\/wyborznatury.pl\/wp-content\/uploads\/2025\/12\/bb7ecc33432a97b5be26471e1e76.webp","type":"image\/jpeg"}],"twitter_card":"summary_large_image","twitter_misc":{"Est. reading time":"1 minute"},"schema":{"@context":"https:\/\/schema.org","@graph":[{"@type":"WebPage","@id":"https:\/\/wyborznatury.pl\/produkt\/napoj-gazowany-coca-cola-lemon-zero-330-ml\/","url":"https:\/\/wyborznatury.pl\/produkt\/napoj-gazowany-coca-cola-lemon-zero-330-ml\/","name":"Nap\u00f3j gazowany Coca-Cola Lemon Zero 330 ml - Wyborznatury","isPartOf":{"@id":"https:\/\/wyborznatury.pl\/#website"},"primaryImageOfPage":{"@id":"https:\/\/wyborznatury.pl\/produkt\/napoj-gazowany-coca-cola-lemon-zero-330-ml\/#primaryimage"},"image":{"@id":"https:\/\/wyborznatury.pl\/produkt\/napoj-gazowany-coca-cola-lemon-zero-330-ml\/#primaryimage"},"thumbnailUrl":"https:\/\/wyborznatury.pl\/wp-content\/uploads\/2025\/12\/bb7ecc33432a97b5be26471e1e76.webp","datePublished":"2025-12-18T08:15:33+00:00","dateModified":"2026-05-03T17:20:58+00:00","breadcrumb":{"@id":"https:\/\/wyborznatury.pl\/produkt\/napoj-gazowany-coca-cola-lemon-zero-330-ml\/#breadcrumb"},"inLanguage":"en-US","potentialAction":[{"@type":"ReadAction","target":["https:\/\/wyborznatury.pl\/produkt\/napoj-gazowany-coca-cola-lemon-zero-330-ml\/"]}]},{"@type":"ImageObject","inLanguage":"en-US","@id":"https:\/\/wyborznatury.pl\/produkt\/napoj-gazowany-coca-cola-lemon-zero-330-ml\/#primaryimage","url":"https:\/\/wyborznatury.pl\/wp-content\/uploads\/2025\/12\/bb7ecc33432a97b5be26471e1e76.webp","contentUrl":"https:\/\/wyborznatury.pl\/wp-content\/uploads\/2025\/12\/bb7ecc33432a97b5be26471e1e76.webp","width":400,"height":400},{"@type":"BreadcrumbList","@id":"https:\/\/wyborznatury.pl\/produkt\/napoj-gazowany-coca-cola-lemon-zero-330-ml\/#breadcrumb","itemListElement":[{"@type":"ListItem","position":1,"name":"Home","item":"https:\/\/wyborznatury.pl\/"},{"@type":"ListItem","position":2,"name":"Sklep","item":"https:\/\/wyborznatury.pl\/shop-2\/"},{"@type":"ListItem","position":3,"name":"Nap\u00f3j gazowany Coca-Cola Lemon Zero 330 ml"}]},{"@type":"WebSite","@id":"https:\/\/wyborznatury.pl\/#website","url":"https:\/\/wyborznatury.pl\/","name":"Wyborznatury","description":"Oficjalna prezentacja internetowa","potentialAction":[{"@type":"SearchAction","target":{"@type":"EntryPoint","urlTemplate":"https:\/\/wyborznatury.pl\/?s={search_term_string}"},"query-input":{"@type":"PropertyValueSpecification","valueRequired":true,"valueName":"search_term_string"}}],"inLanguage":"en-US"}]}},"_links":{"self":[{"href":"https:\/\/wyborznatury.pl\/en\/wp-json\/wp\/v2\/product\/6413","targetHints":{"allow":["GET"]}}],"collection":[{"href":"https:\/\/wyborznatury.pl\/en\/wp-json\/wp\/v2\/product"}],"about":[{"href":"https:\/\/wyborznatury.pl\/en\/wp-json\/wp\/v2\/types\/product"}],"replies":[{"embeddable":true,"href":"https:\/\/wyborznatury.pl\/en\/wp-json\/wp\/v2\/comments?post=6413"}],"wp:featuredmedia":[{"embeddable":true,"href":"https:\/\/wyborznatury.pl\/en\/wp-json\/wp\/v2\/media\/6556"}],"wp:attachment":[{"href":"https:\/\/wyborznatury.pl\/en\/wp-json\/wp\/v2\/media?parent=6413"}],"wp:term":[{"taxonomy":"product_brand","embeddable":true,"href":"https:\/\/wyborznatury.pl\/en\/wp-json\/wp\/v2\/product_brand?post=6413"},{"taxonomy":"product_cat","embeddable":true,"href":"https:\/\/wyborznatury.pl\/en\/wp-json\/wp\/v2\/product_cat?post=6413"},{"taxonomy":"product_tag","embeddable":true,"href":"https:\/\/wyborznatury.pl\/en\/wp-json\/wp\/v2\/product_tag?post=6413"}],"curies":[{"name":"wp","href":"https:\/\/api.w.org\/{rel}","templated":true}]}}