{"id":6019,"date":"2025-10-23T19:48:33","date_gmt":"2025-10-23T19:48:33","guid":{"rendered":"https:\/\/wyborznatury.pl\/?post_type=product&#038;p=6019"},"modified":"2026-05-04T16:15:45","modified_gmt":"2026-05-04T16:15:45","slug":"polimark-delikates-majonez-500-g","status":"publish","type":"product","link":"https:\/\/wyborznatury.pl\/en\/produkt\/polimark-delikates-majonez-500-g\/","title":{"rendered":"Polimark Delikates Majonez 500 g"},"content":{"rendered":"<p data-start=\"85\" data-end=\"272\">Wyj\u0105tkowy majonez o najwy\u017cszej jako\u015bci \u2014 oto propozycja dla prawdziwych smakoszy. Nasz majonez zosta\u0142 przygotowany w oryginalnej recepturze, bez kompromis\u00f3w, z dba\u0142o\u015bci\u0105 o ka\u017cdy szczeg\u00f3\u0142.<\/p>\n<h3 data-start=\"274\" data-end=\"295\">\u2705 Co go wyr\u00f3\u017cnia:<\/h3>\n<ul data-start=\"296\" data-end=\"807\">\n<li data-start=\"296\" data-end=\"422\">\n<p data-start=\"298\" data-end=\"422\">Wytwarzany z <strong data-start=\"311\" data-end=\"348\">najlepszego oleju s\u0142onecznikowego<\/strong>, stanowi\u0105cego minimum 75% sk\u0142adu.<\/p>\n<\/li>\n<li data-start=\"423\" data-end=\"526\">\n<p data-start=\"425\" data-end=\"526\">Z dodatkiem wysokiej jako\u015bci <strong data-start=\"454\" data-end=\"468\">\u017c\u00f3\u0142tek jaj<\/strong> (6% w produkcie).<\/p>\n<\/li>\n<li data-start=\"527\" data-end=\"668\">\n<p data-start=\"529\" data-end=\"668\">Bez konserwant\u00f3w, wolny od glutenu \u2014 idealny tak\u017ce dla os\u00f3b o specjalnych wymaganiach \u017cywieniowych.<\/p>\n<\/li>\n<li data-start=\"669\" data-end=\"807\">\n<p data-start=\"671\" data-end=\"807\">Bogaty, kremowy smak i doskona\u0142a konsystencja \u2014 \u015bwietnie sprawdzi si\u0119 jako dodatek do sa\u0142atek, burger\u00f3w, kanapek czy jako baza do dip\u00f3w.<\/p>\n<\/li>\n<\/ul>\n<h3 data-start=\"809\" data-end=\"840\">\ud83e\udd57 Sk\u0142ad i dane \u017cywieniowe:<\/h3>\n<ul data-start=\"841\" data-end=\"1314\">\n<li data-start=\"841\" data-end=\"1034\">\n<p data-start=\"843\" data-end=\"1034\">Sk\u0142ad: rafinowany olej s\u0142onecznikowy (min. 75%), woda, \u017c\u00f3\u0142tka jaj (6 %), ocet, cukier, musztarda, s\u00f3l, aromat, kwas cytrynowy, przeciwutleniacz (E385).<\/p>\n<\/li>\n<li data-start=\"1035\" data-end=\"1212\">\n<p data-start=\"1037\" data-end=\"1212\">Warto\u015bci od\u017cywcze na 100 g: energia 2932 kJ \/ 713 kcal; t\u0142uszcze 77 g (w tym kwasy nasycone 9 g); w\u0119glowodany 2 g (cukry 1 g); s\u00f3l 1 g.<\/p>\n<\/li>\n<li data-start=\"1213\" data-end=\"1314\">\n<p data-start=\"1215\" data-end=\"1314\">Alergeny: zawiera produkty jajeczne (\u017c\u00f3\u0142tka) i musztardowe.<\/p>\n<\/li>\n<\/ul>\n<h3 data-start=\"1316\" data-end=\"1339\">\ud83c\udf21\ufe0f Przechowywanie:<\/h3>\n<p data-start=\"1340\" data-end=\"1463\">Przechowywa\u0107 w temperaturze od 5 \u00b0C do 25 \u00b0C. Po otwarciu \u2013 przechowywa\u0107 w lod\u00f3wce.<\/p>\n<hr data-start=\"1465\" data-end=\"1468\" \/>\n<p data-start=\"1470\" data-end=\"1624\">Dodaj ten majonez do swojego koszyka i odkryj, jak \u0142atwo mo\u017cna wzbogaci\u0107 smak klasycznych potraw \u2014 jednocze\u015bnie wybieraj\u0105c sk\u0142adniki, kt\u00f3rym mo\u017cna zaufa\u0107.<\/p>\n","protected":false},"excerpt":{"rendered":"<p>Wyj\u0105tkowy majonez o najwy\u017cszej jako\u015bci \u2014 oto propozycja dla prawdziwych smakoszy. Nasz majonez zosta\u0142 przygotowany w oryginalnej recepturze, bez kompromis\u00f3w, z dba\u0142o\u015bci\u0105 o ka\u017cdy szczeg\u00f3\u0142. \u2705 Co go wyr\u00f3\u017cnia: Wytwarzany z najlepszego oleju s\u0142onecznikowego, stanowi\u0105cego minimum 75% sk\u0142adu. Z dodatkiem wysokiej jako\u015bci \u017c\u00f3\u0142tek jaj (6% w produkcie). Bez konserwant\u00f3w, wolny od glutenu \u2014 idealny tak\u017ce&#8230;<\/p>\n","protected":false},"featured_media":6020,"comment_status":"closed","ping_status":"closed","template":"","meta":{"_acf_changed":false},"product_brand":[],"product_cat":[82],"product_tag":[],"class_list":{"0":"post-6019","1":"product","2":"type-product","3":"status-publish","4":"has-post-thumbnail","6":"product_cat-produkty-balkanskie","8":"first","9":"instock","10":"shipping-taxable","11":"purchasable","12":"product-type-simple"},"acf":[],"yoast_head":"<!-- This site is optimized with the Yoast SEO plugin v26.4 - https:\/\/yoast.com\/wordpress\/plugins\/seo\/ -->\n<title>Polimark Delikates Majonez 500 g - Wyborznatury<\/title>\n<meta name=\"robots\" content=\"index, follow, max-snippet:-1, max-image-preview:large, max-video-preview:-1\" \/>\n<link rel=\"canonical\" href=\"https:\/\/wyborznatury.pl\/produkt\/polimark-delikates-majonez-500-g\/\" \/>\n<meta property=\"og:locale\" content=\"en_US\" \/>\n<meta property=\"og:type\" content=\"article\" \/>\n<meta property=\"og:title\" content=\"Polimark Delikates Majonez 500 g - Wyborznatury\" \/>\n<meta property=\"og:description\" content=\"Wyj\u0105tkowy majonez o najwy\u017cszej jako\u015bci \u2014 oto propozycja dla prawdziwych smakoszy. Nasz majonez zosta\u0142 przygotowany w oryginalnej recepturze, bez kompromis\u00f3w, z dba\u0142o\u015bci\u0105 o ka\u017cdy szczeg\u00f3\u0142. \u2705 Co go wyr\u00f3\u017cnia: Wytwarzany z najlepszego oleju s\u0142onecznikowego, stanowi\u0105cego minimum 75% sk\u0142adu. Z dodatkiem wysokiej jako\u015bci \u017c\u00f3\u0142tek jaj (6% w produkcie). Bez konserwant\u00f3w, wolny od glutenu \u2014 idealny tak\u017ce...\" \/>\n<meta property=\"og:url\" content=\"https:\/\/wyborznatury.pl\/produkt\/polimark-delikates-majonez-500-g\/\" \/>\n<meta property=\"og:site_name\" content=\"Wyborznatury\" \/>\n<meta property=\"article:modified_time\" content=\"2026-05-04T16:15:45+00:00\" \/>\n<meta property=\"og:image\" content=\"https:\/\/wyborznatury.pl\/wp-content\/uploads\/2025\/10\/majonez.webp\" \/>\n\t<meta property=\"og:image:width\" content=\"600\" \/>\n\t<meta property=\"og:image:height\" content=\"600\" \/>\n\t<meta property=\"og:image:type\" content=\"image\/png\" \/>\n<meta name=\"twitter:card\" content=\"summary_large_image\" \/>\n<meta name=\"twitter:label1\" content=\"Est. reading time\" \/>\n\t<meta name=\"twitter:data1\" content=\"2 minutes\" \/>\n<script type=\"application\/ld+json\" class=\"yoast-schema-graph\">{\"@context\":\"https:\/\/schema.org\",\"@graph\":[{\"@type\":\"WebPage\",\"@id\":\"https:\/\/wyborznatury.pl\/produkt\/polimark-delikates-majonez-500-g\/\",\"url\":\"https:\/\/wyborznatury.pl\/produkt\/polimark-delikates-majonez-500-g\/\",\"name\":\"Polimark Delikates Majonez 500 g - Wyborznatury\",\"isPartOf\":{\"@id\":\"https:\/\/wyborznatury.pl\/#website\"},\"primaryImageOfPage\":{\"@id\":\"https:\/\/wyborznatury.pl\/produkt\/polimark-delikates-majonez-500-g\/#primaryimage\"},\"image\":{\"@id\":\"https:\/\/wyborznatury.pl\/produkt\/polimark-delikates-majonez-500-g\/#primaryimage\"},\"thumbnailUrl\":\"https:\/\/wyborznatury.pl\/wp-content\/uploads\/2025\/10\/majonez.webp\",\"datePublished\":\"2025-10-23T19:48:33+00:00\",\"dateModified\":\"2026-05-04T16:15:45+00:00\",\"breadcrumb\":{\"@id\":\"https:\/\/wyborznatury.pl\/produkt\/polimark-delikates-majonez-500-g\/#breadcrumb\"},\"inLanguage\":\"en-US\",\"potentialAction\":[{\"@type\":\"ReadAction\",\"target\":[\"https:\/\/wyborznatury.pl\/produkt\/polimark-delikates-majonez-500-g\/\"]}]},{\"@type\":\"ImageObject\",\"inLanguage\":\"en-US\",\"@id\":\"https:\/\/wyborznatury.pl\/produkt\/polimark-delikates-majonez-500-g\/#primaryimage\",\"url\":\"https:\/\/wyborznatury.pl\/wp-content\/uploads\/2025\/10\/majonez.webp\",\"contentUrl\":\"https:\/\/wyborznatury.pl\/wp-content\/uploads\/2025\/10\/majonez.webp\",\"width\":600,\"height\":600},{\"@type\":\"BreadcrumbList\",\"@id\":\"https:\/\/wyborznatury.pl\/produkt\/polimark-delikates-majonez-500-g\/#breadcrumb\",\"itemListElement\":[{\"@type\":\"ListItem\",\"position\":1,\"name\":\"Home\",\"item\":\"https:\/\/wyborznatury.pl\/\"},{\"@type\":\"ListItem\",\"position\":2,\"name\":\"Sklep\",\"item\":\"https:\/\/wyborznatury.pl\/shop-2\/\"},{\"@type\":\"ListItem\",\"position\":3,\"name\":\"Polimark Delikates Majonez 500 g\"}]},{\"@type\":\"WebSite\",\"@id\":\"https:\/\/wyborznatury.pl\/#website\",\"url\":\"https:\/\/wyborznatury.pl\/\",\"name\":\"Wyborznatury\",\"description\":\"Oficjalna prezentacja internetowa\",\"potentialAction\":[{\"@type\":\"SearchAction\",\"target\":{\"@type\":\"EntryPoint\",\"urlTemplate\":\"https:\/\/wyborznatury.pl\/?s={search_term_string}\"},\"query-input\":{\"@type\":\"PropertyValueSpecification\",\"valueRequired\":true,\"valueName\":\"search_term_string\"}}],\"inLanguage\":\"en-US\"}]}<\/script>\n<!-- \/ Yoast SEO plugin. -->","yoast_head_json":{"title":"Polimark Delikates Majonez 500 g - Wyborznatury","robots":{"index":"index","follow":"follow","max-snippet":"max-snippet:-1","max-image-preview":"max-image-preview:large","max-video-preview":"max-video-preview:-1"},"canonical":"https:\/\/wyborznatury.pl\/produkt\/polimark-delikates-majonez-500-g\/","og_locale":"en_US","og_type":"article","og_title":"Polimark Delikates Majonez 500 g - Wyborznatury","og_description":"Wyj\u0105tkowy majonez o najwy\u017cszej jako\u015bci \u2014 oto propozycja dla prawdziwych smakoszy. Nasz majonez zosta\u0142 przygotowany w oryginalnej recepturze, bez kompromis\u00f3w, z dba\u0142o\u015bci\u0105 o ka\u017cdy szczeg\u00f3\u0142. \u2705 Co go wyr\u00f3\u017cnia: Wytwarzany z najlepszego oleju s\u0142onecznikowego, stanowi\u0105cego minimum 75% sk\u0142adu. Z dodatkiem wysokiej jako\u015bci \u017c\u00f3\u0142tek jaj (6% w produkcie). Bez konserwant\u00f3w, wolny od glutenu \u2014 idealny tak\u017ce...","og_url":"https:\/\/wyborznatury.pl\/produkt\/polimark-delikates-majonez-500-g\/","og_site_name":"Wyborznatury","article_modified_time":"2026-05-04T16:15:45+00:00","og_image":[{"width":600,"height":600,"url":"https:\/\/wyborznatury.pl\/wp-content\/uploads\/2025\/10\/majonez.webp","type":"image\/png"}],"twitter_card":"summary_large_image","twitter_misc":{"Est. reading time":"2 minutes"},"schema":{"@context":"https:\/\/schema.org","@graph":[{"@type":"WebPage","@id":"https:\/\/wyborznatury.pl\/produkt\/polimark-delikates-majonez-500-g\/","url":"https:\/\/wyborznatury.pl\/produkt\/polimark-delikates-majonez-500-g\/","name":"Polimark Delikates Majonez 500 g - Wyborznatury","isPartOf":{"@id":"https:\/\/wyborznatury.pl\/#website"},"primaryImageOfPage":{"@id":"https:\/\/wyborznatury.pl\/produkt\/polimark-delikates-majonez-500-g\/#primaryimage"},"image":{"@id":"https:\/\/wyborznatury.pl\/produkt\/polimark-delikates-majonez-500-g\/#primaryimage"},"thumbnailUrl":"https:\/\/wyborznatury.pl\/wp-content\/uploads\/2025\/10\/majonez.webp","datePublished":"2025-10-23T19:48:33+00:00","dateModified":"2026-05-04T16:15:45+00:00","breadcrumb":{"@id":"https:\/\/wyborznatury.pl\/produkt\/polimark-delikates-majonez-500-g\/#breadcrumb"},"inLanguage":"en-US","potentialAction":[{"@type":"ReadAction","target":["https:\/\/wyborznatury.pl\/produkt\/polimark-delikates-majonez-500-g\/"]}]},{"@type":"ImageObject","inLanguage":"en-US","@id":"https:\/\/wyborznatury.pl\/produkt\/polimark-delikates-majonez-500-g\/#primaryimage","url":"https:\/\/wyborznatury.pl\/wp-content\/uploads\/2025\/10\/majonez.webp","contentUrl":"https:\/\/wyborznatury.pl\/wp-content\/uploads\/2025\/10\/majonez.webp","width":600,"height":600},{"@type":"BreadcrumbList","@id":"https:\/\/wyborznatury.pl\/produkt\/polimark-delikates-majonez-500-g\/#breadcrumb","itemListElement":[{"@type":"ListItem","position":1,"name":"Home","item":"https:\/\/wyborznatury.pl\/"},{"@type":"ListItem","position":2,"name":"Sklep","item":"https:\/\/wyborznatury.pl\/shop-2\/"},{"@type":"ListItem","position":3,"name":"Polimark Delikates Majonez 500 g"}]},{"@type":"WebSite","@id":"https:\/\/wyborznatury.pl\/#website","url":"https:\/\/wyborznatury.pl\/","name":"Wyborznatury","description":"Oficjalna prezentacja internetowa","potentialAction":[{"@type":"SearchAction","target":{"@type":"EntryPoint","urlTemplate":"https:\/\/wyborznatury.pl\/?s={search_term_string}"},"query-input":{"@type":"PropertyValueSpecification","valueRequired":true,"valueName":"search_term_string"}}],"inLanguage":"en-US"}]}},"_links":{"self":[{"href":"https:\/\/wyborznatury.pl\/en\/wp-json\/wp\/v2\/product\/6019","targetHints":{"allow":["GET"]}}],"collection":[{"href":"https:\/\/wyborznatury.pl\/en\/wp-json\/wp\/v2\/product"}],"about":[{"href":"https:\/\/wyborznatury.pl\/en\/wp-json\/wp\/v2\/types\/product"}],"replies":[{"embeddable":true,"href":"https:\/\/wyborznatury.pl\/en\/wp-json\/wp\/v2\/comments?post=6019"}],"wp:featuredmedia":[{"embeddable":true,"href":"https:\/\/wyborznatury.pl\/en\/wp-json\/wp\/v2\/media\/6020"}],"wp:attachment":[{"href":"https:\/\/wyborznatury.pl\/en\/wp-json\/wp\/v2\/media?parent=6019"}],"wp:term":[{"taxonomy":"product_brand","embeddable":true,"href":"https:\/\/wyborznatury.pl\/en\/wp-json\/wp\/v2\/product_brand?post=6019"},{"taxonomy":"product_cat","embeddable":true,"href":"https:\/\/wyborznatury.pl\/en\/wp-json\/wp\/v2\/product_cat?post=6019"},{"taxonomy":"product_tag","embeddable":true,"href":"https:\/\/wyborznatury.pl\/en\/wp-json\/wp\/v2\/product_tag?post=6019"}],"curies":[{"name":"wp","href":"https:\/\/api.w.org\/{rel}","templated":true}]}}