{"id":5005,"date":"2025-04-03T13:32:28","date_gmt":"2025-04-03T13:32:28","guid":{"rendered":"https:\/\/wyborznatury.pl\/?post_type=product&#038;p=5005"},"modified":"2026-05-05T18:21:09","modified_gmt":"2026-05-05T18:21:09","slug":"mladi-kajmak-mloda-bryndza-balkanska-200g","status":"publish","type":"product","link":"https:\/\/wyborznatury.pl\/en\/produkt\/mladi-kajmak-mloda-bryndza-balkanska-200g\/","title":{"rendered":"Mladi kajmak &#8211; M\u0142oda bryndza ba\u0142ka\u0144ska 200g"},"content":{"rendered":"<p><b>Kajmak<\/b>\u00a0to tradycyjny produkt mleczny pochodz\u0105cy z Ba\u0142kan\u00f3w, szczeg\u00f3lnie popularny w\u00a0<b>Serbii, Bo\u015bni i Hercegowinie, Czarnog\u00f3rze oraz Turcji<\/b>. Mo\u017cna go opisa\u0107 jako\u00a0<b>kremowy smarowid\u0142o mleczne<\/b>, kt\u00f3re powstaje poprzez zbieranie i fermentacj\u0119 g\u00f3rnej warstwy t\u0142uszczu z gotowanego i sch\u0142odzonego mleka.<\/p>\n<p><b>Jak powstaje kajmak?<\/b><\/p>\n<ol>\n<li><b>Mleko jest gotowane<\/b>, a nast\u0119pnie powoli sch\u0142adzane.<\/li>\n<li>Na powierzchni tworzy si\u0119\u00a0<b>warstwa t\u0142uszczu<\/b>, kt\u00f3ra jest ostro\u017cnie zbierana i pozostawiana do dojrzewania.<\/li>\n<li>Kajmak mo\u017ce by\u0107\u00a0<b>m\u0142ody<\/b>\u00a0(\u015bwie\u017cy i kremowy) lub\u00a0<b>dojrza\u0142y<\/b>\u00a0(bardziej intensywny w smaku).<\/li>\n<\/ol>\n<p><b>Rodzaje kajmaku:<\/b><\/p>\n<p>\u2705\u00a0<b>M\u0142ody kajmak<\/b>\u00a0\u2013 jasnokremowy, mi\u0119kki, o \u0142agodnym mlecznym smaku, cz\u0119sto u\u017cywany jako smarowid\u0142o.<\/p>\n<p>\u2705\u00a0<b>Dojrza\u0142y kajmak<\/b>\u00a0\u2013 fermentowany przez d\u0142u\u017cszy czas, o bardziej wyrazistym smaku i g\u0119stszej konsystencji.<\/p>\n<p><b>Jak go u\u017cywa\u0107?<\/b><\/p>\n<ul>\n<li>Jako\u00a0<b>smarowid\u0142o<\/b>\u00a0do chleba lub plack\u00f3w<\/li>\n<li>Jako dodatek do\u00a0<b>cevapi i pieczonego mi\u0119sa<\/b><\/li>\n<li>Do przygotowywania\u00a0<b>pity, gibanicy i innych tradycyjnych da\u0144<\/b><\/li>\n<li>W po\u0142\u0105czeniu z\u00a0<b>miodem<\/b>\u00a0jako pyszne i syc\u0105ce \u015bniadanie<\/li>\n<\/ul>\n<p><b>Jak wyja\u015bni\u0107 komu\u015b, kto nigdy go nie pr\u00f3bowa\u0142?<\/b><\/p>\n<p>Je\u015bli kto\u015b nigdy nie jad\u0142 kajmaku, mo\u017cna go por\u00f3wna\u0107 do:<\/p>\n<p><b>Mas\u0142a, ale bardziej kremowego i mlecznego<\/b><\/p>\n<p><b>Serka \u015bmietankowego, ale o intensywniejszym smaku<\/b><\/p>\n<p><b>\u015amietany, ale g\u0119stszej i bardziej tre\u015bciwej<\/b><\/p>\n<p>Wystarczy spr\u00f3bowa\u0107, aby zrozumie\u0107, dlaczego\u00a0<b>kajmak jest nieod\u0142\u0105cznym elementem ba\u0142ka\u0144skiej kuchni!<\/b>\u00a0\ud83d\ude0b<\/p>\n","protected":false},"excerpt":{"rendered":"<p>Kajmak\u00a0to tradycyjny produkt mleczny pochodz\u0105cy z Ba\u0142kan\u00f3w, szczeg\u00f3lnie popularny w\u00a0Serbii, Bo\u015bni i Hercegowinie, Czarnog\u00f3rze oraz Turcji. Mo\u017cna go opisa\u0107 jako\u00a0kremowy smarowid\u0142o mleczne, kt\u00f3re powstaje poprzez zbieranie i fermentacj\u0119 g\u00f3rnej warstwy t\u0142uszczu z gotowanego i sch\u0142odzonego mleka. Jak powstaje kajmak? Mleko jest gotowane, a nast\u0119pnie powoli sch\u0142adzane. Na powierzchni tworzy si\u0119\u00a0warstwa t\u0142uszczu, kt\u00f3ra jest ostro\u017cnie zbierana&#8230;<\/p>\n","protected":false},"featured_media":5006,"comment_status":"open","ping_status":"closed","template":"","meta":{"_acf_changed":false},"product_brand":[],"product_cat":[82],"product_tag":[],"class_list":{"0":"post-5005","1":"product","2":"type-product","3":"status-publish","4":"has-post-thumbnail","6":"product_cat-produkty-balkanskie","8":"first","9":"instock","10":"shipping-taxable","11":"purchasable","12":"product-type-simple"},"acf":[],"yoast_head":"<!-- This site is optimized with the Yoast SEO plugin v26.4 - https:\/\/yoast.com\/wordpress\/plugins\/seo\/ -->\n<title>Mladi kajmak - M\u0142oda bryndza ba\u0142ka\u0144ska 200g - Wyborznatury<\/title>\n<meta name=\"robots\" content=\"index, follow, max-snippet:-1, max-image-preview:large, max-video-preview:-1\" \/>\n<link rel=\"canonical\" href=\"https:\/\/wyborznatury.pl\/produkt\/mladi-kajmak-mloda-bryndza-balkanska-200g\/\" \/>\n<meta property=\"og:locale\" content=\"en_US\" \/>\n<meta property=\"og:type\" content=\"article\" \/>\n<meta property=\"og:title\" content=\"Mladi kajmak - M\u0142oda bryndza ba\u0142ka\u0144ska 200g - Wyborznatury\" \/>\n<meta property=\"og:description\" content=\"Kajmak\u00a0to tradycyjny produkt mleczny pochodz\u0105cy z Ba\u0142kan\u00f3w, szczeg\u00f3lnie popularny w\u00a0Serbii, Bo\u015bni i Hercegowinie, Czarnog\u00f3rze oraz Turcji. Mo\u017cna go opisa\u0107 jako\u00a0kremowy smarowid\u0142o mleczne, kt\u00f3re powstaje poprzez zbieranie i fermentacj\u0119 g\u00f3rnej warstwy t\u0142uszczu z gotowanego i sch\u0142odzonego mleka. Jak powstaje kajmak? Mleko jest gotowane, a nast\u0119pnie powoli sch\u0142adzane. Na powierzchni tworzy si\u0119\u00a0warstwa t\u0142uszczu, kt\u00f3ra jest ostro\u017cnie zbierana...\" \/>\n<meta property=\"og:url\" content=\"https:\/\/wyborznatury.pl\/produkt\/mladi-kajmak-mloda-bryndza-balkanska-200g\/\" \/>\n<meta property=\"og:site_name\" content=\"Wyborznatury\" \/>\n<meta property=\"article:modified_time\" content=\"2026-05-05T18:21:09+00:00\" \/>\n<meta property=\"og:image\" content=\"https:\/\/wyborznatury.pl\/wp-content\/uploads\/2025\/04\/1-7.webp\" \/>\n\t<meta property=\"og:image:width\" content=\"1920\" \/>\n\t<meta property=\"og:image:height\" content=\"1920\" \/>\n\t<meta property=\"og:image:type\" content=\"image\/jpeg\" \/>\n<meta name=\"twitter:card\" content=\"summary_large_image\" \/>\n<meta name=\"twitter:label1\" content=\"Est. reading time\" \/>\n\t<meta name=\"twitter:data1\" content=\"2 minutes\" \/>\n<script type=\"application\/ld+json\" class=\"yoast-schema-graph\">{\"@context\":\"https:\/\/schema.org\",\"@graph\":[{\"@type\":\"WebPage\",\"@id\":\"https:\/\/wyborznatury.pl\/produkt\/mladi-kajmak-mloda-bryndza-balkanska-200g\/\",\"url\":\"https:\/\/wyborznatury.pl\/produkt\/mladi-kajmak-mloda-bryndza-balkanska-200g\/\",\"name\":\"Mladi kajmak - M\u0142oda bryndza ba\u0142ka\u0144ska 200g - Wyborznatury\",\"isPartOf\":{\"@id\":\"https:\/\/wyborznatury.pl\/#website\"},\"primaryImageOfPage\":{\"@id\":\"https:\/\/wyborznatury.pl\/produkt\/mladi-kajmak-mloda-bryndza-balkanska-200g\/#primaryimage\"},\"image\":{\"@id\":\"https:\/\/wyborznatury.pl\/produkt\/mladi-kajmak-mloda-bryndza-balkanska-200g\/#primaryimage\"},\"thumbnailUrl\":\"https:\/\/wyborznatury.pl\/wp-content\/uploads\/2025\/04\/1-7.webp\",\"datePublished\":\"2025-04-03T13:32:28+00:00\",\"dateModified\":\"2026-05-05T18:21:09+00:00\",\"breadcrumb\":{\"@id\":\"https:\/\/wyborznatury.pl\/produkt\/mladi-kajmak-mloda-bryndza-balkanska-200g\/#breadcrumb\"},\"inLanguage\":\"en-US\",\"potentialAction\":[{\"@type\":\"ReadAction\",\"target\":[\"https:\/\/wyborznatury.pl\/produkt\/mladi-kajmak-mloda-bryndza-balkanska-200g\/\"]}]},{\"@type\":\"ImageObject\",\"inLanguage\":\"en-US\",\"@id\":\"https:\/\/wyborznatury.pl\/produkt\/mladi-kajmak-mloda-bryndza-balkanska-200g\/#primaryimage\",\"url\":\"https:\/\/wyborznatury.pl\/wp-content\/uploads\/2025\/04\/1-7.webp\",\"contentUrl\":\"https:\/\/wyborznatury.pl\/wp-content\/uploads\/2025\/04\/1-7.webp\",\"width\":1920,\"height\":1920},{\"@type\":\"BreadcrumbList\",\"@id\":\"https:\/\/wyborznatury.pl\/produkt\/mladi-kajmak-mloda-bryndza-balkanska-200g\/#breadcrumb\",\"itemListElement\":[{\"@type\":\"ListItem\",\"position\":1,\"name\":\"Home\",\"item\":\"https:\/\/wyborznatury.pl\/\"},{\"@type\":\"ListItem\",\"position\":2,\"name\":\"Sklep\",\"item\":\"https:\/\/wyborznatury.pl\/shop-2\/\"},{\"@type\":\"ListItem\",\"position\":3,\"name\":\"Mladi kajmak &#8211; M\u0142oda bryndza ba\u0142ka\u0144ska 200g\"}]},{\"@type\":\"WebSite\",\"@id\":\"https:\/\/wyborznatury.pl\/#website\",\"url\":\"https:\/\/wyborznatury.pl\/\",\"name\":\"Wyborznatury\",\"description\":\"Oficjalna prezentacja internetowa\",\"potentialAction\":[{\"@type\":\"SearchAction\",\"target\":{\"@type\":\"EntryPoint\",\"urlTemplate\":\"https:\/\/wyborznatury.pl\/?s={search_term_string}\"},\"query-input\":{\"@type\":\"PropertyValueSpecification\",\"valueRequired\":true,\"valueName\":\"search_term_string\"}}],\"inLanguage\":\"en-US\"}]}<\/script>\n<!-- \/ Yoast SEO plugin. -->","yoast_head_json":{"title":"Mladi kajmak - M\u0142oda bryndza ba\u0142ka\u0144ska 200g - Wyborznatury","robots":{"index":"index","follow":"follow","max-snippet":"max-snippet:-1","max-image-preview":"max-image-preview:large","max-video-preview":"max-video-preview:-1"},"canonical":"https:\/\/wyborznatury.pl\/produkt\/mladi-kajmak-mloda-bryndza-balkanska-200g\/","og_locale":"en_US","og_type":"article","og_title":"Mladi kajmak - M\u0142oda bryndza ba\u0142ka\u0144ska 200g - Wyborznatury","og_description":"Kajmak\u00a0to tradycyjny produkt mleczny pochodz\u0105cy z Ba\u0142kan\u00f3w, szczeg\u00f3lnie popularny w\u00a0Serbii, Bo\u015bni i Hercegowinie, Czarnog\u00f3rze oraz Turcji. Mo\u017cna go opisa\u0107 jako\u00a0kremowy smarowid\u0142o mleczne, kt\u00f3re powstaje poprzez zbieranie i fermentacj\u0119 g\u00f3rnej warstwy t\u0142uszczu z gotowanego i sch\u0142odzonego mleka. Jak powstaje kajmak? Mleko jest gotowane, a nast\u0119pnie powoli sch\u0142adzane. Na powierzchni tworzy si\u0119\u00a0warstwa t\u0142uszczu, kt\u00f3ra jest ostro\u017cnie zbierana...","og_url":"https:\/\/wyborznatury.pl\/produkt\/mladi-kajmak-mloda-bryndza-balkanska-200g\/","og_site_name":"Wyborznatury","article_modified_time":"2026-05-05T18:21:09+00:00","og_image":[{"width":1920,"height":1920,"url":"https:\/\/wyborznatury.pl\/wp-content\/uploads\/2025\/04\/1-7.webp","type":"image\/jpeg"}],"twitter_card":"summary_large_image","twitter_misc":{"Est. reading time":"2 minutes"},"schema":{"@context":"https:\/\/schema.org","@graph":[{"@type":"WebPage","@id":"https:\/\/wyborznatury.pl\/produkt\/mladi-kajmak-mloda-bryndza-balkanska-200g\/","url":"https:\/\/wyborznatury.pl\/produkt\/mladi-kajmak-mloda-bryndza-balkanska-200g\/","name":"Mladi kajmak - M\u0142oda bryndza ba\u0142ka\u0144ska 200g - Wyborznatury","isPartOf":{"@id":"https:\/\/wyborznatury.pl\/#website"},"primaryImageOfPage":{"@id":"https:\/\/wyborznatury.pl\/produkt\/mladi-kajmak-mloda-bryndza-balkanska-200g\/#primaryimage"},"image":{"@id":"https:\/\/wyborznatury.pl\/produkt\/mladi-kajmak-mloda-bryndza-balkanska-200g\/#primaryimage"},"thumbnailUrl":"https:\/\/wyborznatury.pl\/wp-content\/uploads\/2025\/04\/1-7.webp","datePublished":"2025-04-03T13:32:28+00:00","dateModified":"2026-05-05T18:21:09+00:00","breadcrumb":{"@id":"https:\/\/wyborznatury.pl\/produkt\/mladi-kajmak-mloda-bryndza-balkanska-200g\/#breadcrumb"},"inLanguage":"en-US","potentialAction":[{"@type":"ReadAction","target":["https:\/\/wyborznatury.pl\/produkt\/mladi-kajmak-mloda-bryndza-balkanska-200g\/"]}]},{"@type":"ImageObject","inLanguage":"en-US","@id":"https:\/\/wyborznatury.pl\/produkt\/mladi-kajmak-mloda-bryndza-balkanska-200g\/#primaryimage","url":"https:\/\/wyborznatury.pl\/wp-content\/uploads\/2025\/04\/1-7.webp","contentUrl":"https:\/\/wyborznatury.pl\/wp-content\/uploads\/2025\/04\/1-7.webp","width":1920,"height":1920},{"@type":"BreadcrumbList","@id":"https:\/\/wyborznatury.pl\/produkt\/mladi-kajmak-mloda-bryndza-balkanska-200g\/#breadcrumb","itemListElement":[{"@type":"ListItem","position":1,"name":"Home","item":"https:\/\/wyborznatury.pl\/"},{"@type":"ListItem","position":2,"name":"Sklep","item":"https:\/\/wyborznatury.pl\/shop-2\/"},{"@type":"ListItem","position":3,"name":"Mladi kajmak &#8211; M\u0142oda bryndza ba\u0142ka\u0144ska 200g"}]},{"@type":"WebSite","@id":"https:\/\/wyborznatury.pl\/#website","url":"https:\/\/wyborznatury.pl\/","name":"Wyborznatury","description":"Oficjalna prezentacja internetowa","potentialAction":[{"@type":"SearchAction","target":{"@type":"EntryPoint","urlTemplate":"https:\/\/wyborznatury.pl\/?s={search_term_string}"},"query-input":{"@type":"PropertyValueSpecification","valueRequired":true,"valueName":"search_term_string"}}],"inLanguage":"en-US"}]}},"_links":{"self":[{"href":"https:\/\/wyborznatury.pl\/en\/wp-json\/wp\/v2\/product\/5005","targetHints":{"allow":["GET"]}}],"collection":[{"href":"https:\/\/wyborznatury.pl\/en\/wp-json\/wp\/v2\/product"}],"about":[{"href":"https:\/\/wyborznatury.pl\/en\/wp-json\/wp\/v2\/types\/product"}],"replies":[{"embeddable":true,"href":"https:\/\/wyborznatury.pl\/en\/wp-json\/wp\/v2\/comments?post=5005"}],"wp:featuredmedia":[{"embeddable":true,"href":"https:\/\/wyborznatury.pl\/en\/wp-json\/wp\/v2\/media\/5006"}],"wp:attachment":[{"href":"https:\/\/wyborznatury.pl\/en\/wp-json\/wp\/v2\/media?parent=5005"}],"wp:term":[{"taxonomy":"product_brand","embeddable":true,"href":"https:\/\/wyborznatury.pl\/en\/wp-json\/wp\/v2\/product_brand?post=5005"},{"taxonomy":"product_cat","embeddable":true,"href":"https:\/\/wyborznatury.pl\/en\/wp-json\/wp\/v2\/product_cat?post=5005"},{"taxonomy":"product_tag","embeddable":true,"href":"https:\/\/wyborznatury.pl\/en\/wp-json\/wp\/v2\/product_tag?post=5005"}],"curies":[{"name":"wp","href":"https:\/\/api.w.org\/{rel}","templated":true}]}}