{"id":4832,"date":"2025-01-16T11:19:08","date_gmt":"2025-01-16T11:19:08","guid":{"rendered":"https:\/\/wyborznatury.pl\/?post_type=product&#038;p=4832"},"modified":"2026-04-26T16:51:11","modified_gmt":"2026-04-26T16:51:11","slug":"sok-z-moreli-tloczony-na-zimno-200-ml","status":"publish","type":"product","link":"https:\/\/wyborznatury.pl\/en\/produkt\/sok-z-moreli-tloczony-na-zimno-200-ml\/","title":{"rendered":"Sok z moreli t\u0142oczony na zimno &#8211; 200 ml"},"content":{"rendered":"<p>Odkryj wyj\u0105tkowy smak natury w ka\u017cdej kropli! Nasz <strong>sok z moreli t\u0142oczony na zimno<\/strong> w por\u0119cznej butelce o pojemno\u015bci 200 ml to esencja \u015bwie\u017co\u015bci i zdrowia. Wyprodukowany wy\u0142\u0105cznie z najwy\u017cszej jako\u015bci, dojrza\u0142ych moreli, t\u0142oczonych na zimno, zachowuje wszystkie naturalne witaminy, minera\u0142y i pe\u0142ni\u0119 owocowego aromatu.<\/p>\n<p><strong>Dlaczego warto wybra\u0107?<\/strong><\/p>\n<ul>\n<li>100% naturalny sk\u0142ad \u2013 bez dodatku cukru, konserwant\u00f3w ani sztucznych barwnik\u00f3w.<\/li>\n<li>Bogaty w witaminy A i C oraz antyoksydanty, kt\u00f3re wspieraj\u0105 zdrowie i odporno\u015b\u0107.<\/li>\n<li>Idealna, kompaktowa pojemno\u015b\u0107 \u2013 \u015bwietna do torebki, lunchboxa czy na drog\u0119.<\/li>\n<\/ul>\n<p>Delektuj si\u0119 zdrowym i autentycznym smakiem moreli, gdziekolwiek jeste\u015b. Doskona\u0142y wyb\u00f3r dla os\u00f3b ceni\u0105cych naturalne produkty i aktywny styl \u017cycia!<\/p>\n<p><strong>Spr\u00f3buj ju\u017c dzi\u015b i poczuj r\u00f3\u017cnic\u0119!<\/strong><\/p>\n","protected":false},"excerpt":{"rendered":"<p>Odkryj wyj\u0105tkowy smak natury w ka\u017cdej kropli! Nasz sok z moreli t\u0142oczony na zimno w por\u0119cznej butelce o pojemno\u015bci 200 ml to esencja \u015bwie\u017co\u015bci i zdrowia. Wyprodukowany wy\u0142\u0105cznie z najwy\u017cszej jako\u015bci, dojrza\u0142ych moreli, t\u0142oczonych na zimno, zachowuje wszystkie naturalne witaminy, minera\u0142y i pe\u0142ni\u0119 owocowego aromatu. Dlaczego warto wybra\u0107? 100% naturalny sk\u0142ad \u2013 bez dodatku cukru,&#8230;<\/p>\n","protected":false},"featured_media":4833,"comment_status":"open","ping_status":"closed","template":"","meta":{"_acf_changed":false},"product_brand":[],"product_cat":[82],"product_tag":[],"class_list":{"0":"post-4832","1":"product","2":"type-product","3":"status-publish","4":"has-post-thumbnail","6":"product_cat-produkty-balkanskie","8":"first","9":"instock","10":"shipping-taxable","11":"purchasable","12":"product-type-simple"},"acf":[],"yoast_head":"<!-- This site is optimized with the Yoast SEO plugin v26.4 - https:\/\/yoast.com\/wordpress\/plugins\/seo\/ -->\n<title>Sok z moreli t\u0142oczony na zimno - 200 ml - Wyborznatury<\/title>\n<meta name=\"robots\" content=\"index, follow, max-snippet:-1, max-image-preview:large, max-video-preview:-1\" \/>\n<link rel=\"canonical\" href=\"https:\/\/wyborznatury.pl\/produkt\/sok-z-moreli-tloczony-na-zimno-200-ml\/\" \/>\n<meta property=\"og:locale\" content=\"en_US\" \/>\n<meta property=\"og:type\" content=\"article\" \/>\n<meta property=\"og:title\" content=\"Sok z moreli t\u0142oczony na zimno - 200 ml - Wyborznatury\" \/>\n<meta property=\"og:description\" content=\"Odkryj wyj\u0105tkowy smak natury w ka\u017cdej kropli! Nasz sok z moreli t\u0142oczony na zimno w por\u0119cznej butelce o pojemno\u015bci 200 ml to esencja \u015bwie\u017co\u015bci i zdrowia. Wyprodukowany wy\u0142\u0105cznie z najwy\u017cszej jako\u015bci, dojrza\u0142ych moreli, t\u0142oczonych na zimno, zachowuje wszystkie naturalne witaminy, minera\u0142y i pe\u0142ni\u0119 owocowego aromatu. Dlaczego warto wybra\u0107? 100% naturalny sk\u0142ad \u2013 bez dodatku cukru,...\" \/>\n<meta property=\"og:url\" content=\"https:\/\/wyborznatury.pl\/produkt\/sok-z-moreli-tloczony-na-zimno-200-ml\/\" \/>\n<meta property=\"og:site_name\" content=\"Wyborznatury\" \/>\n<meta property=\"article:modified_time\" content=\"2026-04-26T16:51:11+00:00\" \/>\n<meta property=\"og:image\" content=\"https:\/\/wyborznatury.pl\/wp-content\/uploads\/2025\/01\/thumbnail_IMG_1362-scaled.jpg\" \/>\n\t<meta property=\"og:image:width\" content=\"1392\" \/>\n\t<meta property=\"og:image:height\" content=\"2560\" \/>\n\t<meta property=\"og:image:type\" content=\"image\/jpeg\" \/>\n<meta name=\"twitter:card\" content=\"summary_large_image\" \/>\n<meta name=\"twitter:label1\" content=\"Est. reading time\" \/>\n\t<meta name=\"twitter:data1\" content=\"1 minute\" \/>\n<script type=\"application\/ld+json\" class=\"yoast-schema-graph\">{\"@context\":\"https:\/\/schema.org\",\"@graph\":[{\"@type\":\"WebPage\",\"@id\":\"https:\/\/wyborznatury.pl\/produkt\/sok-z-moreli-tloczony-na-zimno-200-ml\/\",\"url\":\"https:\/\/wyborznatury.pl\/produkt\/sok-z-moreli-tloczony-na-zimno-200-ml\/\",\"name\":\"Sok z moreli t\u0142oczony na zimno - 200 ml - Wyborznatury\",\"isPartOf\":{\"@id\":\"https:\/\/wyborznatury.pl\/#website\"},\"primaryImageOfPage\":{\"@id\":\"https:\/\/wyborznatury.pl\/produkt\/sok-z-moreli-tloczony-na-zimno-200-ml\/#primaryimage\"},\"image\":{\"@id\":\"https:\/\/wyborznatury.pl\/produkt\/sok-z-moreli-tloczony-na-zimno-200-ml\/#primaryimage\"},\"thumbnailUrl\":\"https:\/\/wyborznatury.pl\/wp-content\/uploads\/2025\/01\/thumbnail_IMG_1362-scaled.jpg\",\"datePublished\":\"2025-01-16T11:19:08+00:00\",\"dateModified\":\"2026-04-26T16:51:11+00:00\",\"breadcrumb\":{\"@id\":\"https:\/\/wyborznatury.pl\/produkt\/sok-z-moreli-tloczony-na-zimno-200-ml\/#breadcrumb\"},\"inLanguage\":\"en-US\",\"potentialAction\":[{\"@type\":\"ReadAction\",\"target\":[\"https:\/\/wyborznatury.pl\/produkt\/sok-z-moreli-tloczony-na-zimno-200-ml\/\"]}]},{\"@type\":\"ImageObject\",\"inLanguage\":\"en-US\",\"@id\":\"https:\/\/wyborznatury.pl\/produkt\/sok-z-moreli-tloczony-na-zimno-200-ml\/#primaryimage\",\"url\":\"https:\/\/wyborznatury.pl\/wp-content\/uploads\/2025\/01\/thumbnail_IMG_1362-scaled.jpg\",\"contentUrl\":\"https:\/\/wyborznatury.pl\/wp-content\/uploads\/2025\/01\/thumbnail_IMG_1362-scaled.jpg\",\"width\":1392,\"height\":2560},{\"@type\":\"BreadcrumbList\",\"@id\":\"https:\/\/wyborznatury.pl\/produkt\/sok-z-moreli-tloczony-na-zimno-200-ml\/#breadcrumb\",\"itemListElement\":[{\"@type\":\"ListItem\",\"position\":1,\"name\":\"Home\",\"item\":\"https:\/\/wyborznatury.pl\/\"},{\"@type\":\"ListItem\",\"position\":2,\"name\":\"Sklep\",\"item\":\"https:\/\/wyborznatury.pl\/shop-2\/\"},{\"@type\":\"ListItem\",\"position\":3,\"name\":\"Sok z moreli t\u0142oczony na zimno &#8211; 200 ml\"}]},{\"@type\":\"WebSite\",\"@id\":\"https:\/\/wyborznatury.pl\/#website\",\"url\":\"https:\/\/wyborznatury.pl\/\",\"name\":\"Wyborznatury\",\"description\":\"Oficjalna prezentacja internetowa\",\"potentialAction\":[{\"@type\":\"SearchAction\",\"target\":{\"@type\":\"EntryPoint\",\"urlTemplate\":\"https:\/\/wyborznatury.pl\/?s={search_term_string}\"},\"query-input\":{\"@type\":\"PropertyValueSpecification\",\"valueRequired\":true,\"valueName\":\"search_term_string\"}}],\"inLanguage\":\"en-US\"}]}<\/script>\n<!-- \/ Yoast SEO plugin. -->","yoast_head_json":{"title":"Sok z moreli t\u0142oczony na zimno - 200 ml - Wyborznatury","robots":{"index":"index","follow":"follow","max-snippet":"max-snippet:-1","max-image-preview":"max-image-preview:large","max-video-preview":"max-video-preview:-1"},"canonical":"https:\/\/wyborznatury.pl\/produkt\/sok-z-moreli-tloczony-na-zimno-200-ml\/","og_locale":"en_US","og_type":"article","og_title":"Sok z moreli t\u0142oczony na zimno - 200 ml - Wyborznatury","og_description":"Odkryj wyj\u0105tkowy smak natury w ka\u017cdej kropli! Nasz sok z moreli t\u0142oczony na zimno w por\u0119cznej butelce o pojemno\u015bci 200 ml to esencja \u015bwie\u017co\u015bci i zdrowia. Wyprodukowany wy\u0142\u0105cznie z najwy\u017cszej jako\u015bci, dojrza\u0142ych moreli, t\u0142oczonych na zimno, zachowuje wszystkie naturalne witaminy, minera\u0142y i pe\u0142ni\u0119 owocowego aromatu. Dlaczego warto wybra\u0107? 100% naturalny sk\u0142ad \u2013 bez dodatku cukru,...","og_url":"https:\/\/wyborznatury.pl\/produkt\/sok-z-moreli-tloczony-na-zimno-200-ml\/","og_site_name":"Wyborznatury","article_modified_time":"2026-04-26T16:51:11+00:00","og_image":[{"width":1392,"height":2560,"url":"https:\/\/wyborznatury.pl\/wp-content\/uploads\/2025\/01\/thumbnail_IMG_1362-scaled.jpg","type":"image\/jpeg"}],"twitter_card":"summary_large_image","twitter_misc":{"Est. reading time":"1 minute"},"schema":{"@context":"https:\/\/schema.org","@graph":[{"@type":"WebPage","@id":"https:\/\/wyborznatury.pl\/produkt\/sok-z-moreli-tloczony-na-zimno-200-ml\/","url":"https:\/\/wyborznatury.pl\/produkt\/sok-z-moreli-tloczony-na-zimno-200-ml\/","name":"Sok z moreli t\u0142oczony na zimno - 200 ml - Wyborznatury","isPartOf":{"@id":"https:\/\/wyborznatury.pl\/#website"},"primaryImageOfPage":{"@id":"https:\/\/wyborznatury.pl\/produkt\/sok-z-moreli-tloczony-na-zimno-200-ml\/#primaryimage"},"image":{"@id":"https:\/\/wyborznatury.pl\/produkt\/sok-z-moreli-tloczony-na-zimno-200-ml\/#primaryimage"},"thumbnailUrl":"https:\/\/wyborznatury.pl\/wp-content\/uploads\/2025\/01\/thumbnail_IMG_1362-scaled.jpg","datePublished":"2025-01-16T11:19:08+00:00","dateModified":"2026-04-26T16:51:11+00:00","breadcrumb":{"@id":"https:\/\/wyborznatury.pl\/produkt\/sok-z-moreli-tloczony-na-zimno-200-ml\/#breadcrumb"},"inLanguage":"en-US","potentialAction":[{"@type":"ReadAction","target":["https:\/\/wyborznatury.pl\/produkt\/sok-z-moreli-tloczony-na-zimno-200-ml\/"]}]},{"@type":"ImageObject","inLanguage":"en-US","@id":"https:\/\/wyborznatury.pl\/produkt\/sok-z-moreli-tloczony-na-zimno-200-ml\/#primaryimage","url":"https:\/\/wyborznatury.pl\/wp-content\/uploads\/2025\/01\/thumbnail_IMG_1362-scaled.jpg","contentUrl":"https:\/\/wyborznatury.pl\/wp-content\/uploads\/2025\/01\/thumbnail_IMG_1362-scaled.jpg","width":1392,"height":2560},{"@type":"BreadcrumbList","@id":"https:\/\/wyborznatury.pl\/produkt\/sok-z-moreli-tloczony-na-zimno-200-ml\/#breadcrumb","itemListElement":[{"@type":"ListItem","position":1,"name":"Home","item":"https:\/\/wyborznatury.pl\/"},{"@type":"ListItem","position":2,"name":"Sklep","item":"https:\/\/wyborznatury.pl\/shop-2\/"},{"@type":"ListItem","position":3,"name":"Sok z moreli t\u0142oczony na zimno &#8211; 200 ml"}]},{"@type":"WebSite","@id":"https:\/\/wyborznatury.pl\/#website","url":"https:\/\/wyborznatury.pl\/","name":"Wyborznatury","description":"Oficjalna prezentacja internetowa","potentialAction":[{"@type":"SearchAction","target":{"@type":"EntryPoint","urlTemplate":"https:\/\/wyborznatury.pl\/?s={search_term_string}"},"query-input":{"@type":"PropertyValueSpecification","valueRequired":true,"valueName":"search_term_string"}}],"inLanguage":"en-US"}]}},"_links":{"self":[{"href":"https:\/\/wyborznatury.pl\/en\/wp-json\/wp\/v2\/product\/4832","targetHints":{"allow":["GET"]}}],"collection":[{"href":"https:\/\/wyborznatury.pl\/en\/wp-json\/wp\/v2\/product"}],"about":[{"href":"https:\/\/wyborznatury.pl\/en\/wp-json\/wp\/v2\/types\/product"}],"replies":[{"embeddable":true,"href":"https:\/\/wyborznatury.pl\/en\/wp-json\/wp\/v2\/comments?post=4832"}],"wp:featuredmedia":[{"embeddable":true,"href":"https:\/\/wyborznatury.pl\/en\/wp-json\/wp\/v2\/media\/4833"}],"wp:attachment":[{"href":"https:\/\/wyborznatury.pl\/en\/wp-json\/wp\/v2\/media?parent=4832"}],"wp:term":[{"taxonomy":"product_brand","embeddable":true,"href":"https:\/\/wyborznatury.pl\/en\/wp-json\/wp\/v2\/product_brand?post=4832"},{"taxonomy":"product_cat","embeddable":true,"href":"https:\/\/wyborznatury.pl\/en\/wp-json\/wp\/v2\/product_cat?post=4832"},{"taxonomy":"product_tag","embeddable":true,"href":"https:\/\/wyborznatury.pl\/en\/wp-json\/wp\/v2\/product_tag?post=4832"}],"curies":[{"name":"wp","href":"https:\/\/api.w.org\/{rel}","templated":true}]}}