{"id":4593,"date":"2024-10-18T11:20:13","date_gmt":"2024-10-18T11:20:13","guid":{"rendered":"https:\/\/wyborznatury.pl\/?post_type=product&#038;p=4593"},"modified":"2026-05-01T18:41:05","modified_gmt":"2026-05-01T18:41:05","slug":"sos-z-granatu-430g-sabirabad","status":"publish","type":"product","link":"https:\/\/wyborznatury.pl\/en\/produkt\/sos-z-granatu-430g-sabirabad\/","title":{"rendered":"Sos z granatu 430g \u2013 SABIRABAD"},"content":{"rendered":"<p><strong>Sos z Granatu \u2013 430g<\/strong><\/p>\n<p>Odkryj wyj\u0105tkowy smak sosu z granatu, kt\u00f3ry przeniesie Twoje dania na wy\u017cszy poziom kulinarnego doznania. Pochodz\u0105cy z Azerbejd\u017canu, ten sos \u0142\u0105czy w sobie intensywny aromat granat\u00f3w z doskona\u0142\u0105 jako\u015bci\u0105, co czyni go idealnym dodatkiem do mi\u0119s, sa\u0142atek, czy da\u0144 z grilla.<\/p>\n<p><strong>Dlaczego warto wybra\u0107 nasz sos z granatu?<\/strong><\/p>\n<ul>\n<li><strong>Autentyczny smak<\/strong>: Nasz sos z granatu jest przygotowywany z naturalnych sk\u0142adnik\u00f3w, bez dodatku konserwant\u00f3w czy sztucznych barwnik\u00f3w. Dzi\u0119ki temu mo\u017cesz cieszy\u0107 si\u0119 autentycznym smakiem granat\u00f3w w ka\u017cdej kropli.<\/li>\n<li><strong>Pochodzenie<\/strong>: Wykorzystujemy granaty z Azerbejd\u017canu, gdzie te owoce dojrzewaj\u0105 w idealnych warunkach, zapewniaj\u0105c niepowtarzalny, intensywny smak.<\/li>\n<li><strong>Wszechstronno\u015b\u0107<\/strong>: Sos doskonale komponuje si\u0119 z mi\u0119sami, zw\u0142aszcza grillowanymi i pieczonymi, ale r\u00f3wnie\u017c \u015bwietnie sprawdza si\u0119 jako dodatek do sa\u0142atek, ser\u00f3w czy marynat. Dodaje potrawom wyj\u0105tkowego, lekko kwaskowatego smaku oraz eleganckiego wygl\u0105du.<\/li>\n<li><strong>Naturalne sk\u0142adniki<\/strong>: Zawiera tylko najwy\u017cszej jako\u015bci sok z granat\u00f3w oraz naturalne przyprawy, kt\u00f3re podkre\u015blaj\u0105 jego smak bez zb\u0119dnych dodatk\u00f3w chemicznych.<\/li>\n<\/ul>\n<p><strong>Informacje dodatkowe:<\/strong><\/p>\n<ul>\n<li><strong>Pojemno\u015b\u0107<\/strong>: 250 ml<\/li>\n<li><strong>Sk\u0142ad<\/strong>: Sos z granat\u00f3w, naturalne przyprawy<\/li>\n<li><strong>Bez konserwant\u00f3w<\/strong>: Produkt naturalny, bez sztucznych dodatk\u00f3w.<\/li>\n<\/ul>\n<p>Podkre\u015bl smak ulubionych da\u0144 i zaskocz swoich go\u015bci wyj\u0105tkowym aromatem naszego sosu z granatu. Idealny dla ka\u017cdego, kto pragnie doda\u0107 odrobin\u0119 elegancji i oryginalno\u015bci do swojej kuchni!<\/p>\n","protected":false},"excerpt":{"rendered":"<p>Sos z Granatu \u2013 430g Odkryj wyj\u0105tkowy smak sosu z granatu, kt\u00f3ry przeniesie Twoje dania na wy\u017cszy poziom kulinarnego doznania. Pochodz\u0105cy z Azerbejd\u017canu, ten sos \u0142\u0105czy w sobie intensywny aromat granat\u00f3w z doskona\u0142\u0105 jako\u015bci\u0105, co czyni go idealnym dodatkiem do mi\u0119s, sa\u0142atek, czy da\u0144 z grilla. Dlaczego warto wybra\u0107 nasz sos z granatu? Autentyczny smak:&#8230;<\/p>\n","protected":false},"featured_media":4594,"comment_status":"open","ping_status":"closed","template":"","meta":{"_acf_changed":false},"product_brand":[],"product_cat":[36],"product_tag":[],"class_list":{"0":"post-4593","1":"product","2":"type-product","3":"status-publish","4":"has-post-thumbnail","6":"product_cat-produkty-azerskie","8":"first","9":"instock","10":"shipping-taxable","11":"purchasable","12":"product-type-simple"},"acf":[],"yoast_head":"<!-- This site is optimized with the Yoast SEO plugin v26.4 - https:\/\/yoast.com\/wordpress\/plugins\/seo\/ -->\n<title>Sos z granatu 430g \u2013 SABIRABAD - Wyborznatury<\/title>\n<meta name=\"robots\" content=\"index, follow, max-snippet:-1, max-image-preview:large, max-video-preview:-1\" \/>\n<link rel=\"canonical\" href=\"https:\/\/wyborznatury.pl\/produkt\/sos-z-granatu-430g-sabirabad\/\" \/>\n<meta property=\"og:locale\" content=\"en_US\" \/>\n<meta property=\"og:type\" content=\"article\" \/>\n<meta property=\"og:title\" content=\"Sos z granatu 430g \u2013 SABIRABAD - Wyborznatury\" \/>\n<meta property=\"og:description\" content=\"Sos z Granatu \u2013 430g Odkryj wyj\u0105tkowy smak sosu z granatu, kt\u00f3ry przeniesie Twoje dania na wy\u017cszy poziom kulinarnego doznania. Pochodz\u0105cy z Azerbejd\u017canu, ten sos \u0142\u0105czy w sobie intensywny aromat granat\u00f3w z doskona\u0142\u0105 jako\u015bci\u0105, co czyni go idealnym dodatkiem do mi\u0119s, sa\u0142atek, czy da\u0144 z grilla. Dlaczego warto wybra\u0107 nasz sos z granatu? Autentyczny smak:...\" \/>\n<meta property=\"og:url\" content=\"https:\/\/wyborznatury.pl\/produkt\/sos-z-granatu-430g-sabirabad\/\" \/>\n<meta property=\"og:site_name\" content=\"Wyborznatury\" \/>\n<meta property=\"article:modified_time\" content=\"2026-05-01T18:41:05+00:00\" \/>\n<meta property=\"og:image\" content=\"https:\/\/wyborznatury.pl\/wp-content\/uploads\/2024\/10\/Projekt-bez-nazwy-1-800x800-1.png\" \/>\n\t<meta property=\"og:image:width\" content=\"800\" \/>\n\t<meta property=\"og:image:height\" content=\"800\" \/>\n\t<meta property=\"og:image:type\" content=\"image\/png\" \/>\n<meta name=\"twitter:card\" content=\"summary_large_image\" \/>\n<meta name=\"twitter:label1\" content=\"Est. reading time\" \/>\n\t<meta name=\"twitter:data1\" content=\"2 minutes\" \/>\n<script type=\"application\/ld+json\" class=\"yoast-schema-graph\">{\"@context\":\"https:\/\/schema.org\",\"@graph\":[{\"@type\":\"WebPage\",\"@id\":\"https:\/\/wyborznatury.pl\/produkt\/sos-z-granatu-430g-sabirabad\/\",\"url\":\"https:\/\/wyborznatury.pl\/produkt\/sos-z-granatu-430g-sabirabad\/\",\"name\":\"Sos z granatu 430g \u2013 SABIRABAD - Wyborznatury\",\"isPartOf\":{\"@id\":\"https:\/\/wyborznatury.pl\/#website\"},\"primaryImageOfPage\":{\"@id\":\"https:\/\/wyborznatury.pl\/produkt\/sos-z-granatu-430g-sabirabad\/#primaryimage\"},\"image\":{\"@id\":\"https:\/\/wyborznatury.pl\/produkt\/sos-z-granatu-430g-sabirabad\/#primaryimage\"},\"thumbnailUrl\":\"https:\/\/wyborznatury.pl\/wp-content\/uploads\/2024\/10\/Projekt-bez-nazwy-1-800x800-1.png\",\"datePublished\":\"2024-10-18T11:20:13+00:00\",\"dateModified\":\"2026-05-01T18:41:05+00:00\",\"breadcrumb\":{\"@id\":\"https:\/\/wyborznatury.pl\/produkt\/sos-z-granatu-430g-sabirabad\/#breadcrumb\"},\"inLanguage\":\"en-US\",\"potentialAction\":[{\"@type\":\"ReadAction\",\"target\":[\"https:\/\/wyborznatury.pl\/produkt\/sos-z-granatu-430g-sabirabad\/\"]}]},{\"@type\":\"ImageObject\",\"inLanguage\":\"en-US\",\"@id\":\"https:\/\/wyborznatury.pl\/produkt\/sos-z-granatu-430g-sabirabad\/#primaryimage\",\"url\":\"https:\/\/wyborznatury.pl\/wp-content\/uploads\/2024\/10\/Projekt-bez-nazwy-1-800x800-1.png\",\"contentUrl\":\"https:\/\/wyborznatury.pl\/wp-content\/uploads\/2024\/10\/Projekt-bez-nazwy-1-800x800-1.png\",\"width\":800,\"height\":800},{\"@type\":\"BreadcrumbList\",\"@id\":\"https:\/\/wyborznatury.pl\/produkt\/sos-z-granatu-430g-sabirabad\/#breadcrumb\",\"itemListElement\":[{\"@type\":\"ListItem\",\"position\":1,\"name\":\"Home\",\"item\":\"https:\/\/wyborznatury.pl\/\"},{\"@type\":\"ListItem\",\"position\":2,\"name\":\"Sklep\",\"item\":\"https:\/\/wyborznatury.pl\/shop-2\/\"},{\"@type\":\"ListItem\",\"position\":3,\"name\":\"Sos z granatu 430g \u2013 SABIRABAD\"}]},{\"@type\":\"WebSite\",\"@id\":\"https:\/\/wyborznatury.pl\/#website\",\"url\":\"https:\/\/wyborznatury.pl\/\",\"name\":\"Wyborznatury\",\"description\":\"Oficjalna prezentacja internetowa\",\"potentialAction\":[{\"@type\":\"SearchAction\",\"target\":{\"@type\":\"EntryPoint\",\"urlTemplate\":\"https:\/\/wyborznatury.pl\/?s={search_term_string}\"},\"query-input\":{\"@type\":\"PropertyValueSpecification\",\"valueRequired\":true,\"valueName\":\"search_term_string\"}}],\"inLanguage\":\"en-US\"}]}<\/script>\n<!-- \/ Yoast SEO plugin. -->","yoast_head_json":{"title":"Sos z granatu 430g \u2013 SABIRABAD - Wyborznatury","robots":{"index":"index","follow":"follow","max-snippet":"max-snippet:-1","max-image-preview":"max-image-preview:large","max-video-preview":"max-video-preview:-1"},"canonical":"https:\/\/wyborznatury.pl\/produkt\/sos-z-granatu-430g-sabirabad\/","og_locale":"en_US","og_type":"article","og_title":"Sos z granatu 430g \u2013 SABIRABAD - Wyborznatury","og_description":"Sos z Granatu \u2013 430g Odkryj wyj\u0105tkowy smak sosu z granatu, kt\u00f3ry przeniesie Twoje dania na wy\u017cszy poziom kulinarnego doznania. Pochodz\u0105cy z Azerbejd\u017canu, ten sos \u0142\u0105czy w sobie intensywny aromat granat\u00f3w z doskona\u0142\u0105 jako\u015bci\u0105, co czyni go idealnym dodatkiem do mi\u0119s, sa\u0142atek, czy da\u0144 z grilla. Dlaczego warto wybra\u0107 nasz sos z granatu? Autentyczny smak:...","og_url":"https:\/\/wyborznatury.pl\/produkt\/sos-z-granatu-430g-sabirabad\/","og_site_name":"Wyborznatury","article_modified_time":"2026-05-01T18:41:05+00:00","og_image":[{"width":800,"height":800,"url":"https:\/\/wyborznatury.pl\/wp-content\/uploads\/2024\/10\/Projekt-bez-nazwy-1-800x800-1.png","type":"image\/png"}],"twitter_card":"summary_large_image","twitter_misc":{"Est. reading time":"2 minutes"},"schema":{"@context":"https:\/\/schema.org","@graph":[{"@type":"WebPage","@id":"https:\/\/wyborznatury.pl\/produkt\/sos-z-granatu-430g-sabirabad\/","url":"https:\/\/wyborznatury.pl\/produkt\/sos-z-granatu-430g-sabirabad\/","name":"Sos z granatu 430g \u2013 SABIRABAD - Wyborznatury","isPartOf":{"@id":"https:\/\/wyborznatury.pl\/#website"},"primaryImageOfPage":{"@id":"https:\/\/wyborznatury.pl\/produkt\/sos-z-granatu-430g-sabirabad\/#primaryimage"},"image":{"@id":"https:\/\/wyborznatury.pl\/produkt\/sos-z-granatu-430g-sabirabad\/#primaryimage"},"thumbnailUrl":"https:\/\/wyborznatury.pl\/wp-content\/uploads\/2024\/10\/Projekt-bez-nazwy-1-800x800-1.png","datePublished":"2024-10-18T11:20:13+00:00","dateModified":"2026-05-01T18:41:05+00:00","breadcrumb":{"@id":"https:\/\/wyborznatury.pl\/produkt\/sos-z-granatu-430g-sabirabad\/#breadcrumb"},"inLanguage":"en-US","potentialAction":[{"@type":"ReadAction","target":["https:\/\/wyborznatury.pl\/produkt\/sos-z-granatu-430g-sabirabad\/"]}]},{"@type":"ImageObject","inLanguage":"en-US","@id":"https:\/\/wyborznatury.pl\/produkt\/sos-z-granatu-430g-sabirabad\/#primaryimage","url":"https:\/\/wyborznatury.pl\/wp-content\/uploads\/2024\/10\/Projekt-bez-nazwy-1-800x800-1.png","contentUrl":"https:\/\/wyborznatury.pl\/wp-content\/uploads\/2024\/10\/Projekt-bez-nazwy-1-800x800-1.png","width":800,"height":800},{"@type":"BreadcrumbList","@id":"https:\/\/wyborznatury.pl\/produkt\/sos-z-granatu-430g-sabirabad\/#breadcrumb","itemListElement":[{"@type":"ListItem","position":1,"name":"Home","item":"https:\/\/wyborznatury.pl\/"},{"@type":"ListItem","position":2,"name":"Sklep","item":"https:\/\/wyborznatury.pl\/shop-2\/"},{"@type":"ListItem","position":3,"name":"Sos z granatu 430g \u2013 SABIRABAD"}]},{"@type":"WebSite","@id":"https:\/\/wyborznatury.pl\/#website","url":"https:\/\/wyborznatury.pl\/","name":"Wyborznatury","description":"Oficjalna prezentacja internetowa","potentialAction":[{"@type":"SearchAction","target":{"@type":"EntryPoint","urlTemplate":"https:\/\/wyborznatury.pl\/?s={search_term_string}"},"query-input":{"@type":"PropertyValueSpecification","valueRequired":true,"valueName":"search_term_string"}}],"inLanguage":"en-US"}]}},"_links":{"self":[{"href":"https:\/\/wyborznatury.pl\/en\/wp-json\/wp\/v2\/product\/4593","targetHints":{"allow":["GET"]}}],"collection":[{"href":"https:\/\/wyborznatury.pl\/en\/wp-json\/wp\/v2\/product"}],"about":[{"href":"https:\/\/wyborznatury.pl\/en\/wp-json\/wp\/v2\/types\/product"}],"replies":[{"embeddable":true,"href":"https:\/\/wyborznatury.pl\/en\/wp-json\/wp\/v2\/comments?post=4593"}],"wp:featuredmedia":[{"embeddable":true,"href":"https:\/\/wyborznatury.pl\/en\/wp-json\/wp\/v2\/media\/4594"}],"wp:attachment":[{"href":"https:\/\/wyborznatury.pl\/en\/wp-json\/wp\/v2\/media?parent=4593"}],"wp:term":[{"taxonomy":"product_brand","embeddable":true,"href":"https:\/\/wyborznatury.pl\/en\/wp-json\/wp\/v2\/product_brand?post=4593"},{"taxonomy":"product_cat","embeddable":true,"href":"https:\/\/wyborznatury.pl\/en\/wp-json\/wp\/v2\/product_cat?post=4593"},{"taxonomy":"product_tag","embeddable":true,"href":"https:\/\/wyborznatury.pl\/en\/wp-json\/wp\/v2\/product_tag?post=4593"}],"curies":[{"name":"wp","href":"https:\/\/api.w.org\/{rel}","templated":true}]}}