{"id":4277,"date":"2024-04-25T14:21:17","date_gmt":"2024-04-25T14:21:17","guid":{"rendered":"https:\/\/wyborznatury.pl\/?post_type=product&#038;p=4277"},"modified":"2026-05-16T15:15:53","modified_gmt":"2026-05-16T15:15:53","slug":"pionir-negro-cukierki-100g","status":"publish","type":"product","link":"https:\/\/wyborznatury.pl\/en\/produkt\/pionir-negro-cukierki-100g\/","title":{"rendered":"Cukierki zio\u0142owe Negro 100g Pionir"},"content":{"rendered":"<div class=\"flex-1 overflow-hidden\">\n<div class=\"react-scroll-to-bottom--css-dctex-79elbk h-full\">\n<div class=\"react-scroll-to-bottom--css-dctex-1n7m0yu\">\n<div>\n<div class=\"flex flex-col text-sm pb-9\">\n<div class=\"w-full text-token-text-primary\" dir=\"auto\" data-testid=\"conversation-turn-15\">\n<div class=\"px-4 py-2 justify-center text-base md:gap-6 m-auto\">\n<div class=\"flex flex-1 text-base mx-auto gap-3 juice:gap-4 juice:md:gap-6 md:px-5 lg:px-1 xl:px-5 md:max-w-3xl lg:max-w-[40rem] xl:max-w-[48rem]\">\n<div class=\"relative flex w-full min-w-0 flex-col agent-turn\">\n<div class=\"flex-col gap-1 md:gap-3\">\n<div class=\"flex flex-grow flex-col max-w-full\">\n<div class=\"min-h-[20px] text-message flex flex-col items-start gap-3 whitespace-pre-wrap break-words [.text-message+&amp;]:mt-5 overflow-x-auto\" dir=\"auto\" data-message-author-role=\"assistant\" data-message-id=\"370d5daa-5510-407a-bdc4-ed3fcdfcb425\">\n<div class=\"markdown prose w-full break-words dark:prose-invert dark\">\n<p>Negro bombone to twarde cukierki z intensywnym, zio\u0142owym smakiem, kt\u00f3re sta\u0142y si\u0119 popularne w regionie Ba\u0142kan\u00f3w. Te cukierki s\u0105 znane ze swojego charakterystycznego czarnego koloru i mocnego smaku, cz\u0119sto por\u00f3wnywanego do lukrecji lub any\u017cu. Negro s\u0105 twarde, co sprawia, \u017ce idealnie nadaj\u0105 si\u0119 do d\u0142ugiego ssania, stopniowo uwalniaj\u0105c swoje intensywne aromaty.<\/p>\n<p>Te cukierki ciesz\u0105 si\u0119 popularno\u015bci\u0105 w\u015br\u00f3d os\u00f3b, kt\u00f3re lubi\u0105 zio\u0142owe smaki i szukaj\u0105 cukierk\u00f3w o wyj\u0105tkowym charakterze. S\u0105 r\u00f3wnie\u017c u\u017cywane jako od\u015bwie\u017cacze oddechu i mog\u0105 by\u0107 koj\u0105ce dla gard\u0142a, dzi\u0119ki zawarto\u015bci sk\u0142adnik\u00f3w, kt\u00f3re pomagaj\u0105 w utrzymaniu \u015bwie\u017co\u015bci i \u0142agodz\u0105 lekkie podra\u017cnienia.<\/p>\n<p>Negro s\u0105 idealne do noszenia przy sobie, dzi\u0119ki kompaktowym opakowaniom, kt\u00f3re mo\u017cna \u0142atwo zmie\u015bci\u0107 w torebce czy kieszeni. To popularny wyb\u00f3r dla tych, kt\u00f3rzy lubi\u0105 klasyczne cukierki o wyrazistym, zio\u0142owym smaku.<\/p>\n<\/div>\n<\/div>\n<\/div>\n<div class=\"mt-1 flex gap-3 empty:hidden\">\n<div class=\"text-gray-400 flex self-end lg:self-center items-center justify-center lg:justify-start mt-0 -ml-1 h-7 gap-[2px] visible\">\n<p>&nbsp;<\/p>\n<div class=\"flex items-center gap-1.5 text-xs\"><\/div>\n<div class=\"flex\"><\/div>\n<\/div>\n<\/div>\n<div class=\"pr-2 lg:pr-0\"><\/div>\n<\/div>\n<div class=\"absolute\">\n<div class=\"flex w-full gap-2 items-center justify-center\"><\/div>\n<\/div>\n<\/div>\n<\/div>\n<\/div>\n<\/div>\n<\/div>\n<\/div>\n<\/div>\n<\/div>\n<\/div>\n<div class=\"w-full pt-2 md:pt-0 dark:border-white\/20 md:border-transparent md:dark:border-transparent md:w-[calc(100%-.5rem)]\">\n<div class=\"relative flex h-full max-w-full flex-1 flex-col\">\n<div class=\"absolute bottom-full left-0 right-0\"><\/div>\n<div class=\"flex w-full items-center\"><\/div>\n<\/div>\n<\/div>\n","protected":false},"excerpt":{"rendered":"<p>Negro bombone to twarde cukierki z intensywnym, zio\u0142owym smakiem, kt\u00f3re sta\u0142y si\u0119 popularne w regionie Ba\u0142kan\u00f3w. Te cukierki s\u0105 znane ze swojego charakterystycznego czarnego koloru i mocnego smaku, cz\u0119sto por\u00f3wnywanego do lukrecji lub any\u017cu. Negro s\u0105 twarde, co sprawia, \u017ce idealnie nadaj\u0105 si\u0119 do d\u0142ugiego ssania, stopniowo uwalniaj\u0105c swoje intensywne aromaty. Te cukierki ciesz\u0105 si\u0119&#8230;<\/p>\n","protected":false},"featured_media":4255,"comment_status":"open","ping_status":"closed","template":"","meta":{"_acf_changed":false},"product_brand":[],"product_cat":[82],"product_tag":[],"class_list":{"0":"post-4277","1":"product","2":"type-product","3":"status-publish","4":"has-post-thumbnail","6":"product_cat-produkty-balkanskie","8":"first","9":"instock","10":"shipping-taxable","11":"purchasable","12":"product-type-simple"},"acf":[],"yoast_head":"<!-- This site is optimized with the Yoast SEO plugin v26.4 - https:\/\/yoast.com\/wordpress\/plugins\/seo\/ -->\n<title>Cukierki zio\u0142owe Negro 100g Pionir - Wyborznatury<\/title>\n<meta name=\"robots\" content=\"index, follow, max-snippet:-1, max-image-preview:large, max-video-preview:-1\" \/>\n<link rel=\"canonical\" href=\"https:\/\/wyborznatury.pl\/produkt\/pionir-negro-cukierki-100g\/\" \/>\n<meta property=\"og:locale\" content=\"en_US\" \/>\n<meta property=\"og:type\" content=\"article\" \/>\n<meta property=\"og:title\" content=\"Cukierki zio\u0142owe Negro 100g Pionir - Wyborznatury\" \/>\n<meta property=\"og:description\" content=\"Negro bombone to twarde cukierki z intensywnym, zio\u0142owym smakiem, kt\u00f3re sta\u0142y si\u0119 popularne w regionie Ba\u0142kan\u00f3w. Te cukierki s\u0105 znane ze swojego charakterystycznego czarnego koloru i mocnego smaku, cz\u0119sto por\u00f3wnywanego do lukrecji lub any\u017cu. Negro s\u0105 twarde, co sprawia, \u017ce idealnie nadaj\u0105 si\u0119 do d\u0142ugiego ssania, stopniowo uwalniaj\u0105c swoje intensywne aromaty. Te cukierki ciesz\u0105 si\u0119...\" \/>\n<meta property=\"og:url\" content=\"https:\/\/wyborznatury.pl\/produkt\/pionir-negro-cukierki-100g\/\" \/>\n<meta property=\"og:site_name\" content=\"Wyborznatury\" \/>\n<meta property=\"article:modified_time\" content=\"2026-05-16T15:15:53+00:00\" \/>\n<meta property=\"og:image\" content=\"https:\/\/wyborznatury.pl\/wp-content\/uploads\/2024\/04\/negro.jpg\" \/>\n\t<meta property=\"og:image:width\" content=\"276\" \/>\n\t<meta property=\"og:image:height\" content=\"312\" \/>\n\t<meta property=\"og:image:type\" content=\"image\/jpeg\" \/>\n<meta name=\"twitter:card\" content=\"summary_large_image\" \/>\n<meta name=\"twitter:label1\" content=\"Est. reading time\" \/>\n\t<meta name=\"twitter:data1\" content=\"1 minute\" \/>\n<script type=\"application\/ld+json\" class=\"yoast-schema-graph\">{\"@context\":\"https:\/\/schema.org\",\"@graph\":[{\"@type\":\"WebPage\",\"@id\":\"https:\/\/wyborznatury.pl\/produkt\/pionir-negro-cukierki-100g\/\",\"url\":\"https:\/\/wyborznatury.pl\/produkt\/pionir-negro-cukierki-100g\/\",\"name\":\"Cukierki zio\u0142owe Negro 100g Pionir - Wyborznatury\",\"isPartOf\":{\"@id\":\"https:\/\/wyborznatury.pl\/#website\"},\"primaryImageOfPage\":{\"@id\":\"https:\/\/wyborznatury.pl\/produkt\/pionir-negro-cukierki-100g\/#primaryimage\"},\"image\":{\"@id\":\"https:\/\/wyborznatury.pl\/produkt\/pionir-negro-cukierki-100g\/#primaryimage\"},\"thumbnailUrl\":\"https:\/\/wyborznatury.pl\/wp-content\/uploads\/2024\/04\/negro.jpg\",\"datePublished\":\"2024-04-25T14:21:17+00:00\",\"dateModified\":\"2026-05-16T15:15:53+00:00\",\"breadcrumb\":{\"@id\":\"https:\/\/wyborznatury.pl\/produkt\/pionir-negro-cukierki-100g\/#breadcrumb\"},\"inLanguage\":\"en-US\",\"potentialAction\":[{\"@type\":\"ReadAction\",\"target\":[\"https:\/\/wyborznatury.pl\/produkt\/pionir-negro-cukierki-100g\/\"]}]},{\"@type\":\"ImageObject\",\"inLanguage\":\"en-US\",\"@id\":\"https:\/\/wyborznatury.pl\/produkt\/pionir-negro-cukierki-100g\/#primaryimage\",\"url\":\"https:\/\/wyborznatury.pl\/wp-content\/uploads\/2024\/04\/negro.jpg\",\"contentUrl\":\"https:\/\/wyborznatury.pl\/wp-content\/uploads\/2024\/04\/negro.jpg\",\"width\":276,\"height\":312},{\"@type\":\"BreadcrumbList\",\"@id\":\"https:\/\/wyborznatury.pl\/produkt\/pionir-negro-cukierki-100g\/#breadcrumb\",\"itemListElement\":[{\"@type\":\"ListItem\",\"position\":1,\"name\":\"Home\",\"item\":\"https:\/\/wyborznatury.pl\/\"},{\"@type\":\"ListItem\",\"position\":2,\"name\":\"Sklep\",\"item\":\"https:\/\/wyborznatury.pl\/shop-2\/\"},{\"@type\":\"ListItem\",\"position\":3,\"name\":\"Cukierki zio\u0142owe Negro 100g Pionir\"}]},{\"@type\":\"WebSite\",\"@id\":\"https:\/\/wyborznatury.pl\/#website\",\"url\":\"https:\/\/wyborznatury.pl\/\",\"name\":\"Wyborznatury\",\"description\":\"Oficjalna prezentacja internetowa\",\"potentialAction\":[{\"@type\":\"SearchAction\",\"target\":{\"@type\":\"EntryPoint\",\"urlTemplate\":\"https:\/\/wyborznatury.pl\/?s={search_term_string}\"},\"query-input\":{\"@type\":\"PropertyValueSpecification\",\"valueRequired\":true,\"valueName\":\"search_term_string\"}}],\"inLanguage\":\"en-US\"}]}<\/script>\n<!-- \/ Yoast SEO plugin. -->","yoast_head_json":{"title":"Cukierki zio\u0142owe Negro 100g Pionir - Wyborznatury","robots":{"index":"index","follow":"follow","max-snippet":"max-snippet:-1","max-image-preview":"max-image-preview:large","max-video-preview":"max-video-preview:-1"},"canonical":"https:\/\/wyborznatury.pl\/produkt\/pionir-negro-cukierki-100g\/","og_locale":"en_US","og_type":"article","og_title":"Cukierki zio\u0142owe Negro 100g Pionir - Wyborznatury","og_description":"Negro bombone to twarde cukierki z intensywnym, zio\u0142owym smakiem, kt\u00f3re sta\u0142y si\u0119 popularne w regionie Ba\u0142kan\u00f3w. Te cukierki s\u0105 znane ze swojego charakterystycznego czarnego koloru i mocnego smaku, cz\u0119sto por\u00f3wnywanego do lukrecji lub any\u017cu. Negro s\u0105 twarde, co sprawia, \u017ce idealnie nadaj\u0105 si\u0119 do d\u0142ugiego ssania, stopniowo uwalniaj\u0105c swoje intensywne aromaty. Te cukierki ciesz\u0105 si\u0119...","og_url":"https:\/\/wyborznatury.pl\/produkt\/pionir-negro-cukierki-100g\/","og_site_name":"Wyborznatury","article_modified_time":"2026-05-16T15:15:53+00:00","og_image":[{"width":276,"height":312,"url":"https:\/\/wyborznatury.pl\/wp-content\/uploads\/2024\/04\/negro.jpg","type":"image\/jpeg"}],"twitter_card":"summary_large_image","twitter_misc":{"Est. reading time":"1 minute"},"schema":{"@context":"https:\/\/schema.org","@graph":[{"@type":"WebPage","@id":"https:\/\/wyborznatury.pl\/produkt\/pionir-negro-cukierki-100g\/","url":"https:\/\/wyborznatury.pl\/produkt\/pionir-negro-cukierki-100g\/","name":"Cukierki zio\u0142owe Negro 100g Pionir - Wyborznatury","isPartOf":{"@id":"https:\/\/wyborznatury.pl\/#website"},"primaryImageOfPage":{"@id":"https:\/\/wyborznatury.pl\/produkt\/pionir-negro-cukierki-100g\/#primaryimage"},"image":{"@id":"https:\/\/wyborznatury.pl\/produkt\/pionir-negro-cukierki-100g\/#primaryimage"},"thumbnailUrl":"https:\/\/wyborznatury.pl\/wp-content\/uploads\/2024\/04\/negro.jpg","datePublished":"2024-04-25T14:21:17+00:00","dateModified":"2026-05-16T15:15:53+00:00","breadcrumb":{"@id":"https:\/\/wyborznatury.pl\/produkt\/pionir-negro-cukierki-100g\/#breadcrumb"},"inLanguage":"en-US","potentialAction":[{"@type":"ReadAction","target":["https:\/\/wyborznatury.pl\/produkt\/pionir-negro-cukierki-100g\/"]}]},{"@type":"ImageObject","inLanguage":"en-US","@id":"https:\/\/wyborznatury.pl\/produkt\/pionir-negro-cukierki-100g\/#primaryimage","url":"https:\/\/wyborznatury.pl\/wp-content\/uploads\/2024\/04\/negro.jpg","contentUrl":"https:\/\/wyborznatury.pl\/wp-content\/uploads\/2024\/04\/negro.jpg","width":276,"height":312},{"@type":"BreadcrumbList","@id":"https:\/\/wyborznatury.pl\/produkt\/pionir-negro-cukierki-100g\/#breadcrumb","itemListElement":[{"@type":"ListItem","position":1,"name":"Home","item":"https:\/\/wyborznatury.pl\/"},{"@type":"ListItem","position":2,"name":"Sklep","item":"https:\/\/wyborznatury.pl\/shop-2\/"},{"@type":"ListItem","position":3,"name":"Cukierki zio\u0142owe Negro 100g Pionir"}]},{"@type":"WebSite","@id":"https:\/\/wyborznatury.pl\/#website","url":"https:\/\/wyborznatury.pl\/","name":"Wyborznatury","description":"Oficjalna prezentacja internetowa","potentialAction":[{"@type":"SearchAction","target":{"@type":"EntryPoint","urlTemplate":"https:\/\/wyborznatury.pl\/?s={search_term_string}"},"query-input":{"@type":"PropertyValueSpecification","valueRequired":true,"valueName":"search_term_string"}}],"inLanguage":"en-US"}]}},"_links":{"self":[{"href":"https:\/\/wyborznatury.pl\/en\/wp-json\/wp\/v2\/product\/4277","targetHints":{"allow":["GET"]}}],"collection":[{"href":"https:\/\/wyborznatury.pl\/en\/wp-json\/wp\/v2\/product"}],"about":[{"href":"https:\/\/wyborznatury.pl\/en\/wp-json\/wp\/v2\/types\/product"}],"replies":[{"embeddable":true,"href":"https:\/\/wyborznatury.pl\/en\/wp-json\/wp\/v2\/comments?post=4277"}],"wp:featuredmedia":[{"embeddable":true,"href":"https:\/\/wyborznatury.pl\/en\/wp-json\/wp\/v2\/media\/4255"}],"wp:attachment":[{"href":"https:\/\/wyborznatury.pl\/en\/wp-json\/wp\/v2\/media?parent=4277"}],"wp:term":[{"taxonomy":"product_brand","embeddable":true,"href":"https:\/\/wyborznatury.pl\/en\/wp-json\/wp\/v2\/product_brand?post=4277"},{"taxonomy":"product_cat","embeddable":true,"href":"https:\/\/wyborznatury.pl\/en\/wp-json\/wp\/v2\/product_cat?post=4277"},{"taxonomy":"product_tag","embeddable":true,"href":"https:\/\/wyborznatury.pl\/en\/wp-json\/wp\/v2\/product_tag?post=4277"}],"curies":[{"name":"wp","href":"https:\/\/api.w.org\/{rel}","templated":true}]}}