{"id":4271,"date":"2024-04-25T13:59:03","date_gmt":"2024-04-25T13:59:03","guid":{"rendered":"https:\/\/wyborznatury.pl\/?post_type=product&#038;p=4271"},"modified":"2026-04-17T09:36:02","modified_gmt":"2026-04-17T09:36:02","slug":"bambi-lane-biscuits-300g-plazma-keks","status":"publish","type":"product","link":"https:\/\/wyborznatury.pl\/en\/produkt\/bambi-lane-biscuits-300g-plazma-keks\/","title":{"rendered":"Bambi Lane biszkopty z witaminami PLAZMA 300g"},"content":{"rendered":"<p><strong data-start=\"111\" data-end=\"174\">Lane Biscuits Bambi 300g \u2013 Delikatne biszkopty z witaminami<\/strong><\/p>\n<p class=\"\" data-start=\"176\" data-end=\"394\">Lane to klasyczne, lekkie biszkopty od renomowanej marki <strong data-start=\"233\" data-end=\"242\">Bambi<\/strong>, znanej i cenionej na ca\u0142ych Ba\u0142kanach. Ich subtelnie s\u0142odki smak i puszysta konsystencja sprawiaj\u0105, \u017ce s\u0105 idealne zar\u00f3wno dla dzieci, jak i doros\u0142ych.<\/p>\n<p class=\"\" data-start=\"396\" data-end=\"412\">\ud83d\udd38 Doskona\u0142e do:<\/p>\n<ul data-start=\"413\" data-end=\"522\">\n<li class=\"\" data-start=\"413\" data-end=\"440\">\n<p class=\"\" data-start=\"415\" data-end=\"440\">kawy, herbaty lub mleka<\/p>\n<\/li>\n<li class=\"\" data-start=\"441\" data-end=\"479\">\n<p class=\"\" data-start=\"443\" data-end=\"479\">deser\u00f3w (tiramisu, serniki, torty)<\/p>\n<\/li>\n<li class=\"\" data-start=\"480\" data-end=\"522\">\n<p class=\"\" data-start=\"482\" data-end=\"522\">jako pierwsze ciastka dla najm\u0142odszych<\/p>\n<\/li>\n<\/ul>\n<p class=\"\" data-start=\"524\" data-end=\"549\">\ud83d\udd38 Wzbogacone o witaminy:<\/p>\n<ul data-start=\"550\" data-end=\"609\">\n<li class=\"\" data-start=\"550\" data-end=\"570\">\n<p class=\"\" data-start=\"552\" data-end=\"570\"><strong data-start=\"552\" data-end=\"568\">Niacyna (B3)<\/strong><\/p>\n<\/li>\n<li class=\"\" data-start=\"571\" data-end=\"591\">\n<p class=\"\" data-start=\"573\" data-end=\"591\"><strong data-start=\"573\" data-end=\"589\">Tiamina (B1)<\/strong><\/p>\n<\/li>\n<li class=\"\" data-start=\"592\" data-end=\"609\">\n<p class=\"\" data-start=\"594\" data-end=\"609\"><strong data-start=\"594\" data-end=\"609\">Witamina B6<\/strong><\/p>\n<\/li>\n<\/ul>\n<p class=\"\" data-start=\"611\" data-end=\"687\">To nie tylko pyszna przek\u0105ska, ale te\u017c \u017ar\u00f3d\u0142o cennych sk\u0142adnik\u00f3w od\u017cywczych.<\/p>\n<p class=\"\" data-start=\"689\" data-end=\"793\">\u2705 Bez dodatku sztucznych barwnik\u00f3w<br data-start=\"723\" data-end=\"726\" \/>\u2705 \u0141agodny smak, idealny dla dzieci<br data-start=\"760\" data-end=\"763\" \/>\u2705 Produkt importowany z Serbii<\/p>\n<p class=\"\" data-start=\"795\" data-end=\"870\"><strong data-start=\"795\" data-end=\"810\">Waga netto:<\/strong> 300 g<br data-start=\"816\" data-end=\"819\" \/><strong data-start=\"819\" data-end=\"833\">Producent:<\/strong> Bambi<br data-start=\"839\" data-end=\"842\" \/><strong data-start=\"842\" data-end=\"863\">Kraj pochodzenia:<\/strong> Serbia<\/p>\n","protected":false},"excerpt":{"rendered":"<p>Lane Biscuits Bambi 300g \u2013 Delikatne biszkopty z witaminami Lane to klasyczne, lekkie biszkopty od renomowanej marki Bambi, znanej i cenionej na ca\u0142ych Ba\u0142kanach. Ich subtelnie s\u0142odki smak i puszysta konsystencja sprawiaj\u0105, \u017ce s\u0105 idealne zar\u00f3wno dla dzieci, jak i doros\u0142ych. \ud83d\udd38 Doskona\u0142e do: kawy, herbaty lub mleka deser\u00f3w (tiramisu, serniki, torty) jako pierwsze ciastka&#8230;<\/p>\n","protected":false},"featured_media":4246,"comment_status":"open","ping_status":"closed","template":"","meta":{"_acf_changed":false},"product_brand":[],"product_cat":[82],"product_tag":[],"class_list":{"0":"post-4271","1":"product","2":"type-product","3":"status-publish","4":"has-post-thumbnail","6":"product_cat-produkty-balkanskie","8":"first","9":"instock","10":"shipping-taxable","11":"purchasable","12":"product-type-simple"},"acf":[],"yoast_head":"<!-- This site is optimized with the Yoast SEO plugin v26.4 - https:\/\/yoast.com\/wordpress\/plugins\/seo\/ -->\n<title>Bambi Lane biszkopty z witaminami PLAZMA 300g - Wyborznatury<\/title>\n<meta name=\"robots\" content=\"index, follow, max-snippet:-1, max-image-preview:large, max-video-preview:-1\" \/>\n<link rel=\"canonical\" href=\"https:\/\/wyborznatury.pl\/produkt\/bambi-lane-biscuits-300g-plazma-keks\/\" \/>\n<meta property=\"og:locale\" content=\"en_US\" \/>\n<meta property=\"og:type\" content=\"article\" \/>\n<meta property=\"og:title\" content=\"Bambi Lane biszkopty z witaminami PLAZMA 300g - Wyborznatury\" \/>\n<meta property=\"og:description\" content=\"Lane Biscuits Bambi 300g \u2013 Delikatne biszkopty z witaminami Lane to klasyczne, lekkie biszkopty od renomowanej marki Bambi, znanej i cenionej na ca\u0142ych Ba\u0142kanach. Ich subtelnie s\u0142odki smak i puszysta konsystencja sprawiaj\u0105, \u017ce s\u0105 idealne zar\u00f3wno dla dzieci, jak i doros\u0142ych. \ud83d\udd38 Doskona\u0142e do: kawy, herbaty lub mleka deser\u00f3w (tiramisu, serniki, torty) jako pierwsze ciastka...\" \/>\n<meta property=\"og:url\" content=\"https:\/\/wyborznatury.pl\/produkt\/bambi-lane-biscuits-300g-plazma-keks\/\" \/>\n<meta property=\"og:site_name\" content=\"Wyborznatury\" \/>\n<meta property=\"article:modified_time\" content=\"2026-04-17T09:36:02+00:00\" \/>\n<meta property=\"og:image\" content=\"https:\/\/wyborznatury.pl\/wp-content\/uploads\/2024\/04\/lane-300g.webp\" \/>\n\t<meta property=\"og:image:width\" content=\"1005\" \/>\n\t<meta property=\"og:image:height\" content=\"1004\" \/>\n\t<meta property=\"og:image:type\" content=\"image\/webp\" \/>\n<meta name=\"twitter:card\" content=\"summary_large_image\" \/>\n<meta name=\"twitter:label1\" content=\"Est. reading time\" \/>\n\t<meta name=\"twitter:data1\" content=\"1 minute\" \/>\n<script type=\"application\/ld+json\" class=\"yoast-schema-graph\">{\"@context\":\"https:\/\/schema.org\",\"@graph\":[{\"@type\":\"WebPage\",\"@id\":\"https:\/\/wyborznatury.pl\/produkt\/bambi-lane-biscuits-300g-plazma-keks\/\",\"url\":\"https:\/\/wyborznatury.pl\/produkt\/bambi-lane-biscuits-300g-plazma-keks\/\",\"name\":\"Bambi Lane biszkopty z witaminami PLAZMA 300g - Wyborznatury\",\"isPartOf\":{\"@id\":\"https:\/\/wyborznatury.pl\/#website\"},\"primaryImageOfPage\":{\"@id\":\"https:\/\/wyborznatury.pl\/produkt\/bambi-lane-biscuits-300g-plazma-keks\/#primaryimage\"},\"image\":{\"@id\":\"https:\/\/wyborznatury.pl\/produkt\/bambi-lane-biscuits-300g-plazma-keks\/#primaryimage\"},\"thumbnailUrl\":\"https:\/\/wyborznatury.pl\/wp-content\/uploads\/2024\/04\/lane-300g.webp\",\"datePublished\":\"2024-04-25T13:59:03+00:00\",\"dateModified\":\"2026-04-17T09:36:02+00:00\",\"breadcrumb\":{\"@id\":\"https:\/\/wyborznatury.pl\/produkt\/bambi-lane-biscuits-300g-plazma-keks\/#breadcrumb\"},\"inLanguage\":\"en-US\",\"potentialAction\":[{\"@type\":\"ReadAction\",\"target\":[\"https:\/\/wyborznatury.pl\/produkt\/bambi-lane-biscuits-300g-plazma-keks\/\"]}]},{\"@type\":\"ImageObject\",\"inLanguage\":\"en-US\",\"@id\":\"https:\/\/wyborznatury.pl\/produkt\/bambi-lane-biscuits-300g-plazma-keks\/#primaryimage\",\"url\":\"https:\/\/wyborznatury.pl\/wp-content\/uploads\/2024\/04\/lane-300g.webp\",\"contentUrl\":\"https:\/\/wyborznatury.pl\/wp-content\/uploads\/2024\/04\/lane-300g.webp\",\"width\":1005,\"height\":1004},{\"@type\":\"BreadcrumbList\",\"@id\":\"https:\/\/wyborznatury.pl\/produkt\/bambi-lane-biscuits-300g-plazma-keks\/#breadcrumb\",\"itemListElement\":[{\"@type\":\"ListItem\",\"position\":1,\"name\":\"Home\",\"item\":\"https:\/\/wyborznatury.pl\/\"},{\"@type\":\"ListItem\",\"position\":2,\"name\":\"Sklep\",\"item\":\"https:\/\/wyborznatury.pl\/shop-2\/\"},{\"@type\":\"ListItem\",\"position\":3,\"name\":\"Bambi Lane biszkopty z witaminami PLAZMA 300g\"}]},{\"@type\":\"WebSite\",\"@id\":\"https:\/\/wyborznatury.pl\/#website\",\"url\":\"https:\/\/wyborznatury.pl\/\",\"name\":\"Wyborznatury\",\"description\":\"Oficjalna prezentacja internetowa\",\"potentialAction\":[{\"@type\":\"SearchAction\",\"target\":{\"@type\":\"EntryPoint\",\"urlTemplate\":\"https:\/\/wyborznatury.pl\/?s={search_term_string}\"},\"query-input\":{\"@type\":\"PropertyValueSpecification\",\"valueRequired\":true,\"valueName\":\"search_term_string\"}}],\"inLanguage\":\"en-US\"}]}<\/script>\n<!-- \/ Yoast SEO plugin. -->","yoast_head_json":{"title":"Bambi Lane biszkopty z witaminami PLAZMA 300g - Wyborznatury","robots":{"index":"index","follow":"follow","max-snippet":"max-snippet:-1","max-image-preview":"max-image-preview:large","max-video-preview":"max-video-preview:-1"},"canonical":"https:\/\/wyborznatury.pl\/produkt\/bambi-lane-biscuits-300g-plazma-keks\/","og_locale":"en_US","og_type":"article","og_title":"Bambi Lane biszkopty z witaminami PLAZMA 300g - Wyborznatury","og_description":"Lane Biscuits Bambi 300g \u2013 Delikatne biszkopty z witaminami Lane to klasyczne, lekkie biszkopty od renomowanej marki Bambi, znanej i cenionej na ca\u0142ych Ba\u0142kanach. Ich subtelnie s\u0142odki smak i puszysta konsystencja sprawiaj\u0105, \u017ce s\u0105 idealne zar\u00f3wno dla dzieci, jak i doros\u0142ych. \ud83d\udd38 Doskona\u0142e do: kawy, herbaty lub mleka deser\u00f3w (tiramisu, serniki, torty) jako pierwsze ciastka...","og_url":"https:\/\/wyborznatury.pl\/produkt\/bambi-lane-biscuits-300g-plazma-keks\/","og_site_name":"Wyborznatury","article_modified_time":"2026-04-17T09:36:02+00:00","og_image":[{"width":1005,"height":1004,"url":"https:\/\/wyborznatury.pl\/wp-content\/uploads\/2024\/04\/lane-300g.webp","type":"image\/webp"}],"twitter_card":"summary_large_image","twitter_misc":{"Est. reading time":"1 minute"},"schema":{"@context":"https:\/\/schema.org","@graph":[{"@type":"WebPage","@id":"https:\/\/wyborznatury.pl\/produkt\/bambi-lane-biscuits-300g-plazma-keks\/","url":"https:\/\/wyborznatury.pl\/produkt\/bambi-lane-biscuits-300g-plazma-keks\/","name":"Bambi Lane biszkopty z witaminami PLAZMA 300g - Wyborznatury","isPartOf":{"@id":"https:\/\/wyborznatury.pl\/#website"},"primaryImageOfPage":{"@id":"https:\/\/wyborznatury.pl\/produkt\/bambi-lane-biscuits-300g-plazma-keks\/#primaryimage"},"image":{"@id":"https:\/\/wyborznatury.pl\/produkt\/bambi-lane-biscuits-300g-plazma-keks\/#primaryimage"},"thumbnailUrl":"https:\/\/wyborznatury.pl\/wp-content\/uploads\/2024\/04\/lane-300g.webp","datePublished":"2024-04-25T13:59:03+00:00","dateModified":"2026-04-17T09:36:02+00:00","breadcrumb":{"@id":"https:\/\/wyborznatury.pl\/produkt\/bambi-lane-biscuits-300g-plazma-keks\/#breadcrumb"},"inLanguage":"en-US","potentialAction":[{"@type":"ReadAction","target":["https:\/\/wyborznatury.pl\/produkt\/bambi-lane-biscuits-300g-plazma-keks\/"]}]},{"@type":"ImageObject","inLanguage":"en-US","@id":"https:\/\/wyborznatury.pl\/produkt\/bambi-lane-biscuits-300g-plazma-keks\/#primaryimage","url":"https:\/\/wyborznatury.pl\/wp-content\/uploads\/2024\/04\/lane-300g.webp","contentUrl":"https:\/\/wyborznatury.pl\/wp-content\/uploads\/2024\/04\/lane-300g.webp","width":1005,"height":1004},{"@type":"BreadcrumbList","@id":"https:\/\/wyborznatury.pl\/produkt\/bambi-lane-biscuits-300g-plazma-keks\/#breadcrumb","itemListElement":[{"@type":"ListItem","position":1,"name":"Home","item":"https:\/\/wyborznatury.pl\/"},{"@type":"ListItem","position":2,"name":"Sklep","item":"https:\/\/wyborznatury.pl\/shop-2\/"},{"@type":"ListItem","position":3,"name":"Bambi Lane biszkopty z witaminami PLAZMA 300g"}]},{"@type":"WebSite","@id":"https:\/\/wyborznatury.pl\/#website","url":"https:\/\/wyborznatury.pl\/","name":"Wyborznatury","description":"Oficjalna prezentacja internetowa","potentialAction":[{"@type":"SearchAction","target":{"@type":"EntryPoint","urlTemplate":"https:\/\/wyborznatury.pl\/?s={search_term_string}"},"query-input":{"@type":"PropertyValueSpecification","valueRequired":true,"valueName":"search_term_string"}}],"inLanguage":"en-US"}]}},"_links":{"self":[{"href":"https:\/\/wyborznatury.pl\/en\/wp-json\/wp\/v2\/product\/4271","targetHints":{"allow":["GET"]}}],"collection":[{"href":"https:\/\/wyborznatury.pl\/en\/wp-json\/wp\/v2\/product"}],"about":[{"href":"https:\/\/wyborznatury.pl\/en\/wp-json\/wp\/v2\/types\/product"}],"replies":[{"embeddable":true,"href":"https:\/\/wyborznatury.pl\/en\/wp-json\/wp\/v2\/comments?post=4271"}],"wp:featuredmedia":[{"embeddable":true,"href":"https:\/\/wyborznatury.pl\/en\/wp-json\/wp\/v2\/media\/4246"}],"wp:attachment":[{"href":"https:\/\/wyborznatury.pl\/en\/wp-json\/wp\/v2\/media?parent=4271"}],"wp:term":[{"taxonomy":"product_brand","embeddable":true,"href":"https:\/\/wyborznatury.pl\/en\/wp-json\/wp\/v2\/product_brand?post=4271"},{"taxonomy":"product_cat","embeddable":true,"href":"https:\/\/wyborznatury.pl\/en\/wp-json\/wp\/v2\/product_cat?post=4271"},{"taxonomy":"product_tag","embeddable":true,"href":"https:\/\/wyborznatury.pl\/en\/wp-json\/wp\/v2\/product_tag?post=4271"}],"curies":[{"name":"wp","href":"https:\/\/api.w.org\/{rel}","templated":true}]}}