{"id":3229,"date":"2023-06-29T14:28:37","date_gmt":"2023-06-29T14:28:37","guid":{"rendered":"https:\/\/wyborznatury.pl\/?post_type=product&#038;p=3229"},"modified":"2026-04-01T12:25:50","modified_gmt":"2026-04-01T12:25:50","slug":"bambi-lane-biscuits-600g-plazma-keks","status":"publish","type":"product","link":"https:\/\/wyborznatury.pl\/en\/produkt\/bambi-lane-biscuits-600g-plazma-keks\/","title":{"rendered":"Bambi Lane biscuits posna 300g Plazma keks"},"content":{"rendered":"<p>Plazma keks posna to wersja popularnego Plazma keksa, kt\u00f3ra jest dostosowana do specjalnych wymaga\u0144 \u017cywieniowych i dietetycznych. Ten posny keks jest przeznaczony dla os\u00f3b unikaj\u0105cych spo\u017cywania produkt\u00f3w pochodzenia zwierz\u0119cego lub kt\u00f3re stosuj\u0105 postne lub wega\u0144skie metody od\u017cywiania.<\/p>\n<p>Plazma keks posna zachowuje charakterystyczn\u0105 tekstur\u0119 i smak oryginalnego Plazma keksa, ale do produkcji u\u017cywa si\u0119 ro\u015blinnych sk\u0142adnik\u00f3w zamiast sk\u0142adnik\u00f3w pochodzenia zwierz\u0119cego. Keks jest cienki, chrupi\u0105cy i ma liczne dziurki na powierzchni.<\/p>\n<p>Ten posny keks jest cz\u0119sto spo\u017cywany jako samodzielna s\u0142odka przek\u0105ska, posny przek\u0105ska lub u\u017cywany do przygotowywania posnych deser\u00f3w. Mo\u017ce by\u0107 podawany z ro\u015blinnym mlekiem, owocami lub jako sk\u0142adnik w posnych recepturach. Plazma keks posna to idealna opcja dla os\u00f3b praktykuj\u0105cych posty lub preferuj\u0105cych ro\u015blinne alternatywy w swojej diecie.<\/p>\n","protected":false},"excerpt":{"rendered":"<p>Plazma keks posna to wersja popularnego Plazma keksa, kt\u00f3ra jest dostosowana do specjalnych wymaga\u0144 \u017cywieniowych i dietetycznych. Ten posny keks jest przeznaczony dla os\u00f3b unikaj\u0105cych spo\u017cywania produkt\u00f3w pochodzenia zwierz\u0119cego lub kt\u00f3re stosuj\u0105 postne lub wega\u0144skie metody od\u017cywiania. Plazma keks posna zachowuje charakterystyczn\u0105 tekstur\u0119 i smak oryginalnego Plazma keksa, ale do produkcji u\u017cywa si\u0119 ro\u015blinnych sk\u0142adnik\u00f3w&#8230;<\/p>\n","protected":false},"featured_media":3233,"comment_status":"open","ping_status":"closed","template":"","meta":{"_acf_changed":false},"product_brand":[],"product_cat":[82],"product_tag":[],"class_list":{"0":"post-3229","1":"product","2":"type-product","3":"status-publish","4":"has-post-thumbnail","6":"product_cat-produkty-balkanskie","8":"first","9":"instock","10":"shipping-taxable","11":"purchasable","12":"product-type-simple"},"acf":[],"yoast_head":"<!-- This site is optimized with the Yoast SEO plugin v26.4 - https:\/\/yoast.com\/wordpress\/plugins\/seo\/ -->\n<title>Bambi Lane biscuits posna 300g Plazma keks - Wyborznatury<\/title>\n<meta name=\"robots\" content=\"index, follow, max-snippet:-1, max-image-preview:large, max-video-preview:-1\" \/>\n<link rel=\"canonical\" href=\"https:\/\/wyborznatury.pl\/produkt\/bambi-lane-biscuits-600g-plazma-keks\/\" \/>\n<meta property=\"og:locale\" content=\"en_US\" \/>\n<meta property=\"og:type\" content=\"article\" \/>\n<meta property=\"og:title\" content=\"Bambi Lane biscuits posna 300g Plazma keks - Wyborznatury\" \/>\n<meta property=\"og:description\" content=\"Plazma keks posna to wersja popularnego Plazma keksa, kt\u00f3ra jest dostosowana do specjalnych wymaga\u0144 \u017cywieniowych i dietetycznych. Ten posny keks jest przeznaczony dla os\u00f3b unikaj\u0105cych spo\u017cywania produkt\u00f3w pochodzenia zwierz\u0119cego lub kt\u00f3re stosuj\u0105 postne lub wega\u0144skie metody od\u017cywiania. Plazma keks posna zachowuje charakterystyczn\u0105 tekstur\u0119 i smak oryginalnego Plazma keksa, ale do produkcji u\u017cywa si\u0119 ro\u015blinnych sk\u0142adnik\u00f3w...\" \/>\n<meta property=\"og:url\" content=\"https:\/\/wyborznatury.pl\/produkt\/bambi-lane-biscuits-600g-plazma-keks\/\" \/>\n<meta property=\"og:site_name\" content=\"Wyborznatury\" \/>\n<meta property=\"article:modified_time\" content=\"2026-04-01T12:25:50+00:00\" \/>\n<meta property=\"og:image\" content=\"https:\/\/wyborznatury.pl\/wp-content\/uploads\/2023\/06\/image_0fdadeca-642b-4565-9559-08e2ed134882.webp\" \/>\n\t<meta property=\"og:image:width\" content=\"500\" \/>\n\t<meta property=\"og:image:height\" content=\"500\" \/>\n\t<meta property=\"og:image:type\" content=\"image\/webp\" \/>\n<meta name=\"twitter:card\" content=\"summary_large_image\" \/>\n<meta name=\"twitter:label1\" content=\"Est. reading time\" \/>\n\t<meta name=\"twitter:data1\" content=\"1 minute\" \/>\n<script type=\"application\/ld+json\" class=\"yoast-schema-graph\">{\"@context\":\"https:\/\/schema.org\",\"@graph\":[{\"@type\":\"WebPage\",\"@id\":\"https:\/\/wyborznatury.pl\/produkt\/bambi-lane-biscuits-600g-plazma-keks\/\",\"url\":\"https:\/\/wyborznatury.pl\/produkt\/bambi-lane-biscuits-600g-plazma-keks\/\",\"name\":\"Bambi Lane biscuits posna 300g Plazma keks - Wyborznatury\",\"isPartOf\":{\"@id\":\"https:\/\/wyborznatury.pl\/#website\"},\"primaryImageOfPage\":{\"@id\":\"https:\/\/wyborznatury.pl\/produkt\/bambi-lane-biscuits-600g-plazma-keks\/#primaryimage\"},\"image\":{\"@id\":\"https:\/\/wyborznatury.pl\/produkt\/bambi-lane-biscuits-600g-plazma-keks\/#primaryimage\"},\"thumbnailUrl\":\"https:\/\/wyborznatury.pl\/wp-content\/uploads\/2023\/06\/image_0fdadeca-642b-4565-9559-08e2ed134882.webp\",\"datePublished\":\"2023-06-29T14:28:37+00:00\",\"dateModified\":\"2026-04-01T12:25:50+00:00\",\"breadcrumb\":{\"@id\":\"https:\/\/wyborznatury.pl\/produkt\/bambi-lane-biscuits-600g-plazma-keks\/#breadcrumb\"},\"inLanguage\":\"en-US\",\"potentialAction\":[{\"@type\":\"ReadAction\",\"target\":[\"https:\/\/wyborznatury.pl\/produkt\/bambi-lane-biscuits-600g-plazma-keks\/\"]}]},{\"@type\":\"ImageObject\",\"inLanguage\":\"en-US\",\"@id\":\"https:\/\/wyborznatury.pl\/produkt\/bambi-lane-biscuits-600g-plazma-keks\/#primaryimage\",\"url\":\"https:\/\/wyborznatury.pl\/wp-content\/uploads\/2023\/06\/image_0fdadeca-642b-4565-9559-08e2ed134882.webp\",\"contentUrl\":\"https:\/\/wyborznatury.pl\/wp-content\/uploads\/2023\/06\/image_0fdadeca-642b-4565-9559-08e2ed134882.webp\",\"width\":500,\"height\":500},{\"@type\":\"BreadcrumbList\",\"@id\":\"https:\/\/wyborznatury.pl\/produkt\/bambi-lane-biscuits-600g-plazma-keks\/#breadcrumb\",\"itemListElement\":[{\"@type\":\"ListItem\",\"position\":1,\"name\":\"Home\",\"item\":\"https:\/\/wyborznatury.pl\/\"},{\"@type\":\"ListItem\",\"position\":2,\"name\":\"Sklep\",\"item\":\"https:\/\/wyborznatury.pl\/shop-2\/\"},{\"@type\":\"ListItem\",\"position\":3,\"name\":\"Bambi Lane biscuits posna 300g Plazma keks\"}]},{\"@type\":\"WebSite\",\"@id\":\"https:\/\/wyborznatury.pl\/#website\",\"url\":\"https:\/\/wyborznatury.pl\/\",\"name\":\"Wyborznatury\",\"description\":\"Oficjalna prezentacja internetowa\",\"potentialAction\":[{\"@type\":\"SearchAction\",\"target\":{\"@type\":\"EntryPoint\",\"urlTemplate\":\"https:\/\/wyborznatury.pl\/?s={search_term_string}\"},\"query-input\":{\"@type\":\"PropertyValueSpecification\",\"valueRequired\":true,\"valueName\":\"search_term_string\"}}],\"inLanguage\":\"en-US\"}]}<\/script>\n<!-- \/ Yoast SEO plugin. -->","yoast_head_json":{"title":"Bambi Lane biscuits posna 300g Plazma keks - Wyborznatury","robots":{"index":"index","follow":"follow","max-snippet":"max-snippet:-1","max-image-preview":"max-image-preview:large","max-video-preview":"max-video-preview:-1"},"canonical":"https:\/\/wyborznatury.pl\/produkt\/bambi-lane-biscuits-600g-plazma-keks\/","og_locale":"en_US","og_type":"article","og_title":"Bambi Lane biscuits posna 300g Plazma keks - Wyborznatury","og_description":"Plazma keks posna to wersja popularnego Plazma keksa, kt\u00f3ra jest dostosowana do specjalnych wymaga\u0144 \u017cywieniowych i dietetycznych. Ten posny keks jest przeznaczony dla os\u00f3b unikaj\u0105cych spo\u017cywania produkt\u00f3w pochodzenia zwierz\u0119cego lub kt\u00f3re stosuj\u0105 postne lub wega\u0144skie metody od\u017cywiania. Plazma keks posna zachowuje charakterystyczn\u0105 tekstur\u0119 i smak oryginalnego Plazma keksa, ale do produkcji u\u017cywa si\u0119 ro\u015blinnych sk\u0142adnik\u00f3w...","og_url":"https:\/\/wyborznatury.pl\/produkt\/bambi-lane-biscuits-600g-plazma-keks\/","og_site_name":"Wyborznatury","article_modified_time":"2026-04-01T12:25:50+00:00","og_image":[{"width":500,"height":500,"url":"https:\/\/wyborznatury.pl\/wp-content\/uploads\/2023\/06\/image_0fdadeca-642b-4565-9559-08e2ed134882.webp","type":"image\/webp"}],"twitter_card":"summary_large_image","twitter_misc":{"Est. reading time":"1 minute"},"schema":{"@context":"https:\/\/schema.org","@graph":[{"@type":"WebPage","@id":"https:\/\/wyborznatury.pl\/produkt\/bambi-lane-biscuits-600g-plazma-keks\/","url":"https:\/\/wyborznatury.pl\/produkt\/bambi-lane-biscuits-600g-plazma-keks\/","name":"Bambi Lane biscuits posna 300g Plazma keks - Wyborznatury","isPartOf":{"@id":"https:\/\/wyborznatury.pl\/#website"},"primaryImageOfPage":{"@id":"https:\/\/wyborznatury.pl\/produkt\/bambi-lane-biscuits-600g-plazma-keks\/#primaryimage"},"image":{"@id":"https:\/\/wyborznatury.pl\/produkt\/bambi-lane-biscuits-600g-plazma-keks\/#primaryimage"},"thumbnailUrl":"https:\/\/wyborznatury.pl\/wp-content\/uploads\/2023\/06\/image_0fdadeca-642b-4565-9559-08e2ed134882.webp","datePublished":"2023-06-29T14:28:37+00:00","dateModified":"2026-04-01T12:25:50+00:00","breadcrumb":{"@id":"https:\/\/wyborznatury.pl\/produkt\/bambi-lane-biscuits-600g-plazma-keks\/#breadcrumb"},"inLanguage":"en-US","potentialAction":[{"@type":"ReadAction","target":["https:\/\/wyborznatury.pl\/produkt\/bambi-lane-biscuits-600g-plazma-keks\/"]}]},{"@type":"ImageObject","inLanguage":"en-US","@id":"https:\/\/wyborznatury.pl\/produkt\/bambi-lane-biscuits-600g-plazma-keks\/#primaryimage","url":"https:\/\/wyborznatury.pl\/wp-content\/uploads\/2023\/06\/image_0fdadeca-642b-4565-9559-08e2ed134882.webp","contentUrl":"https:\/\/wyborznatury.pl\/wp-content\/uploads\/2023\/06\/image_0fdadeca-642b-4565-9559-08e2ed134882.webp","width":500,"height":500},{"@type":"BreadcrumbList","@id":"https:\/\/wyborznatury.pl\/produkt\/bambi-lane-biscuits-600g-plazma-keks\/#breadcrumb","itemListElement":[{"@type":"ListItem","position":1,"name":"Home","item":"https:\/\/wyborznatury.pl\/"},{"@type":"ListItem","position":2,"name":"Sklep","item":"https:\/\/wyborznatury.pl\/shop-2\/"},{"@type":"ListItem","position":3,"name":"Bambi Lane biscuits posna 300g Plazma keks"}]},{"@type":"WebSite","@id":"https:\/\/wyborznatury.pl\/#website","url":"https:\/\/wyborznatury.pl\/","name":"Wyborznatury","description":"Oficjalna prezentacja internetowa","potentialAction":[{"@type":"SearchAction","target":{"@type":"EntryPoint","urlTemplate":"https:\/\/wyborznatury.pl\/?s={search_term_string}"},"query-input":{"@type":"PropertyValueSpecification","valueRequired":true,"valueName":"search_term_string"}}],"inLanguage":"en-US"}]}},"_links":{"self":[{"href":"https:\/\/wyborznatury.pl\/en\/wp-json\/wp\/v2\/product\/3229","targetHints":{"allow":["GET"]}}],"collection":[{"href":"https:\/\/wyborznatury.pl\/en\/wp-json\/wp\/v2\/product"}],"about":[{"href":"https:\/\/wyborznatury.pl\/en\/wp-json\/wp\/v2\/types\/product"}],"replies":[{"embeddable":true,"href":"https:\/\/wyborznatury.pl\/en\/wp-json\/wp\/v2\/comments?post=3229"}],"wp:featuredmedia":[{"embeddable":true,"href":"https:\/\/wyborznatury.pl\/en\/wp-json\/wp\/v2\/media\/3233"}],"wp:attachment":[{"href":"https:\/\/wyborznatury.pl\/en\/wp-json\/wp\/v2\/media?parent=3229"}],"wp:term":[{"taxonomy":"product_brand","embeddable":true,"href":"https:\/\/wyborznatury.pl\/en\/wp-json\/wp\/v2\/product_brand?post=3229"},{"taxonomy":"product_cat","embeddable":true,"href":"https:\/\/wyborznatury.pl\/en\/wp-json\/wp\/v2\/product_cat?post=3229"},{"taxonomy":"product_tag","embeddable":true,"href":"https:\/\/wyborznatury.pl\/en\/wp-json\/wp\/v2\/product_tag?post=3229"}],"curies":[{"name":"wp","href":"https:\/\/api.w.org\/{rel}","templated":true}]}}